{"id":1112,"date":"2023-05-11T13:29:45","date_gmt":"2023-05-11T10:29:45","guid":{"rendered":"https:\/\/gbni.usm.md\/?page_id=1112"},"modified":"2023-05-11T13:30:23","modified_gmt":"2023-05-11T10:30:23","slug":"index-seminum","status":"publish","type":"page","link":"https:\/\/gbni.usm.md\/?page_id=1112","title":{"rendered":"Index seminum"},"content":{"rendered":"<p>Rolul Gr\u0103dinilor Botanice \u00een conservarea diversit\u0103\u0163ii plantelor a fost recunoscut\u0103 de-a lungul timpului \u015fi \u00een prezent este accentuat\u0103 \u00een diferite documente interna\u0163ionale. Contribu\u0163ia Gr\u0103dinilor Botanice la implementarea Strategiei Globale de Conservare a Biodiversit\u0103\u0163ii vizeaz\u0103 o serie de direc\u0163ii de importan\u0163\u0103 prioritar\u0103, una din ele fiind conservarea ex-situ &#8211; prin crearea colec\u0163iilor de semin\u0163e. Colec\u0163ia de semin\u0163e a Gr\u0103dinii Botanice reune\u015fte semin\u0163ele provenite de la speciile din flora spontan\u0103, speciile din colec\u0163iile vii de teren \u00eenchis \u015fi de teren deschis. Obiectivul principal al colec\u0163iei este conservarea semin\u0163elor pe termen scurt, deoarece dot\u0103rile nu permit condi\u0163ii optime de p\u0103strare pe termen mediu \u015fi lung. Datele de identificare a semin\u0163elor colectate sunt utilizate \u00een vederea edit\u0103rii catalogului de semin\u0163e. Conform conven\u0163iilor interna\u0163ionale semin\u0163ele sunt oferite pentru schimb interna\u0163ional numai \u00een scopuri \u015ftiin\u0163ifice. Gr\u0103dina Botanic\u0103 (I) a A\u015eM , prin intermediul Laboratorului Flora spontan\u0103 \u015fi Ierbar, efectuaz\u0103 schimb interna\u0163ional de semin\u0163e cu institu\u0163iile similare de profil europene:<br \/>\nAdresa: str. Padurii, 18, MD-2002, Chisinau, Republica Moldova.<\/p>\n<p>Telefon: (+373 22) 55-04-43; 52-38-98; 55-61-45; 55-91-36<br \/>\nFax: (+37322) 55-04-43<br \/>\nE-mail: <a href=\"mailto:indexseminum.gbn@gmail.com\">indexseminum.gbn@gmail.com<\/a><\/p>\n<p><a href=\"https:\/\/gbni.usm.md\/wp-content\/uploads\/2023\/05\/delectus-2018-19.pdf\"><em>\u00a0Delectus Seminum\u00a0<\/em>2018-2019<\/a><\/p>\n<p><a href=\"https:\/\/gbni.usm.md\/wp-content\/uploads\/2023\/05\/IndexSeminum-GBNI-MD-2020.pdf\"><em>Delectus Seminum\u00a0<\/em>2020-2021<\/a><\/p>\n<p><\/p>\n<p><\/p>","protected":false},"excerpt":{"rendered":"<p>Rolul Gr\u0103dinilor Botanice \u00een conservarea diversit\u0103\u0163ii plantelor a fost recunoscut\u0103 de-a lungul timpului \u015fi \u00een prezent este accentuat\u0103 \u00een diferite documente interna\u0163ionale. Contribu\u0163ia Gr\u0103dinilor Botanice la implementarea Strategiei Globale de Conservare a Biodiversit\u0103\u0163ii vizeaz\u0103 o serie de direc\u0163ii de importan\u0163\u0103 prioritar\u0103, una din ele fiind conservarea ex-situ &#8211; prin crearea colec\u0163iilor de semin\u0163e. Colec\u0163ia de&hellip; <br \/> <a class=\"read-more\" href=\"https:\/\/gbni.usm.md\/?page_id=1112\">Cite\u0219te mai mult<\/a><\/p>\n","protected":false},"author":1,"featured_media":0,"parent":0,"menu_order":0,"comment_status":"closed","ping_status":"closed","template":"","meta":{"footnotes":""},"class_list":["post-1112","page","type-page","status-publish","hentry"],"rttpg_featured_image_url":null,"rttpg_author":{"display_name":"","author_link":"https:\/\/gbni.usm.md\/?author=1"},"rttpg_comment":0,"rttpg_category":null,"rttpg_excerpt":"Rolul Gr\u0103dinilor Botanice \u00een conservarea diversit\u0103\u0163ii plantelor a fost recunoscut\u0103 de-a lungul timpului \u015fi \u00een prezent este accentuat\u0103 \u00een diferite documente interna\u0163ionale. Contribu\u0163ia Gr\u0103dinilor Botanice la implementarea Strategiei Globale de Conservare a Biodiversit\u0103\u0163ii vizeaz\u0103 o serie de direc\u0163ii de importan\u0163\u0103 prioritar\u0103, una din ele fiind conservarea ex-situ &#8211; prin crearea colec\u0163iilor de semin\u0163e. Colec\u0163ia de&hellip;&hellip;","_links":{"self":[{"href":"https:\/\/gbni.usm.md\/index.php?rest_route=\/wp\/v2\/pages\/1112","targetHints":{"allow":["GET"]}}],"collection":[{"href":"https:\/\/gbni.usm.md\/index.php?rest_route=\/wp\/v2\/pages"}],"about":[{"href":"https:\/\/gbni.usm.md\/index.php?rest_route=\/wp\/v2\/types\/page"}],"author":[{"embeddable":true,"href":"https:\/\/gbni.usm.md\/index.php?rest_route=\/wp\/v2\/users\/1"}],"replies":[{"embeddable":true,"href":"https:\/\/gbni.usm.md\/index.php?rest_route=%2Fwp%2Fv2%2Fcomments&post=1112"}],"version-history":[{"count":2,"href":"https:\/\/gbni.usm.md\/index.php?rest_route=\/wp\/v2\/pages\/1112\/revisions"}],"predecessor-version":[{"id":1116,"href":"https:\/\/gbni.usm.md\/index.php?rest_route=\/wp\/v2\/pages\/1112\/revisions\/1116"}],"wp:attachment":[{"href":"https:\/\/gbni.usm.md\/index.php?rest_route=%2Fwp%2Fv2%2Fmedia&parent=1112"}],"curies":[{"name":"wp","href":"https:\/\/api.w.org\/{rel}","templated":true}]}}