{"id":1140,"date":"2023-05-11T13:51:23","date_gmt":"2023-05-11T10:51:23","guid":{"rendered":"https:\/\/gbni.usm.md\/?page_id=1140"},"modified":"2023-05-11T13:51:23","modified_gmt":"2023-05-11T10:51:23","slug":"colaborarea-internationala","status":"publish","type":"page","link":"https:\/\/gbni.usm.md\/?page_id=1140","title":{"rendered":"Colaborarea interna\u0163ional\u0103"},"content":{"rendered":"<p><\/p>\n<ul>\n<li><a href=\"https:\/\/gbni.usm.md\/?page_id=1149\">Schimbul de semin\u0163e dintre Gr\u0103dina Botanic\u0103 (Institut) a A\u015eM \u015fi institu\u0163iile similare de profil europene<\/a><\/li>\n<li><a href=\"https:\/\/gbni.usm.md\/?page_id=1154\">\u201eIni\u0163iativa trans-frontalier\u0103 pentru dezvoltarea unui spa\u0163iu ludic prin intermediul artei topiare pentru scopuri educative \u015fi de relaxare (TopArt)\u201d<\/a><\/li>\n<li><a href=\"https:\/\/gbni.usm.md\/?page_id=1157\">\u201eFundamentarea principiilor \u015fi metodologiilor de proiectare \u00een vederea valorific\u0103rii spa\u0163iilor verzi \u015fi terenurilor degradate cu impact asupra reducerii polu\u0103rii mediului \u00een contextul integr\u0103rii \u00een platforma european\u0103 de management durabil al resurselor \u015fi reconstruc\u0163iei ecologice \u00een conformitate cu normele \u015fi standardele UE.\u201d<\/a><\/li>\n<li><a href=\"https:\/\/gbni.usm.md\/?page_id=1160\">13.820.18.04\/RoA \u2013 Evaluarea \u015fi caracterizarea resurselor genetice la specii de Lamiaceae cu poten\u0163ial antiinflamator, \u00een vederea conserv\u0103rii in situ \u015fi ex situ (Acronim: EGRE-LAIC)<\/a><\/li>\n<li>IZ73Z0_152265\u2013 Capitalization of the natural potential of several medicinal and aromatic species in the Artemisia genus with economic and ecological value in Moldova(Acronym: REART)<\/li>\n<\/ul>\n<p><\/p>","protected":false},"excerpt":{"rendered":"<p>Schimbul de semin\u0163e dintre Gr\u0103dina Botanic\u0103 (Institut) a A\u015eM \u015fi institu\u0163iile similare de profil europene \u201eIni\u0163iativa trans-frontalier\u0103 pentru dezvoltarea unui spa\u0163iu ludic prin intermediul artei topiare pentru scopuri educative \u015fi de relaxare (TopArt)\u201d \u201eFundamentarea principiilor \u015fi metodologiilor de proiectare \u00een vederea valorific\u0103rii spa\u0163iilor verzi \u015fi terenurilor degradate cu impact asupra reducerii polu\u0103rii mediului \u00een contextul&hellip; <br \/> <a class=\"read-more\" href=\"https:\/\/gbni.usm.md\/?page_id=1140\">Cite\u0219te mai mult<\/a><\/p>\n","protected":false},"author":1,"featured_media":0,"parent":0,"menu_order":0,"comment_status":"closed","ping_status":"closed","template":"","meta":{"footnotes":""},"class_list":["post-1140","page","type-page","status-publish","hentry"],"rttpg_featured_image_url":null,"rttpg_author":{"display_name":"","author_link":"https:\/\/gbni.usm.md\/?author=1"},"rttpg_comment":0,"rttpg_category":null,"rttpg_excerpt":"Schimbul de semin\u0163e dintre Gr\u0103dina Botanic\u0103 (Institut) a A\u015eM \u015fi institu\u0163iile similare de profil europene \u201eIni\u0163iativa trans-frontalier\u0103 pentru dezvoltarea unui spa\u0163iu ludic prin intermediul artei topiare pentru scopuri educative \u015fi de relaxare (TopArt)\u201d \u201eFundamentarea principiilor \u015fi metodologiilor de proiectare \u00een vederea valorific\u0103rii spa\u0163iilor verzi \u015fi terenurilor degradate cu impact asupra reducerii polu\u0103rii mediului \u00een contextul&hellip;&hellip;","_links":{"self":[{"href":"https:\/\/gbni.usm.md\/index.php?rest_route=\/wp\/v2\/pages\/1140","targetHints":{"allow":["GET"]}}],"collection":[{"href":"https:\/\/gbni.usm.md\/index.php?rest_route=\/wp\/v2\/pages"}],"about":[{"href":"https:\/\/gbni.usm.md\/index.php?rest_route=\/wp\/v2\/types\/page"}],"author":[{"embeddable":true,"href":"https:\/\/gbni.usm.md\/index.php?rest_route=\/wp\/v2\/users\/1"}],"replies":[{"embeddable":true,"href":"https:\/\/gbni.usm.md\/index.php?rest_route=%2Fwp%2Fv2%2Fcomments&post=1140"}],"version-history":[{"count":1,"href":"https:\/\/gbni.usm.md\/index.php?rest_route=\/wp\/v2\/pages\/1140\/revisions"}],"predecessor-version":[{"id":1167,"href":"https:\/\/gbni.usm.md\/index.php?rest_route=\/wp\/v2\/pages\/1140\/revisions\/1167"}],"wp:attachment":[{"href":"https:\/\/gbni.usm.md\/index.php?rest_route=%2Fwp%2Fv2%2Fmedia&parent=1140"}],"curies":[{"name":"wp","href":"https:\/\/api.w.org\/{rel}","templated":true}]}}