{"id":1149,"date":"2023-05-11T13:42:21","date_gmt":"2023-05-11T10:42:21","guid":{"rendered":"https:\/\/gbni.usm.md\/?page_id=1149"},"modified":"2023-05-11T13:42:21","modified_gmt":"2023-05-11T10:42:21","slug":"schimbul-de-seminte-dintre-gradina-botanica-institut-a-asm-si-institutiile-similare-de-profil-europene","status":"publish","type":"page","link":"https:\/\/gbni.usm.md\/?page_id=1149","title":{"rendered":"Schimbul de semin\u0163e dintre Gr\u0103dina Botanic\u0103 (Institut) a A\u015eM \u015fi institu\u0163iile similare de profil europene"},"content":{"rendered":"<p><strong>Cercetarea, mobilizarea \u015fi completarea fondului de semin\u0163e al Gr\u0103dinii Botanice cu taxoni de perspectiv\u0103 \u00a0 \u00a0 \u00a0 \u00a0 \u00a0 \u00a0 \u00a0 \u00a0 \u00a0 \u00a0 \u00a0 \u00a0 \u00a0 \u00a0 \u00a0 \u00a0 \u00a0 \u00a0 \u00a0 \u00a0 \u00a0 \u00a0 \u00a0 \u00a0 \u00a0 \u00a0 \u00a0 \u00a0 \u00a0 \u00a0 \u00a0 \u00a0 \u00a0 \u00a0 \u00a0 \u00a0 \u00a0 \u00a0 \u00a0 \u00a0 \u00a0 \u00a0 \u00a0 \u00a0 \u00a0 \u00a0 \u00a0 \u00a0 pentru economia na\u0163ional\u0103 a republicii (2011-2014)<\/strong><\/p>\n<p>Rolul Gr\u0103dinilor Botanice \u00een conservarea diversit\u0103\u0163ii plantelor a fost recunoscut\u0103 de-a lungul timpului \u015fi \u00een prezent este accentuat\u0103 \u00een diferite documente interna\u0163ionale. Contribu\u0163ia Gr\u0103dinilor Botanice la implementarea Strategiei Globale de Conservare a Biodiversit\u0103\u0163ii vizeaz\u0103 o serie de direc\u0163ii de importan\u0163\u0103 prioritar\u0103, una din ele fiind conservarea ex-situ &#8211; prin crearea colec\u0163iilor de semin\u0163e. Colec\u0163ia de semin\u0163e a Gr\u0103dinii Botanice reune\u015fte semin\u0163ele provenite de la speciile din flora spontan\u0103, speciile din colec\u0163iile vii de teren \u00eenchis \u015fi de teren deschis. Obiectivul principal al colec\u0163iei este conservarea semin\u0163elor pe termen scurt, deoarece dot\u0103rile nu permit condi\u0163ii optime de p\u0103strare pe termen mediu \u015fi lung. Datele de identificare a semin\u0163elor colectate sunt utilizate \u00een vederea edit\u0103rii catalogului de semin\u0163e. Conform conven\u0163iilor interna\u0163ionale semin\u0163ele sunt oferite pentru schimb interna\u0163ional numai \u00een scopuri \u015ftiin\u0163ifice. Gr\u0103dina Botanic\u0103 (I) a A\u015eM , prin intermediul Laboratorului Flora spontan\u0103 \u015fi Ierbar, efectuaz\u0103 schimb interna\u0163ional de semin\u0163e cu institu\u0163iile similare de profil europene:<\/p>\n<p>Adresa: str. Padurii, 18, MD-2002, Chisinau, Republica Moldova.\u00a0 \u00a0 \u00a0 \u00a0 \u00a0 \u00a0 \u00a0 \u00a0 \u00a0 \u00a0 \u00a0 \u00a0 \u00a0 \u00a0 \u00a0 \u00a0 \u00a0 \u00a0 \u00a0 \u00a0 \u00a0 \u00a0 \u00a0 \u00a0 \u00a0 \u00a0 \u00a0 \u00a0 \u00a0 \u00a0 \u00a0 \u00a0 \u00a0 \u00a0 \u00a0 \u00a0 \u00a0 \u00a0 \u00a0 \u00a0 \u00a0 \u00a0 \u00a0 \u00a0 \u00a0 \u00a0 \u00a0 \u00a0 \u00a0 \u00a0 \u00a0 \u00a0 \u00a0 \u00a0 \u00a0 \u00a0 \u00a0 \u00a0 \u00a0 \u00a0 \u00a0 \u00a0 \u00a0 \u00a0 \u00a0 \u00a0 \u00a0 \u00a0 \u00a0 \u00a0 \u00a0 \u00a0Telefon: (+373 22) 55-04-43; 52-38-98; 55-61-45; 55-91-36<br \/>\nFax: (+37322) 55-04-43<br \/>\nE-mail:\u00a0\u00a0<a href=\"mailto:indexseminum.gbn@gmail.com\">indexseminum.gbn@gmail.com<\/a><\/p>\n<p><a href=\"http:\/\/gbni.md\/sites\/default\/files\/delectus-2018-19.pdf\"><em>Delectus Seminum <\/em>2018-2019<\/a><\/p>\n<p>&nbsp;<\/p>\n<p>Giardini Botanici Hanbury<\/p>\n<p>Laboratorio Semi<\/p>\n<p>La Mortola<\/p>\n<p>18039 Ventimiglia (Italia)<\/p>\n<p>E-mail: <a href=\"mailto:gbhlori@unige.it\">gbhlori@unige.it<\/a><\/p>\n<p>&nbsp;<\/p>\n<p>&nbsp;<\/p>\n<p>ULg \u2013 Gembloux Agro-Bio Tech<\/p>\n<p>Collections vegetales et Jardin botaniqe<\/p>\n<p>Passage des Deportes, 2<\/p>\n<p>BE-5030 Gembloux (Belgium)<\/p>\n<p>E-mail: Jean-Pierre.Baudoin<a href=\"mailto:gbhlori@unige.it\">@ulg.<\/a>ac.be<\/p>\n<p>&nbsp;<\/p>\n<p>&nbsp;<\/p>\n<p>Botanischer Garten<\/p>\n<p>Universit\u00e4t Hohenheim (211)<\/p>\n<p>Garbenstr. 30<\/p>\n<p>D-70599 Stuttgart<\/p>\n<p>E-mail: <a href=\"mailto:botabischergarten@uni-hohenheim.de\">botabischergarten@uni-hohenheim.de<\/a><\/p>\n<p>&nbsp;<\/p>\n<p>&nbsp;<\/p>\n<p>Botanischer Garten<\/p>\n<p>Westfaelische Wilhelms \u2013 Universitaet Muenster<\/p>\n<p>Schlossgarten 3<\/p>\n<p>48\u00a0149 Muenster<\/p>\n<p>GERMANY<\/p>\n<p>E-mail: <a href=\"mailto:botabischer_garten@uni-muenster.de\">botabischer_garten@uni-muenster.de<\/a><\/p>\n<p>&nbsp;<\/p>\n<p>&nbsp;<\/p>\n<p>Botanic Garden, Biotehnology Drept.,<\/p>\n<p>Delft University of Tehnology Julianalaan 67<\/p>\n<p>NL -2628 BC DELFT<\/p>\n<p>The Netherlands<\/p>\n<p>E-mail: <a href=\"mailto:botabischetuin@tudelft.nl\">botabischetuin@tudelft.nl<\/a><\/p>\n<p>&nbsp;<\/p>\n<p>Royal Rotterdam Zoological and Botanical Gardens<\/p>\n<p>Botanical Departament<\/p>\n<p>P.O. Box 532<\/p>\n<p>3000 AM ROTTERDAM<\/p>\n<p>THE NETHERLANDS<\/p>\n<p>E-mail: <a href=\"mailto:j.van.dam@rotterdamzoo.nl\">j.van.dam@rotterdamzoo.nl<\/a><\/p>\n<p>&nbsp;<\/p>\n<p>&nbsp;<\/p>\n<p>Warsaw University Botanic Garden<\/p>\n<p>Al. Ujazdowskie 4, 00-478 Warszawa, Poland<\/p>\n<p>E-mail: <a href=\"mailto:ogorod@biol.uw.edu.pl\">ogorod@biol.uw.edu.pl<\/a><\/p>\n<p>&nbsp;<\/p>\n<p>University of Bergen<\/p>\n<p>Arboretum and Botanical Garden<\/p>\n<p>Mildevegen 240<\/p>\n<p>N-5259 HJELLESTAD<\/p>\n<p>Norway<\/p>\n<p>E-mail: <a href=\"mailto:post@sah.uib.no\">post@sah.uib.no<\/a><\/p>\n<p>&nbsp;<\/p>\n<p>Botanische Garten der Universitat Bonn<\/p>\n<p>Meckenheimer Allee 171<\/p>\n<p>\u0412 \u2013 53115 Bonn<\/p>\n<p>GERMANY<\/p>\n<p>E-mail: <a href=\"mailto:botgart@uni-bonn.de\">botgart@uni-bonn.de<\/a><\/p>\n<p>&nbsp;<\/p>\n<p>Hortus Botanicus<\/p>\n<p>Scholae agriculturae<\/p>\n<p>390 02 T\u00e1bor<\/p>\n<p>Czech Republik<\/p>\n<p>E-mail: <a href=\"mailto:botabischetuin@tudelft.nl\">botgarden@seznam.cz<\/a><\/p>\n<p>&nbsp;<\/p>\n<p>Grugapark Essen<\/p>\n<p>Virchowstr. 167a<\/p>\n<p>D-45147 Essen<\/p>\n<p>Deutschland<\/p>\n<p>E-mail: <a href=\"mailto:info@grugapark.essen.de\">info@grugapark.essen.de<\/a><\/p>\n<p>&nbsp;<\/p>\n<p>&nbsp;<\/p>\n<p>Plantentuin<\/p>\n<p>Leopoldstraat 24<\/p>\n<p>B \u2013 2000 Antwerpen 1<\/p>\n<p>Belgi\u00eb<\/p>\n<p>E-mail: <a href=\"mailto:sb_plantentuin@stad.antwerpen.be\">sb_plantentuin@stad.antwerpen.be<\/a><\/p>\n<p>&nbsp;<\/p>\n<p>&nbsp;<\/p>\n<p>Botanischer Garten<\/p>\n<p>Der Universit\u00e4t Osnabr\u00fck<\/p>\n<p>Albrechtstrabe 29<\/p>\n<p>D-49076 Osnabr\u00fcck<\/p>\n<p>GERMANY<\/p>\n<p>E-mail: <a href=\"mailto:bogos@uni-osnabrueck.de\">bogos@uni-osnabrueck.de<\/a><\/p>\n<p>&nbsp;<\/p>\n<p>&nbsp;<\/p>\n<p>Botanischer Garten M\u00fcnchen,<\/p>\n<p>Menzinger Str. 61-65,<\/p>\n<p>D-80638 M\u00fcnchen<\/p>\n<p>GERMANY<\/p>\n<p>E-mail: <a href=\"mailto:botgart@botmuc.de\">botgart@botmuc.de<\/a><\/p>\n<p>&nbsp;<\/p>\n<p>&nbsp;<\/p>\n<p>Comune di Trieste<\/p>\n<p>Civico Orto Botanico<\/p>\n<p>Via Carlo de Marchesetti, 2<\/p>\n<p>34142 \u2013 Trieste (Italia)<\/p>\n<p>E-mail: <a href=\"mailto:ortobotanico@comune.trieste.it\">ortobotanico@comune.trieste.it<\/a><\/p>\n<p>&nbsp;<\/p>\n<p>&nbsp;<\/p>\n<p>Ville de Nantes<\/p>\n<p>Jardin Botanique<\/p>\n<p>Service des Espaces Verts<\/p>\n<p>et de L\u00b4Environnement<\/p>\n<p>2 rue de l \u00b4H\u00f4tel de Ville<\/p>\n<p>44094 Nantes cedex 1<\/p>\n<p>FRANCE<\/p>\n<p>E-mail: <a href=\"mailto:nadine.berthelot@mairie-nantes.fr\">nadine.berthelot@mairie-nantes.fr<\/a><\/p>\n<p>&nbsp;<\/p>\n<p>&nbsp;<\/p>\n<p>Botanical Garden and Arboretum<\/p>\n<p>Mendel University in Brno<\/p>\n<p>Zem\u011bd\u011blsk\u00e1 1<\/p>\n<p>613 00 Brno<\/p>\n<p>CZECH REPUBLIC<\/p>\n<p>E-mail: <a href=\"mailto:arboretum@mendelu.cz\">arboretum@mendelu.cz<\/a><\/p>\n<p>&nbsp;<\/p>\n<p>&nbsp;<\/p>\n<p>Museum National d \u0389istoire Naturelle<\/p>\n<p>D\u00e9partement des Jardins Botaniques &amp; Zoologiques<\/p>\n<p>JARDIN BOTANIQUE ALPIN<\/p>\n<p>\u201cLA JAYSINIA\u201d<\/p>\n<p>F \u2013 74340 SAMO\u00cbNS (FRANCE)<\/p>\n<p>E-mail: jardin.<a href=\"mailto:botanique.jaysinia@orange.fr\">botanique.jaysinia@orange.fr<\/a><\/p>\n<p>&nbsp;<\/p>\n<p>&nbsp;<\/p>\n<p>ARBORETUM KALSNAVENSIS<\/p>\n<p>Jaunkalsnava<\/p>\n<p>Madonas novads<\/p>\n<p>LV 4860<\/p>\n<p>Latvia<\/p>\n<p>E-mail: <a href=\"mailto:b.rudzite@lvm.lv\">b.rudzite@lvm.lv<\/a><\/p>\n<p>&nbsp;<\/p>\n<p>&nbsp;<\/p>\n<p>Museum National d \u0389istoire Naturelle<\/p>\n<p>D\u00e9partement des Jardins Botaniques &amp; Zoologiques<\/p>\n<p>Graineterie \u2013 Case postale 45<\/p>\n<p>57, rue Cuvier<\/p>\n<p>75231 Paris cedex 05<\/p>\n<p>France<\/p>\n<p>E-mail: <a href=\"mailto:graine@mnhn.fr\">graine@mnhn.fr<\/a><\/p>\n<p>&nbsp;<\/p>\n<p>&nbsp;<\/p>\n<p>Botanischer Garten<\/p>\n<p>Johannes Gutenberg-Universit\u00e4t Mainz<\/p>\n<p>Anselm-Franz-von-Bentzel-Weg 9 b<\/p>\n<p>D \u2013 55128 Mainz<\/p>\n<p>GERMANY<\/p>\n<p>E-mail: <a href=\"mailto:Botanischer.Garten@uni-mainz.de\">Botanischer.Garten@uni-mainz.de<\/a><\/p>\n<p>&nbsp;<\/p>\n<p>&nbsp;<\/p>\n<p>Heinrich-Heine-Universit\u00e4t<\/p>\n<p>Universit\u00e4tsstr. 1<\/p>\n<p>D \u2013 40225 D\u00fcsseldorf<\/p>\n<p>Germany<\/p>\n<p>www.<a href=\"mailto:botgart@uni-bonn.de\">botanischerGarten.uni-duesseldorf.de<\/a><\/p>\n<p>&nbsp;<\/p>\n<p>&nbsp;<\/p>\n<p>Botanischen Gartens<\/p>\n<p>Der Karl-Franzens-Universit\u00e4t Graz<\/p>\n<p>E-mail: <a href=\"mailto:christian.berg@uni-graz.at\">christian.berg@uni-graz.at<\/a><\/p>\n<p>&nbsp;<\/p>\n<p>&nbsp;<\/p>\n<p>Hortus Botanicus der Vrije Universiteit<\/p>\n<p>Van der Boechorststraat 8<\/p>\n<p>1081 BT Amsterdam<\/p>\n<p>The Netherlands<\/p>\n<p>E-mail: <a href=\"mailto:info@hortus.vu.nl\">info@hortus.vu.nl<\/a><\/p>\n<p>&nbsp;<\/p>\n<p>CHELSEA PHYSIC GARDEN<\/p>\n<p>66 Royal Hospital Road,<\/p>\n<p>London SW3 4HS, Great Britain<\/p>\n<p>E-mail: <a href=\"mailto:seedroom@chelseaphisicgarden.co.uk\">seedroom@chelseaphisicgarden.co.uk<\/a><\/p>\n<p>&nbsp;<\/p>\n<p>&nbsp;<\/p>\n<p>National Botanical Garden<\/p>\n<p>National Academy of<\/p>\n<p>Sciences of Ucraine<\/p>\n<p>Timirjazevska 1, Kyiv, 01014<\/p>\n<p>UKRAINE<\/p>\n<p>E-mail: <a href=\"mailto:flora@nbg.kiev.ua\">flora@nbg.kiev.ua<\/a><\/p>\n<p>&nbsp;<\/p>\n<p>&nbsp;<\/p>\n<p>VILLE de CAEN<\/p>\n<p>E-mail:\u00a0 <a href=\"mailto:jbotanique@ville-caen.fr\">jbotanique@ville-caen.fr<\/a><\/p>\n<p>nhubert@ville-caen.fr<\/p>\n<p>&nbsp;<\/p>\n<p>&nbsp;<\/p>\n<p>Grasagarour Reykjavikur<\/p>\n<p>Hortus Botanicus Reykjavikensis<\/p>\n<p>Laugardal<\/p>\n<p>104 Reykjavik<\/p>\n<p>Iceland<\/p>\n<p>E-mail: <a href=\"mailto:botgard@reykjavik.is\">botgard@reykjavik.is<\/a><\/p>\n<p>&nbsp;<\/p>\n<p>&nbsp;<\/p>\n<p>Mus\u00e9um d \u0389istoire Naturelle<\/p>\n<p>Jardin de Sciences de l \u00b4Arquebuse<\/p>\n<p>Jardin Botanique \u2013 BP1510<\/p>\n<p>F \u2013 21033 DIJON<\/p>\n<p>FRANCE<\/p>\n<p>E-mail: <a href=\"mailto:jbmuseum@ville-dijon.fr\">jbmuseum@ville-dijon.fr<\/a><\/p>\n<p>&nbsp;<\/p>\n<p>Botanischer Garten der Universit\u00e4t<\/p>\n<p>Sch\u00f6nbeinstrasse 6<\/p>\n<p>CH \u2013 4056 Basel (Schweiz)<\/p>\n<p>E-mail: <a href=\"mailto:bruno.erny@unibas.ch\">bruno.erny@unibas.ch<\/a><\/p>\n<p>&nbsp;<\/p>\n<p>&nbsp;<\/p>\n<p>Merian Park, Botanischer Garten<\/p>\n<p>in Br\u00fcglingen AG,<\/p>\n<p>Vorder Br\u00fcglingen 5,<\/p>\n<p>CH \u2013 4052 Basel (Schweiz)<\/p>\n<p>E-mail: <a href=\"mailto:info@bogabrueglingen.ch\">info@bogabrueglingen.ch<\/a><\/p>\n<p>&nbsp;<\/p>\n<p>&nbsp;<\/p>\n<p>\u0411\u043e\u0442\u0430\u043d\u0438\u0447\u0435\u0441\u043a\u0438\u0439 \u0441\u0430\u0434 \u0422\u0432\u0413\u0423<\/p>\n<p>\u0423\u043b. \u0416\u0435\u043b\u044f\u0431\u043e\u0432\u0430, 33, \u0422\u0432\u0435\u0440\u044c 170000<\/p>\n<p>\u0420\u041e\u0421\u0421\u0418\u042f<\/p>\n<p>E-mail: <a href=\"mailto:info@hortus.vu.nl\">garden@tversu.ru<\/a><\/p>\n<p>&nbsp;<\/p>","protected":false},"excerpt":{"rendered":"<p>Cercetarea, mobilizarea \u015fi completarea fondului de semin\u0163e al Gr\u0103dinii Botanice cu taxoni de perspectiv\u0103 \u00a0 \u00a0 \u00a0 \u00a0 \u00a0 \u00a0 \u00a0 \u00a0 \u00a0 \u00a0 \u00a0 \u00a0 \u00a0 \u00a0 \u00a0 \u00a0 \u00a0 \u00a0 \u00a0 \u00a0 \u00a0 \u00a0 \u00a0 \u00a0 \u00a0 \u00a0 \u00a0 \u00a0 \u00a0 \u00a0 \u00a0 \u00a0 \u00a0 \u00a0 \u00a0 \u00a0 \u00a0 \u00a0 \u00a0 \u00a0 \u00a0&hellip; <br \/> <a class=\"read-more\" href=\"https:\/\/gbni.usm.md\/?page_id=1149\">Cite\u0219te mai mult<\/a><\/p>\n","protected":false},"author":1,"featured_media":0,"parent":0,"menu_order":0,"comment_status":"closed","ping_status":"closed","template":"","meta":{"footnotes":""},"class_list":["post-1149","page","type-page","status-publish","hentry"],"rttpg_featured_image_url":null,"rttpg_author":{"display_name":"","author_link":"https:\/\/gbni.usm.md\/?author=1"},"rttpg_comment":0,"rttpg_category":null,"rttpg_excerpt":"Cercetarea, mobilizarea \u015fi completarea fondului de semin\u0163e al Gr\u0103dinii Botanice cu taxoni de perspectiv\u0103 \u00a0 \u00a0 \u00a0 \u00a0 \u00a0 \u00a0 \u00a0 \u00a0 \u00a0 \u00a0 \u00a0 \u00a0 \u00a0 \u00a0 \u00a0 \u00a0 \u00a0 \u00a0 \u00a0 \u00a0 \u00a0 \u00a0 \u00a0 \u00a0 \u00a0 \u00a0 \u00a0 \u00a0 \u00a0 \u00a0 \u00a0 \u00a0 \u00a0 \u00a0 \u00a0 \u00a0 \u00a0 \u00a0 \u00a0 \u00a0 \u00a0&hellip;&hellip;","_links":{"self":[{"href":"https:\/\/gbni.usm.md\/index.php?rest_route=\/wp\/v2\/pages\/1149","targetHints":{"allow":["GET"]}}],"collection":[{"href":"https:\/\/gbni.usm.md\/index.php?rest_route=\/wp\/v2\/pages"}],"about":[{"href":"https:\/\/gbni.usm.md\/index.php?rest_route=\/wp\/v2\/types\/page"}],"author":[{"embeddable":true,"href":"https:\/\/gbni.usm.md\/index.php?rest_route=\/wp\/v2\/users\/1"}],"replies":[{"embeddable":true,"href":"https:\/\/gbni.usm.md\/index.php?rest_route=%2Fwp%2Fv2%2Fcomments&post=1149"}],"version-history":[{"count":1,"href":"https:\/\/gbni.usm.md\/index.php?rest_route=\/wp\/v2\/pages\/1149\/revisions"}],"predecessor-version":[{"id":1152,"href":"https:\/\/gbni.usm.md\/index.php?rest_route=\/wp\/v2\/pages\/1149\/revisions\/1152"}],"wp:attachment":[{"href":"https:\/\/gbni.usm.md\/index.php?rest_route=%2Fwp%2Fv2%2Fmedia&parent=1149"}],"curies":[{"name":"wp","href":"https:\/\/api.w.org\/{rel}","templated":true}]}}