{"id":1154,"date":"2023-05-11T13:44:39","date_gmt":"2023-05-11T10:44:39","guid":{"rendered":"https:\/\/gbni.usm.md\/?page_id=1154"},"modified":"2023-05-11T13:44:39","modified_gmt":"2023-05-11T10:44:39","slug":"initiativa-trans-frontaliera-pentru-dezvoltarea-unui-spatiu-ludic-prin-intermediul-artei-topiare-pentru-scopuri-educative-si-de-relaxare-topart","status":"publish","type":"page","link":"https:\/\/gbni.usm.md\/?page_id=1154","title":{"rendered":"Ini\u0163iativa trans-frontalier\u0103 pentru dezvoltarea unui spa\u0163iu ludic prin intermediul artei topiare pentru scopuri educative \u015fi de relaxare (TopArt)"},"content":{"rendered":"<p>\u201e<strong>Ini\u0163iativ\u0103 trans-frontalier\u0103 pentru dezvoltarea unui spa\u0163iu ludic prin intermediul artei topiare pentru scopuri educative \u015fi de relaxare (TopArt)\u201d proiect \u00een cadrul Programului opera\u0163ional comun Rom\u00e2nia \u2013 Ucraina \u2013 Republica Moldova 2007-2013, program finan\u0163at de Uniunea European\u0103.<\/strong><\/p>\n<p><u>Institu\u0163ii partenere \u00een cadrul acestui proiect: <\/u><br \/>\n&#8211; Gr\u0103dina Botanic\u0103 \u201cAnastasie F\u0103tu\u201d a Universit\u0103\u0163ii \u201cAlexandru Ioan Cuza\u201d din Ia\u015fi, Rom\u00e2nia;<br \/>\n&#8211; Gr\u0103dina Botanic\u0103 (Institut) a Academiei de \u015etiin\u0163e a Moldovei.<\/p>\n<p><u>Scopul acestui proiect<\/u> este \u00eembun\u0103t\u0103\u0163irea colabor\u0103rii \u00eentre cele dou\u0103 gr\u0103dini botanice de pe ambele maluri ale r\u00e2ului Prut \u00een vederea cre\u015fterii capacit\u0103\u0163ii acestora de a furniza servicii culturale, educative \u015fi de relaxare c\u0103tre beneficiarii finali: tineri, copii, persoane \u00een v\u00e2rst\u0103, precum \u015fi cre\u015fterea gradului de con\u015ftientizare din partea publicului asupra colabor\u0103rii trans-frontaliere dintre Rom\u00e2nia \u015fi Republica Moldova, prin intermediul acestui program, \u00een vederea g\u0103sirii unor solu\u0163ii pentru o serie de probleme comune \u015fi\/sau similare.<\/p>\n<p>Vizitatorii \u00ee\u015fi vor putea petrece timpul liber \u00eentr-un spa\u0163iu natural deschis \u015fi \u00eenc\u00e2nt\u0103tor cu forme geometrice, antropomorfe \u015fi zoomorfe, foarte potrivite pentru organizarea unor activit\u0103\u0163i cu profil educativ, cultural \u015fi de relaxare: spectacole, concursuri sportive, transmisii de televiziune etc.<\/p>\n<p><u>Perioada de derulare<\/u> a proiectului este de 18 luni (14.04.2011 \u2013 13.10.2012).<\/p>\n<p><u>Valoarea total\u0103<\/u> a proiectului este de 155000 euro, 90% din aceast\u0103 sum\u0103 reprezent\u00e2nd fonduri nerambursabile oferite de Uniunea European\u0103.<\/p>","protected":false},"excerpt":{"rendered":"<p>\u201eIni\u0163iativ\u0103 trans-frontalier\u0103 pentru dezvoltarea unui spa\u0163iu ludic prin intermediul artei topiare pentru scopuri educative \u015fi de relaxare (TopArt)\u201d proiect \u00een cadrul Programului opera\u0163ional comun Rom\u00e2nia \u2013 Ucraina \u2013 Republica Moldova 2007-2013, program finan\u0163at de Uniunea European\u0103. Institu\u0163ii partenere \u00een cadrul acestui proiect: &#8211; Gr\u0103dina Botanic\u0103 \u201cAnastasie F\u0103tu\u201d a Universit\u0103\u0163ii \u201cAlexandru Ioan Cuza\u201d din Ia\u015fi, Rom\u00e2nia;&hellip; <br \/> <a class=\"read-more\" href=\"https:\/\/gbni.usm.md\/?page_id=1154\">Cite\u0219te mai mult<\/a><\/p>\n","protected":false},"author":1,"featured_media":0,"parent":0,"menu_order":0,"comment_status":"closed","ping_status":"closed","template":"","meta":{"footnotes":""},"class_list":["post-1154","page","type-page","status-publish","hentry"],"rttpg_featured_image_url":null,"rttpg_author":{"display_name":"","author_link":"https:\/\/gbni.usm.md\/?author=1"},"rttpg_comment":0,"rttpg_category":null,"rttpg_excerpt":"\u201eIni\u0163iativ\u0103 trans-frontalier\u0103 pentru dezvoltarea unui spa\u0163iu ludic prin intermediul artei topiare pentru scopuri educative \u015fi de relaxare (TopArt)\u201d proiect \u00een cadrul Programului opera\u0163ional comun Rom\u00e2nia \u2013 Ucraina \u2013 Republica Moldova 2007-2013, program finan\u0163at de Uniunea European\u0103. Institu\u0163ii partenere \u00een cadrul acestui proiect: &#8211; Gr\u0103dina Botanic\u0103 \u201cAnastasie F\u0103tu\u201d a Universit\u0103\u0163ii \u201cAlexandru Ioan Cuza\u201d din Ia\u015fi, Rom\u00e2nia;&hellip;&hellip;","_links":{"self":[{"href":"https:\/\/gbni.usm.md\/index.php?rest_route=\/wp\/v2\/pages\/1154","targetHints":{"allow":["GET"]}}],"collection":[{"href":"https:\/\/gbni.usm.md\/index.php?rest_route=\/wp\/v2\/pages"}],"about":[{"href":"https:\/\/gbni.usm.md\/index.php?rest_route=\/wp\/v2\/types\/page"}],"author":[{"embeddable":true,"href":"https:\/\/gbni.usm.md\/index.php?rest_route=\/wp\/v2\/users\/1"}],"replies":[{"embeddable":true,"href":"https:\/\/gbni.usm.md\/index.php?rest_route=%2Fwp%2Fv2%2Fcomments&post=1154"}],"version-history":[{"count":1,"href":"https:\/\/gbni.usm.md\/index.php?rest_route=\/wp\/v2\/pages\/1154\/revisions"}],"predecessor-version":[{"id":1155,"href":"https:\/\/gbni.usm.md\/index.php?rest_route=\/wp\/v2\/pages\/1154\/revisions\/1155"}],"wp:attachment":[{"href":"https:\/\/gbni.usm.md\/index.php?rest_route=%2Fwp%2Fv2%2Fmedia&parent=1154"}],"curies":[{"name":"wp","href":"https:\/\/api.w.org\/{rel}","templated":true}]}}