{"id":1157,"date":"2023-05-11T13:46:08","date_gmt":"2023-05-11T10:46:08","guid":{"rendered":"https:\/\/gbni.usm.md\/?page_id=1157"},"modified":"2023-05-11T13:46:45","modified_gmt":"2023-05-11T10:46:45","slug":"fundamentarea-principiilor-si-metodologiilor-de-proiectare-in-vederea-valorificarii-spatiilor-verzi-si-terenurilor-degradate-cu-impact-asupra-reducerii-poluarii-mediului-in-contextul-integrarii-in-pla","status":"publish","type":"page","link":"https:\/\/gbni.usm.md\/?page_id=1157","title":{"rendered":"Fundamentarea principiilor \u015fi metodologiilor de proiectare \u00een vederea valorific\u0103rii spa\u0163iilor verzi \u015fi terenurilor degradate cu impact asupra reducerii polu\u0103rii mediului \u00een contextul integr\u0103rii \u00een platforma european\u0103 de management durabil al resurselor \u015fi"},"content":{"rendered":"<p><strong>\u201e<\/strong><strong>Fundamentarea principiilor \u015fi metodologiilor de proiectare \u00een vederea valorific\u0103rii spa\u0163iilor verzi \u015fi terenurilor degradate cu impact asupra reducerii polu\u0103rii mediului \u00een contextul integr\u0103rii \u00een platforma european\u0103 de management durabil al resurselor \u015fi reconstruc\u0163iei ecologice \u00een conformitate cu normele \u015fi standardele UE.\u201d<\/strong><\/p>\n<p>Program bilateral de colaborare \u00eentre Academia de \u015etiin\u0163e a Moldovei \u015fi Autoritatea Na\u0163ional\u0103 pentru Cercetare \u015etiin\u0163ific\u0103 din Rom\u00e2nia.<\/p>\n<p><u>Institu\u0163ii partenere privind implementarea proeictului<\/u>:<br \/>\n&#8211; Universitatea de \u015etiin\u0163e Agrare \u015fi Medicin\u0103 Veterinar\u0103, Cluj-Napoca, Rom\u00e2nia;<br \/>\n&#8211; Gr\u0103dina Botanic\u0103 (Institut) a Academiei de \u015etiin\u0163e a Moldovei.<\/p>\n<p><u>Obiectivele proiectului<\/u><br \/>\n\u2022 Evaluarea legisla\u0163iei na\u0163ionale \u00een domneiul spa\u0163iilor verzi \u015fi armonizarea la legisla\u0163ia UE;<br \/>\n\u2022 Eviden\u0163ierea speciilor de plante capabile s\u0103 se dezvolte \u015fi s\u0103 produc\u0103 semin\u0163e fertile \u00een condi\u0163ii cu diferit nivel de poluare;<br \/>\n\u2022 Evidin\u0163ierea speciilor de plante cu o capacitate \u00eenalt\u0103 de absorb\u0163ie \u015fi acumulare a noxelor gazoase, particulilor solide \u015fi metalelor grele;<br \/>\n\u2022 Elaborarea tehnologiilor rapide de multiplicare a plantelor pentru amenajarea \u015fi crearea spa\u0163iilor verzi.<\/p>\n<p><u>Perioada de implementare<\/u> a proiectului: 2010-2012<\/p>\n<p><\/p>\n<p><\/p>","protected":false},"excerpt":{"rendered":"<p>\u201eFundamentarea principiilor \u015fi metodologiilor de proiectare \u00een vederea valorific\u0103rii spa\u0163iilor verzi \u015fi terenurilor degradate cu impact asupra reducerii polu\u0103rii mediului \u00een contextul integr\u0103rii \u00een platforma european\u0103 de management durabil al resurselor \u015fi reconstruc\u0163iei ecologice \u00een conformitate cu normele \u015fi standardele UE.\u201d Program bilateral de colaborare \u00eentre Academia de \u015etiin\u0163e a Moldovei \u015fi Autoritatea Na\u0163ional\u0103 pentru&hellip; <br \/> <a class=\"read-more\" href=\"https:\/\/gbni.usm.md\/?page_id=1157\">Cite\u0219te mai mult<\/a><\/p>\n","protected":false},"author":1,"featured_media":0,"parent":0,"menu_order":0,"comment_status":"closed","ping_status":"closed","template":"","meta":{"footnotes":""},"class_list":["post-1157","page","type-page","status-publish","hentry"],"rttpg_featured_image_url":null,"rttpg_author":{"display_name":"","author_link":"https:\/\/gbni.usm.md\/?author=1"},"rttpg_comment":0,"rttpg_category":null,"rttpg_excerpt":"\u201eFundamentarea principiilor \u015fi metodologiilor de proiectare \u00een vederea valorific\u0103rii spa\u0163iilor verzi \u015fi terenurilor degradate cu impact asupra reducerii polu\u0103rii mediului \u00een contextul integr\u0103rii \u00een platforma european\u0103 de management durabil al resurselor \u015fi reconstruc\u0163iei ecologice \u00een conformitate cu normele \u015fi standardele UE.\u201d Program bilateral de colaborare \u00eentre Academia de \u015etiin\u0163e a Moldovei \u015fi Autoritatea Na\u0163ional\u0103 pentru&hellip;&hellip;","_links":{"self":[{"href":"https:\/\/gbni.usm.md\/index.php?rest_route=\/wp\/v2\/pages\/1157","targetHints":{"allow":["GET"]}}],"collection":[{"href":"https:\/\/gbni.usm.md\/index.php?rest_route=\/wp\/v2\/pages"}],"about":[{"href":"https:\/\/gbni.usm.md\/index.php?rest_route=\/wp\/v2\/types\/page"}],"author":[{"embeddable":true,"href":"https:\/\/gbni.usm.md\/index.php?rest_route=\/wp\/v2\/users\/1"}],"replies":[{"embeddable":true,"href":"https:\/\/gbni.usm.md\/index.php?rest_route=%2Fwp%2Fv2%2Fcomments&post=1157"}],"version-history":[{"count":2,"href":"https:\/\/gbni.usm.md\/index.php?rest_route=\/wp\/v2\/pages\/1157\/revisions"}],"predecessor-version":[{"id":1159,"href":"https:\/\/gbni.usm.md\/index.php?rest_route=\/wp\/v2\/pages\/1157\/revisions\/1159"}],"wp:attachment":[{"href":"https:\/\/gbni.usm.md\/index.php?rest_route=%2Fwp%2Fv2%2Fmedia&parent=1157"}],"curies":[{"name":"wp","href":"https:\/\/api.w.org\/{rel}","templated":true}]}}