{"id":1684,"date":"2023-05-15T12:39:53","date_gmt":"2023-05-15T09:39:53","guid":{"rendered":"https:\/\/gbni.usm.md\/?page_id=1684"},"modified":"2023-05-17T12:58:43","modified_gmt":"2023-05-17T09:58:43","slug":"monografii-si-articole","status":"publish","type":"page","link":"https:\/\/gbni.usm.md\/?page_id=1684","title":{"rendered":"Monografii \u0219i Articole"},"content":{"rendered":"<p><a href=\"https:\/\/gbni.usm.md\/wp-content\/uploads\/2023\/05\/Lista-lucra\u0306rilor-publicate-i\u0302n-anul-2015.pdf\"><u>Lista lucr\u0103rilor publicate \u00een anul 2015<\/u><\/a><\/p>\n<p><a href=\"https:\/\/gbni.usm.md\/wp-content\/uploads\/2023\/05\/Lista-lucra\u0306rilor-publicate-i\u0302n-anul-2016.pdf\"><u>Lista lucr\u0103rilor publicate \u00een anul 2016<\/u><\/a><\/p>\n<p><a href=\"https:\/\/gbni.usm.md\/wp-content\/uploads\/2023\/05\/Lista-lucra\u0306rilor-publicate-i\u0302n-anul-2017.pdf\"><u>Lista lucr\u0103rilor publicate \u00een anul 2017<\/u><\/a><\/p>\n<p><a href=\"https:\/\/gbni.usm.md\/wp-content\/uploads\/2023\/05\/Lista-lucra\u0306rilor-publicate-i\u0302n-anul-2018.pdf\"><u>Lista lucr\u0103rilor publicate \u00een anul 2018<\/u><\/a><\/p>\n<p><a href=\"https:\/\/gbni.usm.md\/wp-content\/uploads\/2023\/05\/Lista-lucra\u0306rilor-publicate-i\u0302n-anul-2019.pdf\"><u>Lista lucr\u0103rilor publicate \u00een anul 2019<\/u>\u00a0<\/a><\/p>\n<p><a href=\"https:\/\/gbni.usm.md\/wp-content\/uploads\/2023\/05\/Cartea_Rosie_2015.pdf\"><u>Cartea Ro\u0219ie a Moldovei <\/u><\/a><strong><b>(2015)<\/b><\/strong><\/p>\n<p><a href=\"https:\/\/gbni.usm.md\/wp-content\/uploads\/2023\/05\/Ciubotaru_Gradina_Botanica_Vol_1_2023.pdf\"><u>Opere Alese Vol.1\u2002<\/u><\/a><strong><b><a href=\"https:\/\/gbni.usm.md\/wp-content\/uploads\/2023\/05\/Ciubotaru_Gradina_Botanica_Vol_1_2023.pdf\">\u00a0<\/a> A.A Ciubotaru<\/b><\/strong><\/p>\n<p><a href=\"https:\/\/gbni.usm.md\/wp-content\/uploads\/2023\/05\/plante-medicinale-ilovepdf-compressed.pdf\"><u>Plante medicinale<\/u><\/a><strong><b>\u00a0\u00a0<\/b><\/strong><\/p>\n<p><a href=\"https:\/\/gbni.usm.md\/wp-content\/uploads\/2023\/05\/Cres\u0326terea-plantelor.pdf\"><u>Cre\u0219terea plantelor lemnoase \u00een cultur\u0103 containerizat\u0103<\/u><\/a><strong><b><a href=\"https:\/\/gbni.usm.md\/wp-content\/uploads\/2023\/05\/Cres\u0326terea-plantelor.pdf\">\u00a0<\/a>\u00a0<\/b><\/strong><\/p>\n<p><a href=\"https:\/\/gbni.usm.md\/wp-content\/uploads\/2023\/05\/Monografia-Gra\u0306dina-Botanica\u0306.pdf\"><u>Monografia Gr\u0103dina Botanic\u0103(Institut) a A\u0218M<\/u><strong><b>\u00a0\u00a0<\/b><\/strong><\/a><\/p>\n","protected":false},"excerpt":{"rendered":"<p>Lista lucr\u0103rilor publicate \u00een anul 2015 Lista lucr\u0103rilor publicate \u00een anul 2016 Lista lucr\u0103rilor publicate \u00een anul 2017 Lista lucr\u0103rilor publicate \u00een anul 2018 Lista lucr\u0103rilor publicate \u00een anul 2019\u00a0 Cartea Ro\u0219ie a Moldovei (2015) Opere Alese Vol.1\u2002\u00a0 A.A Ciubotaru Plante medicinale\u00a0\u00a0 Cre\u0219terea plantelor lemnoase \u00een cultur\u0103 containerizat\u0103\u00a0\u00a0 Monografia Gr\u0103dina Botanic\u0103(Institut) a A\u0218M\u00a0\u00a0<\/p>\n","protected":false},"author":1,"featured_media":0,"parent":0,"menu_order":0,"comment_status":"closed","ping_status":"closed","template":"","meta":{"footnotes":""},"class_list":["post-1684","page","type-page","status-publish","hentry"],"rttpg_featured_image_url":null,"rttpg_author":{"display_name":"","author_link":"https:\/\/gbni.usm.md\/?author=1"},"rttpg_comment":0,"rttpg_category":null,"rttpg_excerpt":"Lista lucr\u0103rilor publicate \u00een anul 2015 Lista lucr\u0103rilor publicate \u00een anul 2016 Lista lucr\u0103rilor publicate \u00een anul 2017 Lista lucr\u0103rilor publicate \u00een anul 2018 Lista lucr\u0103rilor publicate \u00een anul 2019\u00a0 Cartea Ro\u0219ie a Moldovei (2015) Opere Alese Vol.1\u2002\u00a0 A.A Ciubotaru Plante medicinale\u00a0\u00a0 Cre\u0219terea plantelor lemnoase \u00een cultur\u0103 containerizat\u0103\u00a0\u00a0 Monografia Gr\u0103dina Botanic\u0103(Institut) a A\u0218M\u00a0\u00a0","_links":{"self":[{"href":"https:\/\/gbni.usm.md\/index.php?rest_route=\/wp\/v2\/pages\/1684","targetHints":{"allow":["GET"]}}],"collection":[{"href":"https:\/\/gbni.usm.md\/index.php?rest_route=\/wp\/v2\/pages"}],"about":[{"href":"https:\/\/gbni.usm.md\/index.php?rest_route=\/wp\/v2\/types\/page"}],"author":[{"embeddable":true,"href":"https:\/\/gbni.usm.md\/index.php?rest_route=\/wp\/v2\/users\/1"}],"replies":[{"embeddable":true,"href":"https:\/\/gbni.usm.md\/index.php?rest_route=%2Fwp%2Fv2%2Fcomments&post=1684"}],"version-history":[{"count":2,"href":"https:\/\/gbni.usm.md\/index.php?rest_route=\/wp\/v2\/pages\/1684\/revisions"}],"predecessor-version":[{"id":1698,"href":"https:\/\/gbni.usm.md\/index.php?rest_route=\/wp\/v2\/pages\/1684\/revisions\/1698"}],"wp:attachment":[{"href":"https:\/\/gbni.usm.md\/index.php?rest_route=%2Fwp%2Fv2%2Fmedia&parent=1684"}],"curies":[{"name":"wp","href":"https:\/\/api.w.org\/{rel}","templated":true}]}}