{"id":1701,"date":"2023-05-17T13:16:58","date_gmt":"2023-05-17T10:16:58","guid":{"rendered":"https:\/\/gbni.usm.md\/?page_id=1701"},"modified":"2023-05-17T14:36:20","modified_gmt":"2023-05-17T11:36:20","slug":"biblioteca-si-editii","status":"publish","type":"page","link":"https:\/\/gbni.usm.md\/?page_id=1701","title":{"rendered":"Biblioteca \u015fi edi\u0163ii"},"content":{"rendered":"<p><a href=\"https:\/\/gbni.usm.md\/wp-content\/uploads\/2023\/05\/Delectus_2010.pdf\"><u>Delectus 2010<\/u><\/a><\/p>\n<p><a href=\"https:\/\/gbni.usm.md\/wp-content\/uploads\/2023\/05\/Materialele-Simpozionului.pdf\"><u>Materialele\u2002Simpozionului \u015etiin\u0163ific Interna\u0163ional\u2002\u201eConservarea diversit\u0103\u0163ii plantelor\u201dconsacrat anivers\u0103rii a 60-a de la fondarea\u2002Gr\u0103dinii Botanice (Institut)<\/u><\/a><\/p>\n<p><a href=\"https:\/\/gbni.usm.md\/wp-content\/uploads\/2023\/05\/Materialele-Simpozionului-1.pdf\"><u>Materialele Simpozionului \u015etiin\u0163ific Interna\u0163ional ,, Conservarea diversit\u0103\u0163ii plantelor&#8221; edi\u0163ia a II-a<\/u><\/a><\/p>\n<p><a href=\"https:\/\/gbni.usm.md\/?page_id=1710\"><u>Publica\u0163ii \u015fi edi\u0163ii<\/u><\/a><\/p>\n<p><a href=\"https:\/\/gbni.usm.md\/wp-content\/uploads\/2023\/05\/Materialele-Simpozionului-2.pdf\"><u>Materialele Simpozionului \u015etiin\u0163ific Interna\u0163ional ,, Conservarea diversit\u0103\u0163ii plantelor&#8221; edi\u0163ia a III-a<\/u><\/a><\/p>\n<p><a href=\"https:\/\/gbni.usm.md\/wp-content\/uploads\/2023\/05\/Materialele-Simpozionului-3.pdf\"><u>Materialele Simpozionului \u015etiin\u021bific Interna\u021bional \u201cConservarea diversit\u0103\u0163ii plantelor\u201dconsacrat anivers\u0103rii a 65 \u2013 a de la fondarea Gr\u0103dinii Botanice (Institut) a Academiei de \u015etiin\u021be a Moldovei<\/u><\/a><\/p>","protected":false},"excerpt":{"rendered":"<p>Delectus 2010 Materialele\u2002Simpozionului \u015etiin\u0163ific Interna\u0163ional\u2002\u201eConservarea diversit\u0103\u0163ii plantelor\u201dconsacrat anivers\u0103rii a 60-a de la fondarea\u2002Gr\u0103dinii Botanice (Institut) Materialele Simpozionului \u015etiin\u0163ific Interna\u0163ional ,, Conservarea diversit\u0103\u0163ii plantelor&#8221; edi\u0163ia a II-a Publica\u0163ii \u015fi edi\u0163ii Materialele Simpozionului \u015etiin\u0163ific Interna\u0163ional ,, Conservarea diversit\u0103\u0163ii plantelor&#8221; edi\u0163ia a III-a Materialele Simpozionului \u015etiin\u021bific Interna\u021bional \u201cConservarea diversit\u0103\u0163ii plantelor\u201dconsacrat anivers\u0103rii a 65 \u2013 a de la fondarea&hellip; <br \/> <a class=\"read-more\" href=\"https:\/\/gbni.usm.md\/?page_id=1701\">Cite\u0219te mai mult<\/a><\/p>\n","protected":false},"author":1,"featured_media":0,"parent":0,"menu_order":0,"comment_status":"closed","ping_status":"closed","template":"","meta":{"footnotes":""},"class_list":["post-1701","page","type-page","status-publish","hentry"],"rttpg_featured_image_url":null,"rttpg_author":{"display_name":"","author_link":"https:\/\/gbni.usm.md\/?author=1"},"rttpg_comment":0,"rttpg_category":null,"rttpg_excerpt":"Delectus 2010 Materialele\u2002Simpozionului \u015etiin\u0163ific Interna\u0163ional\u2002\u201eConservarea diversit\u0103\u0163ii plantelor\u201dconsacrat anivers\u0103rii a 60-a de la fondarea\u2002Gr\u0103dinii Botanice (Institut) Materialele Simpozionului \u015etiin\u0163ific Interna\u0163ional ,, Conservarea diversit\u0103\u0163ii plantelor&#8221; edi\u0163ia a II-a Publica\u0163ii \u015fi edi\u0163ii Materialele Simpozionului \u015etiin\u0163ific Interna\u0163ional ,, Conservarea diversit\u0103\u0163ii plantelor&#8221; edi\u0163ia a III-a Materialele Simpozionului \u015etiin\u021bific Interna\u021bional \u201cConservarea diversit\u0103\u0163ii plantelor\u201dconsacrat anivers\u0103rii a 65 \u2013 a de la fondarea&hellip;&hellip;","_links":{"self":[{"href":"https:\/\/gbni.usm.md\/index.php?rest_route=\/wp\/v2\/pages\/1701","targetHints":{"allow":["GET"]}}],"collection":[{"href":"https:\/\/gbni.usm.md\/index.php?rest_route=\/wp\/v2\/pages"}],"about":[{"href":"https:\/\/gbni.usm.md\/index.php?rest_route=\/wp\/v2\/types\/page"}],"author":[{"embeddable":true,"href":"https:\/\/gbni.usm.md\/index.php?rest_route=\/wp\/v2\/users\/1"}],"replies":[{"embeddable":true,"href":"https:\/\/gbni.usm.md\/index.php?rest_route=%2Fwp%2Fv2%2Fcomments&post=1701"}],"version-history":[{"count":3,"href":"https:\/\/gbni.usm.md\/index.php?rest_route=\/wp\/v2\/pages\/1701\/revisions"}],"predecessor-version":[{"id":1751,"href":"https:\/\/gbni.usm.md\/index.php?rest_route=\/wp\/v2\/pages\/1701\/revisions\/1751"}],"wp:attachment":[{"href":"https:\/\/gbni.usm.md\/index.php?rest_route=%2Fwp%2Fv2%2Fmedia&parent=1701"}],"curies":[{"name":"wp","href":"https:\/\/api.w.org\/{rel}","templated":true}]}}