{"id":1768,"date":"2023-05-22T12:49:22","date_gmt":"2023-05-22T09:49:22","guid":{"rendered":"https:\/\/gbni.usm.md\/?page_id=1768"},"modified":"2023-05-22T12:49:22","modified_gmt":"2023-05-22T09:49:22","slug":"cercetarea-proceselor-de-dezvoltare-si-multiplicare-microclonala-in-vitro-ex-vitro-si-ex-situ-a-unor-culturi-valoroase-pentru-economia-nationala","status":"publish","type":"page","link":"https:\/\/gbni.usm.md\/?page_id=1768","title":{"rendered":"Cercetarea proceselor de dezvoltare \u015fi multiplicare microclonal\u0103 in vitro, ex vitro \u015fi ex situ a unor culturi valoroase pentru economia na\u0163ional\u0103"},"content":{"rendered":"<p><img decoding=\"async\" src=\"https:\/\/gbni.usm.md\/wp-content\/uploads\/2023\/05\/Picture1.png\" \/><\/p>\n","protected":false},"excerpt":{"rendered":"","protected":false},"author":1,"featured_media":0,"parent":0,"menu_order":0,"comment_status":"closed","ping_status":"closed","template":"","meta":{"footnotes":""},"class_list":["post-1768","page","type-page","status-publish","hentry"],"rttpg_featured_image_url":null,"rttpg_author":{"display_name":"","author_link":"https:\/\/gbni.usm.md\/?author=1"},"rttpg_comment":0,"rttpg_category":null,"rttpg_excerpt":null,"_links":{"self":[{"href":"https:\/\/gbni.usm.md\/index.php?rest_route=\/wp\/v2\/pages\/1768","targetHints":{"allow":["GET"]}}],"collection":[{"href":"https:\/\/gbni.usm.md\/index.php?rest_route=\/wp\/v2\/pages"}],"about":[{"href":"https:\/\/gbni.usm.md\/index.php?rest_route=\/wp\/v2\/types\/page"}],"author":[{"embeddable":true,"href":"https:\/\/gbni.usm.md\/index.php?rest_route=\/wp\/v2\/users\/1"}],"replies":[{"embeddable":true,"href":"https:\/\/gbni.usm.md\/index.php?rest_route=%2Fwp%2Fv2%2Fcomments&post=1768"}],"version-history":[{"count":1,"href":"https:\/\/gbni.usm.md\/index.php?rest_route=\/wp\/v2\/pages\/1768\/revisions"}],"predecessor-version":[{"id":1770,"href":"https:\/\/gbni.usm.md\/index.php?rest_route=\/wp\/v2\/pages\/1768\/revisions\/1770"}],"wp:attachment":[{"href":"https:\/\/gbni.usm.md\/index.php?rest_route=%2Fwp%2Fv2%2Fmedia&parent=1768"}],"curies":[{"name":"wp","href":"https:\/\/api.w.org\/{rel}","templated":true}]}}