{"id":1771,"date":"2023-05-22T12:52:34","date_gmt":"2023-05-22T09:52:34","guid":{"rendered":"https:\/\/gbni.usm.md\/?page_id=1771"},"modified":"2023-05-22T12:52:34","modified_gmt":"2023-05-22T09:52:34","slug":"echipa-de-cercetatori-lab-embriologie-si-biotehnologie","status":"publish","type":"page","link":"https:\/\/gbni.usm.md\/?page_id=1771","title":{"rendered":"Echipa de cercetatori lab.Embriologie si Biotehnologie"},"content":{"rendered":"<p><strong><b>Ciubotaru Alexandru, Ciorchin\u0103 Nina, Codreanu Valentin, Cutcovschi-Mu\u015ftuc Alina, Sedcenco Maria<\/b><\/strong><\/p>\n<p>&nbsp;<\/p>\n<p><img decoding=\"async\" src=\"https:\/\/gbni.usm.md\/wp-content\/uploads\/2023\/05\/Ciubotaru.jpg\" \/><\/p>\n<p><strong><b>Alexandru Ciubotaru<\/b><\/strong>\u00a0\u2013 profesor universitar, academician<\/p>\n<p><strong><b>GRAD \u015eTIIN\u0162IFIC<\/b><\/strong><\/p>\n<p>doctor \u00een biologie, teza sus\u0163inut\u0103 Kiev, 05.1961, doctor habilitat \u00een biologie, teza sus\u0163inut\u0103 01.1971. 1973 &#8211; Profesor universitar, VAC, USSR, Moscova; 1976 &#8211; Membru corespondent al A\u015eRM, Chi\u015fin\u0103u, 1976;\u00a0\u00a01992 &#8211; Membru titular al A\u015eRM, 30 decembrie, Chi\u015fin\u0103u, 1992; 1994 &#8211; Membru titular\u00a0\u00a0al Academiei de \u015etiin\u0163e a Republi autonome Crimea, 21 decembrie, Simferopoli, 1994<\/p>\n<p>&nbsp;<\/p>\n<p><strong><b>DIREC\u0162II DE CERCETARE:<\/b><\/strong><\/p>\n<p>Specialist \u00een selec\u0163ie \u015fi seminologie a plantelor de c\u00e2mp, introducere \u015fi aclimatizare, ocrotire \u015fi acumulare a genofondului de plante decorative, s\u0103lbatice (alohtone);<\/p>\n<p>Specialist \u00een domeniul cariologiei, citologiei, embriologiei, citogeneticii \u015fi\u00a0\u00a0biotehnologiei;<\/p>\n<p>A efectuat proiecte de amenajare \u015fi construc\u0163ie verde \u00een Gr\u0103dina Botanic\u0103 A\u015eM (1965-2006), lucr\u0103ri de amenajare \u015fi dezvoltare a dendroparcului or. Chi\u015fin\u0103u<\/p>\n<p>(1964-1972) \u015fi Gr\u0103dinii Botanice, alei, scveruri \u015fi micro &#8211; expozi\u0163ii: Rozariu,<\/p>\n<p>Gr\u0103dina cu cre\u015ftere dirijat\u0103, Rocariu &#8211; gr\u0103dina de pietre japoneze, Alpinariu &#8211;\u00a0\u00a0gr\u0103dina alpina de munte, Siringariu (1976-1986),\u00a0\u00a0expozi\u0163ia \u015ftiin\u0163ific\u0103 de plante<\/p>\n<p>&nbsp;<\/p>\n<p><strong><b>PUBLICA\u0162II:<\/b><\/strong><\/p>\n<ul>\n<li>1965-2006 &#8211; Conduc\u0103tor \u015ftiin\u0163ific, consultant \u015ftiin\u0163ific a peste 60 de doctoran\u0163i\u00a0\u00a0(din care \u00een \u0163ar\u0103 \u015fi peste hotare au fost sus\u0163inute peste 40 teze de doctor \u015fi 12 de doctor hab.);<\/li>\n<li>1975-1987; 1996 &#8211; p\u00e2n\u0103 \u00een prezent &#8211; Organizator \u015fi pre\u015fedinte al primului Consiliu\u00a0\u00a0specializat la sus\u0163inerea tezelor de doc. hab. la specialitatea \u201eBotanic\u0103\u201d;<\/li>\n<li>1991-1995 &#8211; Organizator al primului Consiliului\u00a0\u00a0specializat la sus\u0163inerea tezelor de\u00a0\u00a0dr. hab. \u00een GBSN (Ialta);<\/li>\n<li>1964-2006 &#8211; Redactor principal, redactor \u015fef, membru diferitor Colegii de redac\u0163ie:\u00a0\u00a0Colegiul de redac\u0163ie enciclopedic a RM, Revista Biologie \u015fi Chimie, A\u015eM, reviste \u015fi monografii seriale \u201eRastitelin\u00eeii mir Moldavii\u201d, \u201eCercet\u0103ri botanice\u201d, \u201eRevista\u00a0\u00a0\u00a0\u00a0\u00a0Botanica\u201d (recenta) etc. Redactor \u015fef, membru a redcolegiului la peste 70\u00a0\u00a0de\u00a0\u00a0monografii;<\/li>\n<li>Autor \u015fi coautor a peste 600 de lucr\u0103ri \u015ftiin\u0163ifice editate \u00een \u0163ar\u0103 \u015fi peste hotare (\u00een\u00a0\u00a0acela\u015f r\u00e2nd autor a 22 de lucr\u0103ri monografice);<\/li>\n<li>1964-2006 &#8211; Fondator \u015fi arhitector (netitular) \u00een proiectarea \u015fi construc\u0163ia Gr\u0103dinii Botanice (Institut) A\u015e RM;<\/li>\n<li>1978-1989\u00a0\u00a0prelegeri, Universitatea de Stat, cursul de embriologie \u015fi citologie;<\/li>\n<li>1999-2001- prelegeri a cursului \u201eProiectarea spa\u0163iilor verzi\u201d \u015fi \u201eConstruc\u0163ia spa\u0163iilor verzi\u201d, Universitatea de Stat (Institutul de \u015ftiin\u0163e reale).<\/li>\n<li>Autor a 18 inven\u0163ii: \u201eContainer metalic pentru transplantarea copacilor mari\u201d \u015fi al.<\/li>\n<\/ul>\n<p><strong><b>MEN\u0162ION\u0102RI\u00a0\u00a0PENTRU MERITE DEOSEBITE:<\/b><\/strong><\/p>\n<p>1996 &#8211; Om emerit al RM;1998 &#8211; Doctor de onoare a Universit\u0103\u0163ii Al. I. Cuza Ia\u015fi, Rom\u00e2nia;\u00a02000 &#8211; Cavaler al Ordinului \u201eGloria muncii\u201d al RM;<\/p>\n<p>2002 &#8211; Medalia \u201eDmitrii Cantemir\u201d;\u00a02004 &#8211; Medalia Golden Fortune \u201e\u0413\u0435\u043e\u0440\u0433\u0438\u0439 \u041f\u043e\u0431\u0435\u0434\u043e\u043d\u043e\u0441\u0435\u0446\u201d, Kiev.\u00a02007 &#8211; decorat cu \u00abOrdinul Republicii\u00bb<\/p>\n<p>2008 &#8211; decorat cu Ordinul \u0420\u0443\u0441\u0441\u043a\u043e\u0439 \u041f\u0440\u0430\u0432\u043e\u0441\u043b\u0430\u0432\u043d\u043e\u0439 \u0426\u0435\u0440\u043a\u0432\u0438 \u00ab\u041f\u0440\u0435\u043f\u043e\u0434\u043e\u0431\u043d\u043e\u0433\u043e \u0421\u0435\u0440\u0433\u0438\u044f \u0420\u0430\u0434\u043e\u043d\u0435\u0436\u0441\u043a\u043e\u0433\u043e III \u0441\u0442\u0435\u043f\u0435\u043d\u0438\u00bb de c\u0103tre Patriarhul Moscovei \u015fi a \u00eentregii Rosiei Alexei\u2013\u00a0\u00a0II. \u0413\u0440\u0430\u043c\u043e\u0442\u0430 \u2116 478 din 28.XI.2008\u2013\u00a0\u00a0\u00ab\u041a\u043e \u0432\u043d\u0438\u043c\u0430\u043d\u0438\u044e \u043a \u0446\u0435\u0440\u043a\u043e\u0432\u043d\u044b\u043c \u0437\u0430\u0441\u043b\u0443\u0433\u0430\u043c, \u0430\u043a\u0430\u0434\u0435\u043c\u0438\u043a\u0443 \u0410\u043b\u0435\u043a\u0441\u0430\u043d\u0434\u0440\u0443 \u0410\u043d\u0434\u0440\u0435\u0435\u0432\u0438\u0447\u0443 \u0427\u0443\u0431\u043e\u0442\u0430\u0440\u0443\u00bb;\u00a0Prin decizia Mitropolitului Chi\u015fin\u0103ului \u015fi al \u00centregii Moldovei Vladimir din 26.XI.10, a fost decorat cu Ordinul \u201eCov. Paisie Veliciovski\u201d de gradul II de c\u0103tre Patriarhia Moldovei \u2013 \u00een semn de recuno\u015ftin\u0163\u0103, pentru activitatea s\u00e2rguincioas\u0103 spre binele \u015fi menirea Bisericii ortodoxe din Moldova;\u00a0A fost decorat cu \u00abDiploma de gradul I\u00bb pentru rezultatele remarcabile \u00een domeniul \u015ftiin\u0163ei \u015fi inov\u0103rii, preg\u0103tirii cadrelor de \u00eenalt\u0103 calificare \u015fi cu prilejul anivers\u0103rii a 60 ani de la fondarea GB (I) A\u015eM, \u00eesc\u0103lit\u0103 de Prim- ministru a RM, Vlad Filat din 8.X.2010.<\/p>\n<p><img fetchpriority=\"high\" decoding=\"async\" class=\"alignnone  wp-image-1772\" src=\"https:\/\/gbni.usm.md\/wp-content\/uploads\/2023\/05\/Ciorchina\u0306.jpg\" alt=\"\" width=\"227\" height=\"295\" \/><\/p>\n<p><strong><b>Ciorchin\u0103 Nina<\/b><\/strong>\u00a0\u2013 conferen\u0163iar universitar<\/p>\n<p>&nbsp;<\/p>\n<p><strong><b>GRAD \u015eTIIN\u0162IFIC<\/b><\/strong><\/p>\n<p>doctor \u00een biologie, specialitatea botanica 03.00.05. Cercet\u0103tor\u00a0\u00a0\u015ftiin\u0163ific \u00een domeniul citoembriologiei plantelor alohtone \u015fi autohtone, diversitatea floristic\u0103 \u015fi cariotipurile.\u00a01993 \u2013 Sus\u0163inut\u0103 teza cercetarea citoembriologic\u0103 \u015fi cariologic\u0103 a speciilor din genul Artemisia L. Introduc\u0163ia \u015fi implementarea speciilor noi, depistarea \u015fi descrierea\u00a0\u00a03 specii noi.<\/p>\n<p>&nbsp;<\/p>\n<p><strong><b>DIREC\u0162II DE CERCETARE:<\/b><\/strong><\/p>\n<p>Specialist \u00een domeniul botanicii structurale, cariologiei, citologiei, embriologiei, citogeneticii \u015fi\u00a0\u00a0biotehnologiei<\/p>\n<p>&nbsp;<\/p>\n<p><strong><b>PUBLICA\u0162II:<\/b><\/strong><\/p>\n<ul>\n<li>Particularit\u0103\u0163ile citoembriologice \u015fi biomorfologice ale proceselor de regenerare \u201ein vitro\u201d \u015fi \u201ein situ\u201d a unor culturi noi pentru Republica Moldova\u201d. Simpozion \u015etiin\u0163ific dedicat s\u0103rb\u0103torii Gr\u0103dinii Botanice \u201eAl. Buia\u201d din Craiova 1952-2002 \u015fi Gr\u0103dinii Botanice Montane \u201eM. P\u0103un\u201d R\u00e2nca, M-\u0163ii Par\u00e2ng 1977-2002., Cluj-Napoca, 2004, p.225-238.<\/li>\n<li>\u041e\u0441\u043e\u0431\u0435\u043d\u043d\u043e\u0441\u0442\u0438 \u043c\u0438\u043a\u0440\u043e\u043a\u043b\u043e\u043d\u0438\u0440\u043e\u0432\u0430\u043d\u0438\u044f \u201ein vitro\u201d \u0440\u0435\u0434\u043a\u043e\u0433\u043e \u0440\u0430\u0441\u0442\u0435\u043d\u0438\u044f \u201dLilium martagon L.\u201d\u0412\u0438\u0441\u043d\u0438\u043a \u041aii\u0432\u0441\u043a\u043e\u0433\u043e \u043d\u0430\u0446\u0438\u043e\u043d\u0430\u043b\u044c\u043d\u043e\u0433\u043e \u0443\u043d\u0438\u0432\u0435\u0440\u0441\u0438\u0442\u0435\u0442\u0443 \u0438\u043c\u0435\u043d\u0438 \u0422\u0430\u0440\u0430\u0441\u0430 \u0428\u0435\u0432\u0447\u0435\u043d\u043a\u0430 \u0418\u043d\u0442\u0440\u043e\u0434\u0443\u043a\u0446\u0438\u044f \u0442\u0430 \u0437\u0431\u0435\u0440\u0435\u0436\u0435\u043d\u0438\u044f \u0440\u043e\u0441\u043b\u0438\u043d\u043d\u043e\u0433\u043e \u0440\u0438\u0437\u043d\u043e\u043c\u0430\u043d\u0438\u0442\u0442\u044f 18-22 \u043c\u0430\u044f. 2009 \u041a\u0438\u0435\u0432 \u0442 25-27, \u0441\u0442\u0440.157-167.<\/li>\n<li>Speciile genului Actinidia Lindl. perspectivele regener\u0103rii \u015fi cultiv\u0103rii \u00een R. Moldova. Conferin\u0163a interna\u0163ional\u0103 Aspecte \u015ftiin\u0163ifico-practice a dezvolt\u0103rii durabile a sectorului forestier din R.Moldova consacrate\u00a0\u00a040 de ani de la fondare ICAS 17-18 noiembrie 2006, or.Chi\u015fin\u0103u, pag.173-177.<\/li>\n<li>Lumea vegetal\u0103 a Moldovei.Volumul 4. Plante cu flori III. Clasa Liliopsida:Subclasele: Alimatidae, Lilidae, Arecidae.Chi\u015fin\u0103u \u201e\u015etiin\u0163a\u201d2007, 180 pag.<\/li>\n<\/ul>\n<p><strong><b>E-mail:<\/b><\/strong>\u00a0ninaciorchina@mail.ru<\/p>\n<p>&nbsp;<\/p>\n<p><img decoding=\"async\" class=\"alignnone size-full wp-image-1774\" src=\"https:\/\/gbni.usm.md\/wp-content\/uploads\/2023\/05\/Codreanu.jpg\" alt=\"\" width=\"206\" height=\"266\" \/><\/p>\n<p><strong><b>Codreanu Valentin<\/b><\/strong>\u00a0&#8211; conferen\u0163iar universitar<\/p>\n<p><strong><b>GRAD \u015eTIIN\u0162IFIC<\/b><\/strong><\/p>\n<p>doctor habilitat \u00een biologie, specialitatea botanica 03.00.05. Cercet\u0103tor\u00a0\u00a0\u015ftiin\u0163ific \u00een domeniul anatomiei plantelor denumirea tezei: \u201dAnatomia comparat\u0103 a vi\u0163ei de vie (Vitis L.)\u201d 2002.<\/p>\n<p>&nbsp;<\/p>\n<p><strong><b>DIREC\u0162II DE CERCETARE:<\/b><\/strong><\/p>\n<p>Specialist \u00een domeniul botanicii structurale, anatomia comparat\u0103 a plantelor superioare.<\/p>\n<p>&nbsp;<\/p>\n<p><strong><b>PUBLICA\u0162II:<\/b><\/strong><\/p>\n<ul>\n<li>Codreanu V. Anatomia comparat\u0103 a vi\u0163ei de vie (Vitis L.)\u00a0\u00a0&#8211; Chi\u015fin\u0103u, Combinatul Poligrafic, 2006, 252 pagini.<\/li>\n<li>Codreanu V., Savin Gh., Cornea V., Grigora\u015f V. Anatomia epidermei frunzei la unele soiuri de vi\u0163\u0103 de vie Vitis vinifera L. \u2013 \u201eStudia Universitatis\u201d, Revist\u0103 \u015ftiin\u0163ific\u0103 a USM. Seria \u201e\u015etiin\u0163e ale naturii\u201d, Chi\u015fin\u0103u, 2008, Nr. 7(17), p.60-69.<\/li>\n<li>Codreanu V. Structura anatomic\u0103 a laminei frunzei la unele specii de vi\u0163\u0103 de vie \u2013 \u201eStudia Universitatis\u201d, seria \u201e\u015etiin\u0163e ale naturii\u201d, Nr. 6(26), 2009, p. 60-67. Chi\u015fin\u0103u, 2009.<\/li>\n<\/ul>\n","protected":false},"excerpt":{"rendered":"<p>Ciubotaru Alexandru, Ciorchin\u0103 Nina, Codreanu Valentin, Cutcovschi-Mu\u015ftuc Alina, Sedcenco Maria &nbsp; Alexandru Ciubotaru\u00a0\u2013 profesor universitar, academician GRAD \u015eTIIN\u0162IFIC doctor \u00een biologie, teza sus\u0163inut\u0103 Kiev, 05.1961, doctor habilitat \u00een biologie, teza sus\u0163inut\u0103 01.1971. 1973 &#8211; Profesor universitar, VAC, USSR, Moscova; 1976 &#8211; Membru corespondent al A\u015eRM, Chi\u015fin\u0103u, 1976;\u00a0\u00a01992 &#8211; Membru titular al A\u015eRM, 30 decembrie, Chi\u015fin\u0103u,&hellip; <br \/> <a class=\"read-more\" href=\"https:\/\/gbni.usm.md\/?page_id=1771\">Cite\u0219te mai mult<\/a><\/p>\n","protected":false},"author":1,"featured_media":0,"parent":0,"menu_order":0,"comment_status":"closed","ping_status":"closed","template":"","meta":{"footnotes":""},"class_list":["post-1771","page","type-page","status-publish","hentry"],"rttpg_featured_image_url":null,"rttpg_author":{"display_name":"","author_link":"https:\/\/gbni.usm.md\/?author=1"},"rttpg_comment":0,"rttpg_category":null,"rttpg_excerpt":"Ciubotaru Alexandru, Ciorchin\u0103 Nina, Codreanu Valentin, Cutcovschi-Mu\u015ftuc Alina, Sedcenco Maria &nbsp; Alexandru Ciubotaru\u00a0\u2013 profesor universitar, academician GRAD \u015eTIIN\u0162IFIC doctor \u00een biologie, teza sus\u0163inut\u0103 Kiev, 05.1961, doctor habilitat \u00een biologie, teza sus\u0163inut\u0103 01.1971. 1973 &#8211; Profesor universitar, VAC, USSR, Moscova; 1976 &#8211; Membru corespondent al A\u015eRM, Chi\u015fin\u0103u, 1976;\u00a0\u00a01992 &#8211; Membru titular al A\u015eRM, 30 decembrie, Chi\u015fin\u0103u,&hellip;&hellip;","_links":{"self":[{"href":"https:\/\/gbni.usm.md\/index.php?rest_route=\/wp\/v2\/pages\/1771","targetHints":{"allow":["GET"]}}],"collection":[{"href":"https:\/\/gbni.usm.md\/index.php?rest_route=\/wp\/v2\/pages"}],"about":[{"href":"https:\/\/gbni.usm.md\/index.php?rest_route=\/wp\/v2\/types\/page"}],"author":[{"embeddable":true,"href":"https:\/\/gbni.usm.md\/index.php?rest_route=\/wp\/v2\/users\/1"}],"replies":[{"embeddable":true,"href":"https:\/\/gbni.usm.md\/index.php?rest_route=%2Fwp%2Fv2%2Fcomments&post=1771"}],"version-history":[{"count":1,"href":"https:\/\/gbni.usm.md\/index.php?rest_route=\/wp\/v2\/pages\/1771\/revisions"}],"predecessor-version":[{"id":1775,"href":"https:\/\/gbni.usm.md\/index.php?rest_route=\/wp\/v2\/pages\/1771\/revisions\/1775"}],"wp:attachment":[{"href":"https:\/\/gbni.usm.md\/index.php?rest_route=%2Fwp%2Fv2%2Fmedia&parent=1771"}],"curies":[{"name":"wp","href":"https:\/\/api.w.org\/{rel}","templated":true}]}}