{"id":1791,"date":"2023-05-22T13:32:09","date_gmt":"2023-05-22T10:32:09","guid":{"rendered":"https:\/\/gbni.usm.md\/?page_id=1791"},"modified":"2023-05-22T13:32:09","modified_gmt":"2023-05-22T10:32:09","slug":"laboratorul-flora-spontana-si-ierbar","status":"publish","type":"page","link":"https:\/\/gbni.usm.md\/?page_id=1791","title":{"rendered":"Laboratorul Flora Spontan\u0103 \u015fi Ierbar"},"content":{"rendered":"<p><strong><b>\u00a0 \u00a0 \u00a0 \u00a0 \u00a0 \u00a0 \u00a0 \u00a0 \u00a0 \u00a0 \u00a0 \u00a0 \u00a0 \u00a0 \u00a0 \u00a0 \u00a0 \u00a0 \u00a0 \u00a0 \u00a0 \u00a0 \u00a0 \u00a0 \u00a0 \u00a0 \u00a0 \u00a0 \u00a0 \u00a0 \u00a0 \u00a0 \u00a0 \u00a0 \u00a0 \u00a0 \u00a0 \u00a0 \u00a0 \u00a0 \u00a0 \u00a0 \u00a0 \u00a0 \u00a0 \u00a0 \u00a0 \u00a0 Scurt istoric<\/b><\/strong><\/p>\n<p><strong><b>\u00a0 \u00a0 \u00a0 Fondat \u00een 1950 de c\u0103tre membru-cor. T. Gheideman (1950-1965 &#8211; grupa de Flor\u0103 \u015fi Geobotanic\u0103; 1965-1992 &#8211; laboratorul de Flor\u0103 \u015fi Geobotanic\u0103; 1992 \u2013 prezent laboratorul Flora Spontan\u0103 \u015fi Ierbar).<\/b><\/strong><strong><b><br \/>\n<\/b><\/strong><strong><b>\u00a0 \u00a0 \u00a0 Primele cercet\u0103ri floristice din cadrul laboratorului au fost consacrate lucr\u0103rilor de inventariere a componen\u0163ei taxonomice a lumii vegetale spontane a republicii, studierea florei \u015fi vegeta\u0163iei \u00een vederea valorific\u0103rii ra\u0163ionale \u015fi conserv\u0103rii comunit\u0103\u0163ilor naturale. Aceast\u0103 etap\u0103 de cercet\u0103ri s-a finalizat cu editarea determinatorului \u201eOpredeliteli rastenii Moldavscoi SSR\u201d (T.Gheideman, 1954), mai t\u00e2rziu urmate de \u00eenc\u0103 dou\u0103 edi\u0163ii (T. Gheideman, 1975, 1986). Studiul geobotanic al vegeta\u0163iei forestiere, stepice \u015fi de lunc\u0103 s-a soldat cu raionarea geobotanic\u0103, elaborarea clasific\u0103rii tipurilor de p\u0103dure a republicii (Gheideman \u015fi a., 1964).<\/b><\/strong><strong><b><br \/>\n<\/b><\/strong><strong><b>\u00a0 \u00a0 \u00a0 \u00a0\u00cen cadrul laboratorului din 1962 se ini\u0163iaz\u0103 cercetarea briofitelor pe teritoriul Moldovei. \u00cen baza unui studiu minu\u0163ios a fost eviden\u0163iat\u0103 componen\u0163a lor specific\u0103, efectuat\u0103 analiza ecologic\u0103, geografic\u0103 \u015fi eviden\u0163iat rolul lor fitocenotic. Din 1977, \u00een cadrul grupului de plante cu spori au fost efectuate cercet\u0103ri ale lichenofitelor (dr. Simonov Gh.), a ciupercilor-macromicete (dr. Manic \u015et.). Cercet\u0103rile efectuate au permis eviden\u0163ierea componen\u0163ei taxonomice a lichenilor din R. Moldova \u015fi respectiv a ciupercilor macromicete.<\/b><\/strong><strong><b><br \/>\n<\/b><\/strong><strong><b>\u00a0 \u00a0 \u00a0 \u00a0\u00cen structura Laboratorului Flor\u0103 \u015fi Geobotanic\u0103, \u00een 1972 a fost creat\u0103 grupa de paleobotanic\u0103 (fondator acad. A. Negru), cu o direc\u0163ie nou\u0103 de cercet\u0103ri fundamentale privind \u201eFlora miocenic\u0103 din nord-vestul bazinului M\u0103rii Negre\u201d. Cercet\u0103rile au fost efectuate \u00een baza materialului colectat din peste 60 aflorimente miocenice prin metodele paleocarpologic\u0103, paleofoliologic\u0103 \u015fi paleopalinologic\u0103; au fost eviden\u0163iate peste 500 taxoni paleofloristici, dintre care 150 specii s-au dovedit a fi noi pentru \u015ftiin\u0163\u0103.<\/b><\/strong><strong><b><br \/>\n<\/b><\/strong><strong><b>\u00cen cadrul laboratorului au fost efectuate \u015fi cercet\u0103ri paleoetnobotanice, av\u00e2nd ca scop eviden\u0163ierea istoriei dezvolt\u0103rii plantelor de cultur\u0103 (din s\u0103p\u0103turile arheologice) din nord-vestul bazinului M\u0103rii Negre (dr. hab.\u015ft.biol. Z.Ianu\u015fevici). Materialul paleoetnobotanic at\u00e2t din regiunea de studiu, c\u00e2t \u015fi din regiunile limitrofe elucideaz\u0103 procesul evolutiv \u015fi de migra\u0163ie ale principalelor plante de cultur\u0103 din nord-vestul bazinului M\u0103rii Negre.<\/b><\/strong><strong><b><br \/>\n<\/b><\/strong><strong><b>\u00a0 \u00a0 \u00a0 \u00a0\u00cencep\u00e2nd cu a.1993 cercet\u0103rile din cadrul laboratorului au fost axate la abordarea temei \u201ePrecizarea componen\u0163ei taxonomice a florei naturale din Basarabia, studiul particularit\u0103\u0163ilor biologice,ecologice, corologice\u201d \u015fi editarea monografiei \u201eFlora ilustrat\u0103 a Basarabiei\u201d \u00een 6 volume. Sunt preg\u0103tite pentru editare volumele I-IV.<\/b><\/strong><\/p>\n<p><strong><b><br \/>\n<\/b><\/strong><strong><b>\u00a0 \u00a0 \u00a0 \u00a0 \u00a0 \u00a0 \u00a0 \u00a0 \u00a0 \u00a0 \u00a0 \u00a0 \u00a0 \u00a0 \u00a0 \u00a0 \u00a0 \u00a0 \u00a0 \u00a0 \u00a0 \u00a0 \u00a0 \u00a0 \u00a0 \u00a0 \u00a0 \u00a0 \u00a0 \u00a0 \u00a0 \u00a0 \u00a0 \u00a0 \u00a0 \u00a0 \u00a0 \u00a0 \u00a0 \u00a0 \u00a0 \u00a0 \u00a0Componen\u0163a actual\u0103 a laboratorului<\/b><\/strong><\/p>\n<p><strong><b>\u2020 Negru Andrei, academician. \u015fef de laborator;<\/b><\/strong><\/p>\n<p><strong><b>\u015etef\u0103r\u0163a Ana, doctor habilitat, om emerit \u00een \u015ftiin\u0163\u0103, cercet\u0103tor \u015ft. principal;<\/b><\/strong><strong><b><br \/>\n<\/b><\/strong><strong><b>\u015eabanova Galina, doctor \u00een biologie, conferen\u0163iar cercet\u0103tor, cercet\u0103tor \u015ft. coordonator;<\/b><\/strong><strong><b><br \/>\n<\/b><\/strong><strong><b>Cantemir Valentina, doctor \u00een biologie, conferen\u0163iar cercet\u0103tor, cercet\u0103tor \u015ft. coordonator, \u015fef de laborator interimar;<\/b><\/strong><strong><b><br \/>\n<\/b><\/strong><strong><b>Izverscaia Tatiana, doctor \u00een biologie, conferen\u0163iar cercet\u0103tor, cercet\u0103tor \u015ft. coordonator;<\/b><\/strong><strong><b><br \/>\n<\/b><\/strong><strong><b>Ghendov Veaceslav, doctor \u00een biologie, conferen\u0163iar cercet\u0103tor, cercet\u0103tor \u015ft. coordonator;<\/b><\/strong><strong><b><br \/>\n<\/b><\/strong><strong><b>Ioni\u0163a Olga, cercet\u0103tor stagiar;<\/b><\/strong><strong><b><br \/>\n<\/b><\/strong><strong><b>Rotari Maria, specialist coordonator<\/b><\/strong><\/p>\n<p><strong><b>\u00a0 \u00a0 \u00a0 \u00a0 \u00a0 \u00a0 \u00a0 \u00a0 \u00a0 \u00a0 \u00a0 \u00a0 \u00a0 \u00a0 \u00a0 \u00a0 \u00a0 \u00a0 \u00a0 \u00a0 \u00a0 \u00a0 \u00a0 \u00a0 \u00a0 \u00a0 \u00a0 \u00a0 \u00a0 \u00a0 \u00a0 \u00a0 \u00a0 \u00a0 \u00a0 \u00a0 \u00a0 \u00a0 \u00a0 \u00a0 \u00a0 \u00a0 \u00a0 \u00a0 \u00a0 \u00a0 \u00a0 \u00a0 \u00a0 \u00a0 \u00a0 \u00a0 \u00a0 \u00a0 \u00a0 \u00a0 \u00a0 \u00a0 \u00a0Realiz\u0103ri<\/b><\/strong><\/p>\n<p><strong><b>\u00a0 \u00a0 \u00a0 \u00a0Pe parcursul ultimilor decenii membrii laboratorului au realizat un \u015fir de lucr\u0103ri \u015ftiin\u0163ifice cu caracter fundamental \u015fi aplicativ.<\/b><\/strong><strong><b><br \/>\n<\/b><\/strong><strong><b>Stabilit genofondul florei spontane a Republicii Moldova (plante vasculare \u2013 1837, mu\u015fchi \u2013 160, licheni \u2013 134, ciuperci macromicete \u2013 peste 300 taxoni).<\/b><\/strong><strong><b><br \/>\n<\/b><\/strong><strong><b>Eviden\u0163iat\u0103 tipologia fondului forestier al republicii.<\/b><\/strong><strong><b><br \/>\n<\/b><\/strong><strong><b>Eviden\u0163iate sectoarele de p\u0103duri etalon.<\/b><\/strong><strong><b><br \/>\n<\/b><\/strong><strong><b>Relevat\u0103 componen\u0163a speciilor rare \u015fi elaborat\u0103 lista speciilor incluse \u00een Cartea Ro\u015fie.<\/b><\/strong><strong><b><br \/>\n<\/b><\/strong><strong><b>Elaborate concep\u0163iile Cronoflora-Cleome a Eurasiei \u015fi Hadobiogenic\u0103 cu privire la originea vie\u0163ii pe Tera.<\/b><\/strong><strong><b><br \/>\n<\/b><\/strong><strong><b>Stabili\u0163i peste 150 taxoni paleofloristici noi pentru \u015ftiin\u0163\u0103.<\/b><\/strong><strong><b><br \/>\n<\/b><\/strong><strong><b>Creat Herbarul Gr\u0103dinii Botanice constituit din peste 190 mii de exsicate.<\/b><\/strong><strong><b><br \/>\n<\/b><\/strong><strong><b>Editate monografiile: \u0420\u0430\u0441\u0442\u0438\u0442\u0435\u043b\u044c\u043d\u044b\u0439 \u043c\u0438\u0440 \u041c\u043e\u043b\u0434\u0430\u0432\u0438\u0438, \u00een 5 volume.<\/b><\/strong><strong><b><br \/>\n<\/b><\/strong><strong><b>Cartea Ro\u015fie a Republicii Moldova. Plante, ed. I, II.<\/b><\/strong><strong><b><br \/>\n<\/b><\/strong><strong><b>Plantele rare din flora spontan\u0103 a Republicii Moldova.<\/b><\/strong><strong><b><br \/>\n<\/b><\/strong><strong><b>Lumea vegetal\u0103 a Moldovei. Plante cu flori \u2013 I, vol. 2.<\/b><\/strong><strong><b><br \/>\n<\/b><\/strong><strong><b>Lumea vegetal\u0103 a Moldovei. Plante cu flori \u2013 II, vol. 3.<\/b><\/strong><strong><b><br \/>\n<\/b><\/strong><strong><b>Determinator de plante din flora Republicii Moldova.<\/b><\/strong><\/p>\n<p><strong><b>\u00cen cadrul laboratorului au fost sus\u0163inute 6 teze de doctor habilitat \u015fi 26 de doctor \u00een \u015ftiin\u0163e biologice; editate circa 30 de monografii, determinatoare, bro\u015furi \u015fi peste 500 articole \u015ftiin\u0163ifice; un brevet de inven\u0163ie.<\/b><\/strong><strong><b><br \/>\n<\/b><\/strong><strong><b>Actualmente, colectivul laboratorului, \u00een urm\u0103totii patru ani, va activa \u00een cadrul temei \u201eCercetarea florei vasculare a Republicii Moldova \u015fi teritoriilor limitrofe, eviden\u0163ierea componen\u0163ei taxonomice pentru elaborarea C\u0103rtii Ro\u015fii \u015fi editarea monografiei Flora Basarabiei \u201c.<\/b><\/strong><\/p>\n<p><strong><b>\u00a0 \u00a0 \u00a0 \u00a0 \u00a0 \u00a0 \u00a0 \u00a0 \u00a0 \u00a0 \u00a0 \u00a0 \u00a0 \u00a0 \u00a0 \u00a0 \u00a0 \u00a0 \u00a0 \u00a0 \u00a0 \u00a0 \u00a0 \u00a0 \u00a0 \u00a0 \u00a0 \u00a0 \u00a0 \u00a0 \u00a0 \u00a0 \u00a0 \u00a0 \u00a0 \u00a0 \u00a0 \u00a0 \u00a0 \u00a0 \u00a0 \u00a0 \u00a0 \u00a0 \u00a0 \u00a0 \u00a0 \u00a0 \u00a0 \u00a0 \u00a0 \u00a0 \u00a0 \u00a0 \u00a0 \u00a0 \u00a0 \u00a0 \u00a0 \u00a0 Publica\u0163ii<\/b><\/strong><\/p>\n<ul>\n<li><b><\/b><strong><b>Baclanov V. Ordinul Najadales din flora Basarabiei (morfologie, taxonomie, bioecologie, corologie).\/\/ Autoref. tezei de doct. \u015ft. biol. Chi\u015fin\u0103u. 1998.<\/b><\/strong><\/li>\n<li><b><\/b><strong><b>G\u00e2nju Gh. Subfamilia Cyperoideae Juss. din flora Basarabiei (morfologie, taxonomie, bioecologie, corologie).\/\/ Autoref. tezei de doct. \u015ft. biol. Chi\u015fin\u0103u. 1998.<\/b><\/strong><\/li>\n<li><b><\/b><strong><b>Ghendov V. Familia Juncaceae Juss. din flora Basarabiei (morfologie, taxonomie, bioecologie, corologie).\/\/ Autoref. tezei de doct. \u015ft. biol. Chi\u015fin\u0103u. 1998.<\/b><\/strong><\/li>\n<li><b><\/b><strong><b>Cartea Ro\u015fie a Republicii Moldova. Plante. Chi\u015fin\u0103u:\u015etiin\u0163a. 2001. ed. II.<\/b><\/strong><\/li>\n<li><b><\/b><strong><b>Negru A. Determinator de plante din flora Republicii Moldova. Chi\u015fin\u0103u:Universul, 2007, 391 p.<\/b><\/strong><\/li>\n<li><b><\/b><strong><b>Negru A., \u015eabanova G., Cantemir V., G\u00e2nju Gh., Ghendov V., Baclanov V. Plantele rare din flora spontan\u0103 a Republicii Moldova. Chi\u015fin\u0103u. 2002.<\/b><\/strong><\/li>\n<li><b><\/b><strong><b>Negru A., Ana \u015etef\u00e2r\u0163\u0103., Valentina Cantemir, G\u00e2nju Gh. Lumea vegetal\u0103 a Moldovei Vol. II, Chi\u015fin\u0103u, Ed. \u015etiin\u0163a. 2005, 208 p.<\/b><\/strong><\/li>\n<li><b><\/b><strong><b>Negru A., Ana \u015etef\u00e2r\u0163\u0103., Valentina Cantemir, G\u00e2nju Gh., Ghendov V. Lumea vegetal\u0103 a Moldovei Vol. III, Chi\u015fin\u0103u, Ed. \u015etiin\u0163a. 2006, 204 p.<\/b><\/strong><\/li>\n<li><b><\/b><strong><b>Republica Moldova. Primul raport na\u0163ional cu privire la diversitatea biologic\u0103. Chi\u015fin\u0103u. 2000. 65 p.<\/b><\/strong><\/li>\n<li><b><\/b><strong><b>Strategia Conserv\u0103rii Biodiversit\u0103\u0163ii Republicii Moldova. 2000. 110 p.<\/b><\/strong><\/li>\n<li><b><\/b><strong><b>\u015etef\u00e2r\u0163\u0103 A. Flora miocenic\u0103 din interfluviul Nistru-Prut.\/\/ Ref. pentru ob\u0163inerea titlului \u015ft. de doctor habilitat \u015ft. biol. \u00een baza lucr\u0103rilor publicate.<\/b><\/strong><\/li>\n<li><b><\/b><strong><b>\u0410\u043d\u0434\u0440\u0435\u0435\u0432 \u0412. \u0414\u0435\u0440\u0435\u0432\u044c\u044f \u0438 \u043a\u0443\u0441\u0442\u0430\u0440\u043d\u0438\u043a\u0438 \u041c\u043e\u043b\u0434\u0430\u0432\u0438\u0438.\/\/ \u0412\u044b\u043f. 1. \u041d\u0430\u0443\u043a\u0430. 1957; \u0412\u044b\u043f. 2. \u041a\u0430\u0440\u0442\u044f \u043c\u043e\u043b\u0434\u043e\u0432\u0435\u043d\u044f\u0441\u043a\u044d. \u041a\u0438\u0448\u0438\u043d\u044d\u0443. 1964; \u0412\u044b\u043f. 3. \u041a\u0430\u0440\u0442\u044f \u043c\u043e\u043b\u0434\u043e\u0432\u0435\u043d\u044f\u0441\u043a\u044d. \u041a\u0438\u0448\u0438\u043d\u044d\u0443. 1968.<\/b><\/strong><\/li>\n<li><b><\/b><strong><b>\u0412\u0438\u0442\u043a\u043e \u041a. \u042d\u043a\u043e\u043b\u043e\u0433\u0438\u044f \u0441\u043a\u0443\u043c\u043f\u0438\u0435\u0432\u043e\u0439 \u0434\u0443\u0431\u0440\u0430\u0432\u044b \u0432 \u041c\u043e\u043b\u0434\u0430\u0432\u0438\u0438. \u041a\u0438\u0448\u0438\u043d\u044d\u0443:\u0428\u0442\u0438\u0438\u043d\u0446\u0430. 1972.<\/b><\/strong><\/li>\n<li><b><\/b><strong><b>\u0413\u0435\u0439\u0434\u0435\u043c\u0430\u043d \u0422. \u0411\u0443\u043a\u043e\u0432\u0430\u044f \u0434\u0443\u0431\u0440\u0430\u0432\u0430 \u0432 \u041c\u043e\u043b\u0434\u0430\u0432\u0441\u043a\u043e\u0439 \u0421\u0421\u0420. \u041a\u0438\u0448\u0438\u043d\u044d\u0443. 1969.<\/b><\/strong><\/li>\n<li><b><\/b><strong><b>\u0413\u0435\u0439\u0434\u0435\u043c\u0430\u043d \u0422. \u041e \u0433\u0435\u043e\u0431\u043e\u0442\u0430\u043d\u0438\u0447\u0435\u0441\u043a\u043e\u043c \u0440\u0430\u0439\u043e\u043d\u0438\u0440\u043e\u0432\u0430\u043d\u0438\u0438 \u041c\u043e\u043b\u0434\u0430\u0432\u0441\u043a\u043e\u0439 \u0421\u0421\u0420.\/\/\u041f\u0440\u043e\u0431\u043b\u0435\u043c\u044b \u0441\u043e\u0432\u0440\u0435\u043c\u0435\u043d\u043d\u043e\u0439 \u0431\u043e\u0442\u0430\u043d\u0438\u043a\u0438. \u041c.:\u041d\u0430\u0443\u043a\u0430. 1965.<\/b><\/strong><\/li>\n<li><b><\/b><strong><b>\u0413\u0435\u0439\u0434\u0435\u043c\u0430\u043d \u0422. \u041e\u043f\u0440\u0435\u0434\u0435\u043b\u0438\u0442\u0435\u043b\u044c \u0432\u044b\u0441\u0448\u0438\u0445 \u0440\u0430\u0441\u0442\u0435\u043d\u0438\u0439 \u041c\u043e\u043b\u0434\u0430\u0432\u0441\u043a\u043e\u0439 \u0421\u0421\u0420. \u041c.-\u041b. \u041d\u0430\u0443\u043a\u0430. 1954, \u041a\u0438\u0448\u0438\u043d\u044d\u0443:\u0428\u0442\u0438\u0438\u043d\u0446\u0430, 1975 \u0438\u0437\u0434. 2.; 1986 \u0438\u0437\u0434. 3..<\/b><\/strong><\/li>\n<li><b><\/b><strong><b>\u0413\u0435\u0439\u0434\u0435\u043c\u0430\u043d \u0422., \u041d\u0438\u043a\u043e\u043b\u0430\u0435\u0432\u0430 \u041b. \u0438 \u0434\u0440. \u0422\u0438\u043f\u044b \u043b\u0435\u0441\u0430 \u0438 \u043b\u0435\u0441\u043d\u044b\u0435 \u0430\u0441\u0441\u043e\u0446\u0438\u0430\u0446\u0438\u0438 \u041c\u043e\u043b\u0434\u0430\u0432\u0441\u043a\u043e\u0439 \u0421\u0421\u0420. \u041a\u0438\u0448\u0438\u043d\u044d\u0443:\u041a\u0430\u0440\u0442\u044f \u043c\u043e\u043b\u0434\u043e\u0432\u0435\u043d\u044f\u0441\u043a\u044d. 1964.<\/b><\/strong><\/li>\n<li><b><\/b><strong><b>\u0418\u0437\u0432\u0435\u0440\u0441\u043a\u0430\u044f \u0422.\u0414. \u0421\u0435\u043c\u0435\u0439\u0441\u0442\u0432\u043e \u0413\u0432\u043e\u0437\u0434\u0438\u0447\u043d\u044b\u0445 (Caryophyllaceae Juss.) \u041c\u043e\u043b\u0434\u0430\u0432\u0438\u0438. \u0410\u0432\u0442\u043e\u0440\u0435\u0444. \u0434\u0438\u0441\u0441. \u043a.\u0431.\u043d. 1988. 21 \u0441.<\/b><\/strong><\/li>\n<li><b><\/b><strong><b>\u0418\u0441\u0442\u0440\u0430\u0442\u0438\u0439 \u0410., \u0412\u0438\u0442\u043a\u043e \u041a. \u0438 \u0434\u0440. \u0420\u0430\u0441\u0442\u0438\u0442\u0435\u043b\u044c\u043d\u044b\u0439 \u043f\u043e\u043a\u0440\u043e\u0432 \u0437\u0430\u043f\u043e\u0432\u0435\u0434\u043d\u043e\u0433\u043e \u0443\u0440\u043e\u0447\u0438\u0449\u0430 \u00ab\u0413\u044b\u0440\u0442\u043e\u043f\u00bb \u0432 \u041f\u0440\u0438\u0434\u043d\u0435\u0441\u0442\u0440\u043e\u0432\u044c\u0435 \u041c\u043e\u043b\u0434\u0430\u0432\u0438\u0438.\/\/ \u0418\u0437\u0432. \u0410\u041d \u041c\u0421\u0421\u0420. \u0421\u0435\u0440. \u0431\u0438\u043e\u043b. \u0438 \u0445\u0438\u043c. \u043d\u0430\u0443\u043a. \u041a\u0438\u0448\u0438\u043d\u044d\u0443, 1989. \u2116 3. \u0421. 10-15.<\/b><\/strong><\/li>\n<li><b><\/b><strong><b>\u041a\u0430\u043d\u0442\u0435\u043c\u0438\u0440 \u0412. \u0421\u0440\u0435\u0434\u043d\u0435-\u043f\u043e\u0437\u0434\u043d\u0435\u0441\u0430\u0440\u043c\u0430\u0442\u0441\u043a\u0430\u044f \u0444\u043b\u043e\u0440\u0430 \u0441\u0435\u0432\u0435\u0440\u043e-\u0437\u0430\u043f\u0430\u0434\u043d\u043e\u0433\u043e \u041f\u0440\u0438\u0447\u0435\u0440\u043d\u043e\u043c\u043e\u0440\u044c\u044f (\u043f\u043e \u043f\u0430\u043b\u0435\u043e\u043a\u0430\u0440\u043f\u043e\u043b\u043e\u0433\u0438\u0447\u0435\u0441\u043a\u0438\u043c \u0434\u0430\u043d\u043d\u044b\u043c). \/\/ \u0410\u0432\u0442\u043e\u0440\u0435\u0444. \u0434\u0438\u0441\u0441. \u043d\u0430 \u0441\u043e\u0438\u0441\u043a. \u0443\u0447. \u0441\u0442\u0435\u043f\u0435\u043d\u0438 \u043a\u0430\u043d\u0434. \u0431\u0438\u043e\u043b. \u043d\u0430\u0443\u043a. \u041a\u0438\u0448\u0438\u043d\u044d\u0443. 1993.<\/b><\/strong><\/li>\n<li><b><\/b><strong><b>\u041a\u0440\u0430\u0441\u043d\u0430\u044f \u043a\u043d\u0438\u0433\u0430 \u041c\u043e\u043b\u0434\u0430\u0432\u0441\u043a\u043e\u0439 \u0421\u0421\u0420. \u041a\u0438\u0448\u0438\u043d\u044d\u0443:\u041a\u0430\u0440\u0442\u044f \u043c\u043e\u043b\u0434\u043e\u0432\u0435\u043d\u044f\u0441\u043a\u044d. 1978. \u0438\u0437\u0434. I.<\/b><\/strong><\/li>\n<li><b><\/b><strong><b>\u041d\u0435\u0433\u0440\u0443 \u0410. \u041f\u043e\u0437\u0434\u043d\u0435\u043c\u0438\u043e\u0446\u0435\u043d\u043e\u0432\u044b\u0435 \u0444\u043b\u043e\u0440\u044b \u044e\u0433\u043e-\u0437\u0430\u043f\u0430\u0434\u0430 \u0435\u0432\u0440\u043e\u043f\u0435\u0439\u0441\u043a\u043e\u0439 \u0447\u0430\u0441\u0442\u0438 \u0421\u0421\u0421\u0420 (\u043f\u043e \u043f\u0430\u043b\u0435\u043e\u043a\u0430\u0440\u043f\u043e\u043b\u043e\u0433\u0438\u0447\u0435\u0441\u043a\u0438\u043c \u0434\u0430\u043d\u043d\u044b\u043c). \u0410\u0432\u0442\u043e\u0440\u0435\u0444. \u0434\u0438\u0441\u0441. \u043d\u0430 \u0441\u043e\u0438\u0441\u043a. \u0443\u0447. \u0441\u0442\u0435\u043f\u0435\u043d\u0438 \u0434\u043e\u043a\u0442\u043e\u0440\u0430 \u0431\u0438\u043e\u043b. \u043d\u0430\u0443\u043a. \u041a\u0438\u0448\u0438\u043d\u044d\u0443. 1986.<\/b><\/strong><\/li>\n<li><b><\/b><strong><b>\u041d\u0438\u043a\u043e\u043b\u0430\u0435\u0432\u0430 \u041b. \u0414\u0443\u0431\u0440\u0430\u0432\u044b \u0438\u0437 \u0434\u0443\u0431\u0430 \u043f\u0443\u0448\u0438\u0441\u0442\u043e\u0433\u043e \u0432 \u041c\u043e\u043b\u0434\u0430\u0432\u0441\u043a\u043e\u0439 \u0421\u0421\u0420. \u041a\u0438\u0448\u0438\u043d\u044d\u0443:\u041a\u0430\u0440\u0442\u044f \u043c\u043e\u043b\u0434\u043e\u0432\u0435\u043d\u044f\u0441\u043a\u044d. 1963.<\/b><\/strong><\/li>\n<li><b><\/b><strong><b>\u041f\u044b\u043d\u0437\u0430\u0440\u0443 \u041f. \u0421\u0440\u0435\u0434\u043d\u0435\u043f\u0440\u0438\u0434\u043d\u0435\u0441\u0442\u0440\u043e\u0432\u0441\u043a\u0438\u0435 \u043b\u0435\u0441\u0430 \u041c\u043e\u043b\u0434\u043e\u0432\u044b. \/\/ \u0410\u0432\u0442\u043e\u0440\u0435\u0444. \u0434\u0438\u0441\u0441. \u043d\u0430 \u0441\u043e\u0438\u0441\u043a. \u0443\u0447. \u0441\u0442\u0435\u043f\u0435\u043d\u0438 \u043a\u0430\u043d\u0434. \u0431\u0438\u043e\u043b. \u043d\u0430\u0443\u043a. \u041a\u0438\u0448\u0438\u043d\u044d\u0443. 1991.<\/b><\/strong><\/li>\n<li><b><\/b><strong><b>P\u00e2nzaru P., Negru A., Izverschii T. Taxoni rari din flora Republicii Moldova. Chi\u015fin\u0103u, 2002. 148 p.<\/b><\/strong><\/li>\n<li><b><\/b><strong><b>\u0420\u0430\u0441\u0442\u0438\u0442\u0435\u043b\u044c\u043d\u044b\u0439 \u043c\u0438\u0440 \u041c\u043e\u043b\u0434\u0430\u0432\u0438\u0438. \u041a\u0438\u0448\u0438\u043d\u044d\u0443:\u0428\u0442\u0438\u0438\u043d\u0446\u0430. T. \u0413\u0435\u0439\u0434\u0435\u043c\u0430\u043d (\u043e\u0442\u0432.\u0440\u0435\u0434.), 1986-1989. \u0422. 1-5.<\/b><\/strong><\/li>\n<li><b><\/b><strong><b>\u0421\u0438\u043c\u043e\u043d\u043e\u0432 \u0413. \u0411\u0440\u0438\u043e\u0444\u043b\u043e\u0440\u0430 \u041c\u043e\u043b\u0434\u0430\u0432\u0441\u043a\u043e\u0439 \u0421\u0421\u0420. \u041a\u0438\u0448\u0438\u043d\u044d\u0443:\u0428\u0442\u0438\u0438\u043d\u0446\u0430. 1972.<\/b><\/strong><\/li>\n<li><b><\/b><strong><b>\u0421\u0438\u043c\u043e\u043d\u043e\u0432 \u0413. \u041e\u043f\u0440\u0435\u0434\u0435\u043b\u0438\u0442\u0435\u043b\u044c \u043b\u0438\u0441\u0442\u043e\u0441\u0442\u0435\u0431\u0435\u043b\u044c\u043d\u044b\u0445 \u043c\u0445\u043e\u0432 \u041c\u043e\u043b\u0434\u0430\u0432\u0441\u043a\u043e\u0439 \u0421\u0421\u0420. \u041a\u0438\u0448\u0438\u043d\u044d\u0443:\u0428\u0442\u0438\u0438\u043d\u0446\u0430. 1968.<\/b><\/strong><\/li>\n<li><b><\/b><strong><b>\u0428\u0430\u0431\u0430\u043d\u043e\u0432\u0430 \u0413. \u0410 \u0417\u043b\u0430\u043a\u0438 \u041c\u043e\u043b\u0430\u0432\u0438\u0438 \u0438 \u0438\u0445 \u0440\u043e\u043b\u044c \u0432 \u043e\u0431\u0440\u0430\u0437\u043e\u0432\u0430\u043d\u0438\u0438 \u0441\u0442\u0435\u043f\u043d\u043e\u0439 \u0440\u0430\u0441\u0442\u0438\u0442\u0435\u043b\u044c\u043d\u043e\u0441\u0442\u0438 \u043f\u0443\u0448\u0438\u0441\u0442\u043e\u0434\u0443\u0431\u043e\u0432\u043e\u0439 \u043b\u0435\u0441\u043e\u0441\u0442\u0435\u043f\u0438. \u0410\u0432\u0442\u043e\u0440\u0435\u0444. \u0434\u0438\u0441\u0441.\u041d\u0430 \u0441\u043e\u0438\u0441\u043a\u0430\u043d\u0438\u0435 \u0443\u0447\u0435\u043d\u043e\u0439 \u0441\u0442\u0435\u043f\u0435\u043d\u0438 \u043a\u0430\u043d\u0434\u0438\u0434\u0430\u0442\u0430 \u0431\u0438\u043e\u043b\u043e\u0433\u0438\u0447. \u041d\u0430\u0443\u043a. \u041a\u0438\u0448\u0438\u043d\u0435\u0432. 1972. 21 \u0441.<\/b><\/strong><\/li>\n<li><b><\/b><strong><b>\u042f\u043d\u0443\u0448\u0435\u0432\u0438\u0447 \u0417. \u041a\u0443\u043b\u044c\u0442\u0443\u0440\u043d\u044b\u0435 \u0440\u0430\u0441\u0442\u0435\u043d\u0438\u044f \u043f\u0435\u0440\u0432\u043e\u0431\u044b\u0442\u043d\u043e\u0433\u043e \u043f\u0435\u0440\u0438\u043e\u0434\u0430 \u0438 \u0441\u0440\u0435\u0434\u043d\u0435\u0432\u0435\u043a\u043e\u0432\u044c\u044f \u043d\u0430 \u044e\u0433\u043e-\u0437\u0430\u043f\u0430\u0434\u0435 \u0421\u0421\u0421\u0420. \/\/ \u0410\u0432\u0442\u043e\u0440\u0435\u0444. \u0434\u0438\u0441\u0441. \u043d\u0430 \u0441\u043e\u0438\u0441\u043a. \u0443\u0447. \u0441\u0442\u0435\u043f\u0435\u043d\u0438 \u0434\u043e\u043a\u0442\u043e\u0440\u0430 \u0431\u0438\u043e\u043b. \u043d\u0430\u0443\u043a. \u041a\u0438\u0448\u0438\u043d\u044d\u0443. 1978.<\/b><\/strong><\/li>\n<\/ul>\n<p><a href=\"https:\/\/gbni.usm.md\/wp-content\/uploads\/2023\/05\/raport-flora-spontana-2010.pdf\"><u>Raportul privind activitatea \u015ftiin\u0163ific\u0103 \u015fi inova\u0163ional\u0103 pe anul 2010<\/u><\/a><\/p>\n<p><a href=\"https:\/\/gbni.usm.md\/wp-content\/uploads\/2023\/05\/presentation_lab_spont_2012.pdf\"><u>Raport privind activitatea \u015ftiin\u0163ific\u0103 \u015fi inova\u0163ional\u0103 pe anul 2012<\/u><\/a><\/p>\n<p><a href=\"https:\/\/gbni.usm.md\/wp-content\/uploads\/2023\/05\/Presentation_lab-flora_2013.pdf\"><u>Raport privind activitatea \u015ftiin\u0163ific\u0103 \u015fi inova\u0163ional\u0103 pe anul 2013<\/u><\/a><\/p>\n<p><a href=\"https:\/\/gbni.usm.md\/wp-content\/uploads\/2023\/05\/2014-1.pdf\"><u>Raport privind activitatea \u0219tiin\u021bific\u0103 \u0219i inova\u021bional\u0103 pe anul 2014<\/u><\/a><\/p>\n<p><a href=\"https:\/\/gbni.usm.md\/wp-content\/uploads\/2023\/05\/Picture2.png\"><u>Fi\u015fa proiectului institu\u0163ional pe anii 2011-2014<\/u><\/a><\/p>\n<p><a href=\"https:\/\/gbni.usm.md\/wp-content\/uploads\/2023\/05\/Proiect_Fl_sp_Cantemir_2015.pdf\"><u>Proiect de cercet\u0103ri \u015ftiin\u0163ifice fundamentale \u015fi aplicative, finan\u0163ate de la bugetul de stat pentru anii 2015-2018<\/u><\/a><\/p>\n<p><a href=\"https:\/\/gbni.usm.md\/?page_id=1799\"><u>Echipa de cercet\u0103tori<\/u><\/a><\/p>","protected":false},"excerpt":{"rendered":"<p>\u00a0 \u00a0 \u00a0 \u00a0 \u00a0 \u00a0 \u00a0 \u00a0 \u00a0 \u00a0 \u00a0 \u00a0 \u00a0 \u00a0 \u00a0 \u00a0 \u00a0 \u00a0 \u00a0 \u00a0 \u00a0 \u00a0 \u00a0 \u00a0 \u00a0 \u00a0 \u00a0 \u00a0 \u00a0 \u00a0 \u00a0 \u00a0 \u00a0 \u00a0 \u00a0 \u00a0 \u00a0 \u00a0 \u00a0 \u00a0 \u00a0 \u00a0 \u00a0 \u00a0 \u00a0 \u00a0 \u00a0 \u00a0 Scurt istoric \u00a0 \u00a0 \u00a0 Fondat \u00een&hellip; <br \/> <a class=\"read-more\" href=\"https:\/\/gbni.usm.md\/?page_id=1791\">Cite\u0219te mai mult<\/a><\/p>\n","protected":false},"author":1,"featured_media":0,"parent":0,"menu_order":0,"comment_status":"closed","ping_status":"closed","template":"","meta":{"footnotes":""},"class_list":["post-1791","page","type-page","status-publish","hentry"],"rttpg_featured_image_url":null,"rttpg_author":{"display_name":"","author_link":"https:\/\/gbni.usm.md\/?author=1"},"rttpg_comment":0,"rttpg_category":null,"rttpg_excerpt":"\u00a0 \u00a0 \u00a0 \u00a0 \u00a0 \u00a0 \u00a0 \u00a0 \u00a0 \u00a0 \u00a0 \u00a0 \u00a0 \u00a0 \u00a0 \u00a0 \u00a0 \u00a0 \u00a0 \u00a0 \u00a0 \u00a0 \u00a0 \u00a0 \u00a0 \u00a0 \u00a0 \u00a0 \u00a0 \u00a0 \u00a0 \u00a0 \u00a0 \u00a0 \u00a0 \u00a0 \u00a0 \u00a0 \u00a0 \u00a0 \u00a0 \u00a0 \u00a0 \u00a0 \u00a0 \u00a0 \u00a0 \u00a0 Scurt istoric \u00a0 \u00a0 \u00a0 Fondat \u00een&hellip;&hellip;","_links":{"self":[{"href":"https:\/\/gbni.usm.md\/index.php?rest_route=\/wp\/v2\/pages\/1791","targetHints":{"allow":["GET"]}}],"collection":[{"href":"https:\/\/gbni.usm.md\/index.php?rest_route=\/wp\/v2\/pages"}],"about":[{"href":"https:\/\/gbni.usm.md\/index.php?rest_route=\/wp\/v2\/types\/page"}],"author":[{"embeddable":true,"href":"https:\/\/gbni.usm.md\/index.php?rest_route=\/wp\/v2\/users\/1"}],"replies":[{"embeddable":true,"href":"https:\/\/gbni.usm.md\/index.php?rest_route=%2Fwp%2Fv2%2Fcomments&post=1791"}],"version-history":[{"count":1,"href":"https:\/\/gbni.usm.md\/index.php?rest_route=\/wp\/v2\/pages\/1791\/revisions"}],"predecessor-version":[{"id":1815,"href":"https:\/\/gbni.usm.md\/index.php?rest_route=\/wp\/v2\/pages\/1791\/revisions\/1815"}],"wp:attachment":[{"href":"https:\/\/gbni.usm.md\/index.php?rest_route=%2Fwp%2Fv2%2Fmedia&parent=1791"}],"curies":[{"name":"wp","href":"https:\/\/api.w.org\/{rel}","templated":true}]}}