{"id":1799,"date":"2023-05-22T13:29:25","date_gmt":"2023-05-22T10:29:25","guid":{"rendered":"https:\/\/gbni.usm.md\/?page_id=1799"},"modified":"2023-05-22T13:29:25","modified_gmt":"2023-05-22T10:29:25","slug":"echipa-de-cercetatori-lab-flora-spontana-si-ierbar","status":"publish","type":"page","link":"https:\/\/gbni.usm.md\/?page_id=1799","title":{"rendered":"Echipa de cercet\u0103tori lab.Flora spontan\u0103 \u015fi ierbar"},"content":{"rendered":"<p><strong><b>Ghendov Veceslav,\u00a0Cantemir Valentina, Izverscaia Tatiana, Manic \u015etefan,\u00a0P\u00eenzaru Pavel, Ioni\u0163\u0103 Olga, Tofan &#8211; Dorofeev Elena<\/b><\/strong><\/p>\n<p><img fetchpriority=\"high\" decoding=\"async\" class=\"alignnone size-medium wp-image-1801\" src=\"https:\/\/gbni.usm.md\/wp-content\/uploads\/2023\/05\/Ghendov-264x300.jpeg\" alt=\"\" width=\"264\" height=\"300\" \/><\/p>\n<p><strong><b>GHENDOV Veaceslav<\/b><\/strong>, \u0441ercet\u0103tor conferen\u0163iar, \u015fef interimar de laborator;<\/p>\n<p><strong><b>GRAD \u015eTIIN\u0162IFIC<\/b><\/strong>:<br \/>\n1998 \u2013 doctor \u00een biologie, specialitatea \u201e03.00.05 \u2013 Botanica\u201d. \u201eFamilia Juncaceae Juss din flora Basarabiei (taxonomie, morfologie, bioecologie, corologie, fitocenologie)\u201d.<\/p>\n<p><strong><b>DIREC\u0162II DE CERCETARE<\/b><\/strong>:<br \/>\nConservarea diversit\u0103\u0163ii floristice, introducerea \u015fi valorificarea resurselor vegetale.<\/p>\n<p><strong><b>DOMENII DE CERCETARE<\/b><\/strong>:<br \/>\nSpecialist \u00een ecologie, biologie \u015fi chimie, flor\u0103 spontan\u0103.<br \/>\nCercet\u0103ri sistematico-taxonomice, bioecologice \u015fi corologic\u0103 a florei vasculare a Republicii Moldova \u015fi teritoriilor limitrofe; inventarierea \u015fi evaluarea st\u0103rii actuale a speciilor de plante vasculare rare din flora Republicii Moldova; activit\u0103\u0163i de completare, men\u0163inere \u015fi renovare a colec\u0163iei Herbarului Gr\u0103dinii Botanice; studierea \u015fi identificarea habitatelor naturale; conservarea biodiversit\u0103\u0163ii vegetale.<\/p>\n<p><strong><b>PUBLICA\u0162II:<\/b><\/strong><br \/>\nPublicate peste 160 de lucr\u0103ri, inclusiv coautor la 10 monografii \u015fi 1 brevet de inven\u0163ie.<br \/>\n1. Cartea Ro\u015fie a R. Moldova. Plante. ed. II, Chi\u015fin\u0103u:\u015etiin\u0163a, 2001, p. 1-136 (coautor).<br \/>\n2. Lumea vegetal\u0103 a Moldovei. Plante cu flori II, vol. 3, Chi\u015fin\u0103u: \u015etiin\u0163a, 2006, 204 p. (coautor).<br \/>\n3. \u0417\u0430\u043f\u043e\u0432\u0435\u0434\u043d\u0438\u043a \u00ab\u042f\u0433\u043e\u0440\u043b\u044b\u043a\u00bb. \u041f\u043b\u0430\u043d \u0440\u0435\u043a\u043e\u043d\u0441\u0442\u0440\u0443\u043a\u0446\u0438\u0438 \u0438 \u0443\u043f\u0440\u0430\u0432\u043b\u0435\u043d\u0438\u044f, \u043a\u0430\u043a \u043f\u0443\u0442\u044c \u0441\u043e\u0445\u0440\u0430\u043d\u0435\u043d\u0438\u044f \u0431\u0438\u043e\u043b\u043e\u0433\u0438\u0447\u0435\u0441\u043a\u043e\u0433\u043e \u0440\u0430\u0437\u043d\u043e\u043e\u0431\u0440\u0430\u0437\u0438\u044f. \u041f\u043e\u0434 \u043d\u0430\u0443\u0447\u043d\u043e\u0439 \u0440\u0435\u0434\u0430\u043a\u0446\u0438\u0438 \u0428\u0430\u0431\u0430\u043d\u043e\u0432\u043e\u0439 \u0413. \u0410. \u0414\u0443\u0431\u043e\u0441\u0441\u0430\u0440\u044b: Eco-TIRAS. 2011, 128 \u0441. (\u0441\u043e\u0430\u0432\u0442\u043e\u0440).<br \/>\n4. \u0424\u043b\u043e\u0440\u0430 \u0438 \u0440\u0430\u0441\u0442\u0438\u0442\u0435\u043b\u044c\u043d\u043e\u0441\u0442\u044c \u0411\u0443\u0434\u0436\u0430\u043a\u0441\u043a\u0438\u0445 \u0441\u0442\u0435\u043f\u0435\u0439 \u0420\u0435\u0441\u043f\u0443\u0431\u043b\u0438\u043a\u0438 \u041c\u043e\u043b\u0434\u043e\u0432\u0430. \/\/ Asoc. Intern. Ecologic\u0103 \u201eEco-Tiras\u201d. \u2013 Ch.: Elan Poligraf SRL, 2014. 324 p. (coautor)<\/p>\n<p>E-mail:\u00a0<a href=\"mailto:v_ghendov@mail.ru\"><u>v_ghendov@mail.ru<\/u><\/a><br \/>\n<a href=\"https:\/\/gbni.usm.md\/wp-content\/uploads\/2023\/05\/CV_Ghendov_2015.pdf\"><u>Curriculum Vitae \u015fi lista publica\u0163iilor<\/u><\/a><\/p>\n<p>&nbsp;<\/p>\n<p><strong><b>CANTEMIR Valentina<\/b><\/strong>, cercet\u0103tor conferen\u0163iar.<\/p>\n<p><img decoding=\"async\" class=\"alignnone size-medium wp-image-1800\" src=\"https:\/\/gbni.usm.md\/wp-content\/uploads\/2023\/05\/Cantemir-225x300.jpg\" alt=\"\" width=\"225\" height=\"300\" \/><\/p>\n<p>GRAD \u015eTIIN\u0162IFIC:<br \/>\n1993 \u2013 doctor \u00een biologie, specialitatea \u201e03.00.05 \u2013 Botanica\u201d, \u0421\u0440\u0435\u0434\u043d\u0435-\u043f\u043e\u0437\u0434\u043d\u0435\u0441\u0430\u0440\u043c\u0430\u0442\u0441\u043a\u0430\u044f \u0444\u043b\u043e\u0440\u0430 \u0441\u0435\u0432\u0435\u0440\u043e-\u0437\u0430\u043f\u0430\u0434\u043d\u043e\u0433\u043e \u041f\u0440\u0438\u0447\u0435\u0440\u043d\u043e\u043c\u043e\u0440\u044c\u044f.<\/p>\n<p><strong><b>DIREC\u0162II DE CERCETARE<\/b><\/strong>:<br \/>\nConservarea diversit\u0103\u0163ii floristice, introducerea \u015fi valorificarea resurselor vegetale.<\/p>\n<p><strong><b>DOMENII DE CERCETARE<\/b><\/strong>:<br \/>\nSpecialist \u00een biologie \u015fi chimie, flora spontan\u0103 actual\u0103 \u015fi fosil\u0103 (paleocarpologia), sistematica plantelor contemporane.<\/p>\n<p>Cercet\u0103ri sistematico-taxonomice, bioecologice \u015fi corologic\u0103 a florei vasculare a Republicii Moldova \u015fi teritoriilor limitrofe; inventarierea \u015fi evaluarea st\u0103rii actuale a speciilor de plante vasculare rare din flora Republicii Moldova; activit\u0103\u0163i de completare, men\u0163inere \u015fi renovare a colec\u0163iei Herbarului Gr\u0103dinii Botanice; conservarea biodiversit\u0103\u0163ii vegetale.<\/p>\n<p>&nbsp;<\/p>\n<p><strong><b>PUBLICA\u0162II<\/b><\/strong>:<br \/>\nPublicate cca 80 de lucr\u0103ri \u015ftiin\u0163ifice, inclusiv coautor la 6 monografii.<br \/>\n1. Cartea Ro\u015fie a R. Moldova. Plante. ed. II, Chi\u015fin\u0103u: \u015etiin\u0163a, 2001, p. 1-136 (coautor).<br \/>\n2. Plantele rare din flora spontan\u0103 a R. Moldova. Chi\u015fin\u0103u: USM, 2002, 198 p. (coautor).<br \/>\n3. Lumea vegetal\u0103 a Moldovei. Plante cu flori I, vol. 2, Chi\u015fin\u0103u: \u015etiin\u0163a, 2005, 204 p. (coautor).<br \/>\n4. Flora Basarabiei, sub red. acad. A. Negru, vol. I, Chi\u015fin\u0103u: Universul, 2011, 320 p. (coautor).<\/p>\n<p>&nbsp;<\/p>\n<p>E-mail:\u00a0v_cantemir@yahoo.com<\/p>\n<p>&nbsp;<\/p>\n<p><a href=\"https:\/\/gbni.usm.md\/wp-content\/uploads\/2023\/05\/CV-Cantemir-Valentina-Europass.pdf\"><u>Curriculum Vitae \u015fi lista publica\u0163iilor\u2002<\/u><\/a><\/p>\n<p>&nbsp;<\/p>\n<p>&nbsp;<\/p>\n<p><strong><b>IZVERSCAIA Tatiana<\/b><\/strong>, \u0441ercet\u0103tor conferen\u0163iar.<\/p>\n<p><img decoding=\"async\" class=\"alignnone size-medium wp-image-1803\" src=\"https:\/\/gbni.usm.md\/wp-content\/uploads\/2023\/05\/Izverscaia_0-236x300.jpg\" alt=\"\" width=\"236\" height=\"300\" \/><\/p>\n<p><strong><b>GRAD \u015eTIIN\u0162IFIC<\/b><\/strong>:<br \/>\n1988 \u2013 doctor \u00een biologie, specialitatea \u201e03.00.05 \u2013 Botanica\u201d. \u00ab\u0421\u0435\u043c\u0435\u0439\u0441\u0442\u0432\u043e \u0413\u0432\u043e\u0437\u0434\u0438\u0447\u043d\u044b\u0445 (Caryophylaceae Juss.) \u041c\u043e\u043b\u0434\u0430\u0432\u0438\u0438\u00bb.<\/p>\n<p>&nbsp;<\/p>\n<p><strong><b>DIREC\u0162II DE CERCETARE<\/b><\/strong>:<br \/>\n\u0421onservarea diversit\u0103\u0163ii floristice, introducerea \u015fi valorificarea resurselor vegetale.<\/p>\n<p>&nbsp;<\/p>\n<p><strong><b>DOMENII DE CERCETARE:<\/b><\/strong><br \/>\nSpecialist \u00een ecologie, biologie \u015fi chimie, flor\u0103 spontan\u0103.<br \/>\nCercet\u0103ri sistematico-taxonomice, bioecologice \u015fi corologice a florei vasculare a Republicii Moldova \u015fi teritoriilor limitrofe; cercet\u0103ri popula\u0163ionale ale speciilor rare din flora spontan\u0103 a Republicii Moldova; identificarea \u015fi studierea habitatelor naturale; activit\u0103\u0163i de men\u0163inere, completare \u015fi renovare a colec\u0163iei Herbarului Gr\u0103dinii Botanice; conservarea biodiversit\u0103\u0163ii vegetale.<\/p>\n<p>&nbsp;<\/p>\n<p><strong><b>PUBLICA\u0162II:<\/b><\/strong><br \/>\nPublicate cca 140 de lucr\u0103ri, inclusiv coautor la 15 monografii.<br \/>\n1. Taxoni rari din flora Republicii Moldova. Chi\u015fin\u0103u, 2002. 148 p.(coautor)<br \/>\n2. \u0421\u0442\u0435\u043f\u0438 \u041d\u0438\u0436\u043d\u0435\u0433\u043e \u0414\u043d\u0435\u0441\u0442\u0440\u0430: \u0431\u043e\u0433\u0430\u0442\u0441\u0442\u0432\u043e \u0438 \u043d\u0438\u0449\u0435\u0442\u0430. \/\u0428\u0430\u0431\u0430\u043d\u043e\u0432\u0430 \u0413.\u0410., \u0426\u0443\u0440\u043a\u0430\u043d\u0443 \u0412.\u0424, \u0418\u0437\u0432\u0435\u0440\u0441\u043a\u0430\u044f \u0422.\u0414., \u0414\u0435\u0440\u0436\u0430\u043d\u0441\u043a\u0438\u0439 \u0412.\u0412., \u0434\u0440. \u041a\u0438\u0448\u0438\u043d\u0435\u0432, 2005. 48 \u0441.<br \/>\n3. \u0417\u0430\u043f\u043e\u0432\u0435\u0434\u043d\u0438\u043a \u00ab\u042f\u0433\u043e\u0440\u043b\u044b\u043a\u00bb. \u041f\u043b\u0430\u043d \u0440\u0435\u043a\u043e\u043d\u0441\u0442\u0440\u0443\u043a\u0446\u0438\u0438 \u0438 \u0443\u043f\u0440\u0430\u0432\u043b\u0435\u043d\u0438\u044f, \u043a\u0430\u043a \u043f\u0443\u0442\u044c \u0441\u043e\u0445\u0440\u0430\u043d\u0435\u043d\u0438\u044f \u0431\u0438\u043e\u043b\u043e\u0433\u0438\u0447\u0435\u0441\u043a\u043e\u0433\u043e \u0440\u0430\u0437\u043d\u043e\u043e\u0431\u0440\u0430\u0437\u0438\u044f. \u041f\u043e\u0434 \u043d\u0430\u0443\u0447\u043d\u043e\u0439 \u0440\u0435\u0434\u0430\u043a\u0446\u0438\u0438 \u0428\u0430\u0431\u0430\u043d\u043e\u0432\u043e\u0439 \u0413. \u0410. \u0414\u0443\u0431\u043e\u0441\u0441\u0430\u0440\u044b: Eco-TIRAS. 2011, 128 \u0441. (\u0441\u043e\u0430\u0432\u0442\u043e\u0440).<br \/>\n4. \u0424\u043b\u043e\u0440\u0430 \u0438 \u0440\u0430\u0441\u0442\u0438\u0442\u0435\u043b\u044c\u043d\u043e\u0441\u0442\u044c \u0411\u0443\u0434\u0436\u0430\u043a\u0441\u043a\u0438\u0445 \u0441\u0442\u0435\u043f\u0435\u0439 \u0420\u0435\u0441\u043f\u0443\u0431\u043b\u0438\u043a\u0438 \u041c\u043e\u043b\u0434\u043e\u0432\u0430. \/\/ Asoc. Intern. Ecologic\u0103 \u201eEco-Tiras\u201d. \u2013 Ch.: Elan Poligraf SRL, 2014. 324 p. (coautor)<\/p>\n<p>E-mail:\u00a0t_izverskaya@mail.ru<\/p>\n<p>&nbsp;<\/p>\n<p><a href=\"https:\/\/gbni.usm.md\/wp-content\/uploads\/2023\/05\/Curriculum-vitae_Izverscaia_2014-1.pdf\"><u>Curriculum Vitae \u015fi lista publica\u0163iilor<\/u><\/a><\/p>\n<p>&nbsp;<\/p>\n<p>&nbsp;<\/p>\n<p><strong><b>MANIC \u015etefan<\/b><\/strong>, cercet\u0103tor \u015ftiin\u0163ific coordonator<\/p>\n<p><img loading=\"lazy\" decoding=\"async\" class=\"alignnone size-medium wp-image-1804\" src=\"https:\/\/gbni.usm.md\/wp-content\/uploads\/2023\/05\/Manic-233x300.jpg\" alt=\"\" width=\"233\" height=\"300\" \/><\/p>\n<p><strong><b>GRAD \u015eTIIN\u0162IFIC:<\/b><\/strong><br \/>\n1982 \u2013 doctor \u00een biologice, specialitatea ,,03.00.05 &#8211; Botanica&#8221;. \u00ab\u0428\u043b\u044f\u043f\u043e\u0447\u043d\u044b\u0435 \u0433\u0440\u0438\u0431\u044b \u041c\u043e\u043b\u0434\u0430\u0432\u0441\u043a\u043e\u0439 \u0421\u0421\u0420 (Polyporales s.str.Boletales, Agaricales s. str. Russulales) \u00bb.<\/p>\n<p><strong><b>DIREC\u0162II DE CERCETARE:<\/b><\/strong><br \/>\nConservarea diversit\u0103\u0163ii floristice, introducerea \u015fi valorificarea resurselor vegetale.<\/p>\n<p><strong><b>DOMENII DE CERCETARE:<\/b><\/strong><br \/>\nSpecialist \u00een domeniul micologiei, a fungilor \u015fi ariilor protejate.<br \/>\nCercet\u0103ri viz\u00e2nd eviden\u0163ierea \u015fi revizuirea taxonomic\u0103 a macromicetelor din Republica Moldova; activit\u0103\u0163i de men\u0163inere, completare \u015fi renovare a colec\u0163iei Herbarului Gr\u0103dinii Botanice; conservarea biodiversit\u0103\u0163ii vegetale.<\/p>\n<p><strong><b>MEN\u0162IUNI PENTRU MERITE DEOSEBITE:<\/b><\/strong><br \/>\nLaureat al Premiului II, acordat tinerilor savan\u0163i ai Academiei de \u015etiin\u0163e din Moldova (1978); Medalia jubiliar\u0103 \u201e60 ani ai Academiei de \u015etiin\u0163e din Moldova (2006); Diploma de onoare a A\u015eM (2007); Medalia \u201eMeritul civic\u201d (2007); titlul onorific \u201eOm emerit\u201d (2011).<\/p>\n<p><strong><b>PUBLICA\u0162II:<\/b><\/strong><br \/>\nPeste 70 de lucr\u0103ri, inclusiv 5 monografii.<br \/>\n1. \u0420\u0430\u0441\u0442\u0438\u0442\u0435\u043b\u044c\u043d\u044b\u0439 \u043c\u0438\u0440 \u041c\u043e\u043b\u0434\u0430\u0432\u0438\u0438: \u201e\u0413\u0440\u0438\u0431\u044b, \u043b\u0438\u0448\u0430\u0439\u043d\u0438\u043a\u0438 \u0438 \u043c\u043e\u0445\u043e\u043e\u0431\u0440\u0430\u0437\u043d\u044b\u0435\u201d,<br \/>\n1987, (\u0441\u043e\u0430\u0432\u0442\u043e\u0440).<br \/>\n2. Lumea vegetal\u0103 a Moldovei: \u201eCiuperci, plante f\u0103r\u0103 flori\u2033, 2005 (coautor).<br \/>\n3. Diversitatea biologic\u0103 a Rezerva\u0163iei \u201eCodrii\u201d, 2006 (coautor).<br \/>\n4. Conspectul diversit\u0103\u0163ii biologice al Rezerva\u0163iei \u2033Codrii\u2033, 2011 (coautor).<\/p>\n<p>E-mail:\u00a0<a href=\"mailto:manic.stefan@gmail.com\"><u>manic.stefan@gmail.com<\/u><\/a><\/p>\n<p><a href=\"https:\/\/gbni.usm.md\/wp-content\/uploads\/2023\/05\/CV_MANIC.pdf\"><u>Curriculum Vitae \u015fi lista publica\u0163iilor<\/u><\/a><\/p>\n<p>&nbsp;<\/p>\n<p><strong><b>\u00a0IONI\u0162A Olga<\/b><\/strong>, cercet\u0103tor \u015ftiin\u0163ific<\/p>\n<p><img loading=\"lazy\" decoding=\"async\" class=\"alignnone size-medium wp-image-1802\" src=\"https:\/\/gbni.usm.md\/wp-content\/uploads\/2023\/05\/Ionita_0-193x300.jpg\" alt=\"\" width=\"193\" height=\"300\" \/><\/p>\n<p><strong><b>GRAD \u015eTIIN\u0162IFIC:<\/b><\/strong><br \/>\n2014 \u2013 doctor ]n biologie, specialitatea \u201e164.01 \u2013 Botanica\u201d. Teza: \u201eStructura taxonomic\u0103 \u015fi particularit\u0103\u0163ile ecologo-corologice a subfamiliei Cichorioideae din flora Basarabiei\u201d.<\/p>\n<p><strong><b>DIREC\u0162II DE CERCETARE:<\/b><\/strong><br \/>\nConservarea diversit\u0103\u0163ii floristice, introducerea \u015fi valorificarea resurselor vegetale.<\/p>\n<p><strong><b>DOMENII DE CERCETARE:<\/b><\/strong><br \/>\nSpecialist \u00een domeniul botanicii sistematice\u015fi silviculturii.<\/p>\n<p>Cercet\u0103ri sistematico-taxonomice, bioecologice \u015fi corologic\u0103 a florei vasculare a Republicii Moldova \u015fi teritoriilor limitrofe; inventarierea \u015fi evaluarea st\u0103rii actuale a speciilor de plante vasculare rare din flora Republicii Moldova; activit\u0103\u0163i de completare, men\u0163inere \u015fi renovare a colec\u0163iei Herbarului Gr\u0103dinii Botanice; conservarea biodiversit\u0103\u0163ii vegetale.<\/p>\n<p><strong><b>PUBLICA\u0162II:<\/b><\/strong><br \/>\nPublicate 23 de lucr\u0103ri \u015ftiin\u0163ifice.<br \/>\n1. Speciile de Scorzonera L. din flora Basarabiei. In: Bull. \u015et. Revist\u0103 de Etnogr., \u015etiin\u0163e ale Naturii \u015fi Muzeol. Chi\u015fin\u0103u, 2009, Vol. 23, p. 22-27 (coautor).<br \/>\n2. Specii noi de Pilosella Hill. din flora Basarabiei. In: Revista Akademos. Chi\u015fin\u0103u, 2010. nr. 4(19). p. 124-126 (coautor)..<br \/>\n3. \u0412\u0438\u0434\u044b \u0440\u043e\u0434\u0430 Sonchus L. \u0432\u043e \u0444\u043b\u043e\u0440\u0435 \u0420\u0435\u0441\u043f\u0443\u0431\u043b\u0438\u043a\u0438 \u041c\u043e\u043b\u0434\u043e\u0432\u0430 \/\/ \u041c\u0435\u0436\u0434. \u043d\u0430\u0443\u0447\u043d\u0430\u044f. \u043a\u043e\u043d\u0444\u0435\u0440\u0435\u043d\u0446\u0438\u044f \u0418\u043d\u0442\u0440\u043e\u0434\u0443\u043a\u0446\u0438\u044f, \u0441\u0435\u043b\u0435\u043a\u0446\u0438\u044f \u0438 \u0437\u0430\u0449\u0438\u0442\u0430 \u0440\u0430\u0441\u0442\u0435\u043d\u0438\u0439. \u0433. \u0414\u043e\u043d\u0435\u0446\u043a, 6-8 \u043e\u043a\u0442\u044f\u0431\u0440\u044f 2009, c. 303-307.<br \/>\n4. Pilosella Hill genus in the Bessarabia&#8217;s flora. In: Journal of plant development . Ia\u015fi: 2011. 18. p. 109-116.<\/p>\n<p>E-mail:\u00a0<a href=\"mailto:o_ionita@mail.ru\"><u>o_ionita@mail.ru<\/u><\/a><\/p>\n<p><a href=\"https:\/\/gbni.usm.md\/wp-content\/uploads\/2023\/05\/CV_Ionita.pdf\"><u>Curriculum Vitae \u015fi lista publica\u0163iilor<\/u><\/a><\/p>\n<p>&nbsp;<\/p>\n<p>&nbsp;<\/p>\n<p><strong><b>TOFAN-DOROFEEV Elena<\/b><\/strong>, cercet\u0103tor \u015ftiin\u0163ific stagiar<\/p>\n<p><img loading=\"lazy\" decoding=\"async\" class=\"alignnone size-medium wp-image-1806\" src=\"https:\/\/gbni.usm.md\/wp-content\/uploads\/2023\/05\/Tofan-243x300.jpg\" alt=\"\" width=\"243\" height=\"300\" \/><\/p>\n<p><strong><b>GRAD \u015eTIIN\u0162IFIC:<\/b><\/strong><br \/>\n2007-2013 \u2013 doctorantura, specialitatea \u201e164.01 \u2013 Botanica\u201d. \u201cSubfamilia Rosoideae Focke \u00een flora Basarabiei (taxonomie, bioecologie, corologie)\u201d.<\/p>\n<p><strong><b>DIREC\u0162II DE CERCETARE:<\/b><\/strong><br \/>\nConservarea diversit\u0103\u0163ii floristice, introducerea \u015fi valorificarea resurselor vegetale.<\/p>\n<p><strong><b>DOMENII DE CERCETARE:<\/b><\/strong><br \/>\nSpecialist \u00een domeniul florei spontane actuale (biologie, taxonomie, ecologie, conservare, plante rare).<br \/>\nCercet\u0103ri sistematico-taxonomice, bioecologice \u015fi corologic\u0103 a florei vasculare a Republicii Moldova \u015fi teritoriilor limitrofe; inventarierea \u015fi evaluarea st\u0103rii actuale a speciilor de plante vasculare rare din flora Republicii Moldova; activit\u0103\u0163i de completare, men\u0163inere \u015fi renovare a colec\u0163iei Herbarului Gr\u0103dinii Botanice; conservarea biodiversit\u0103\u0163ii vegetale.<\/p>\n<p><strong><b><br \/>\n<\/b><\/strong><strong><b>PUBLICA\u0162II:<\/b><\/strong><br \/>\nPublicate 7 lucr\u0103ri \u015ftiin\u0163ifice.<br \/>\n1. Diversitatea vegetal\u0103 a Rezerva\u0163iei peisagistice \u201e\u0162\u00e2pova\u201d. Lucrari stiintifice. Vol. 14. Horticultura, Viticultura, Silvicultura si Protectia plantelor. Materiale Conf. \u015et. Interna\u0163. \u201cRealuizari si perspective in horticultura, viticultura si silvicultura\u201d dedicata aniversarii a 65 ani de la fondarea Facultatii de Horticultura. Chi\u015finau. 2005. p. 336-338 (coautor).<br \/>\n2. Rosa micrantha Smith \u2013 specie rar\u0103 pentru flora Basarabiei.\/\/ Mat. Conferin\u0163ei interna\u0163ionale a tinerilor cercet\u0103tori, ed. X-a, 2012;<br \/>\n3. \u0420\u0435\u0434\u043a\u0438\u0435 \u0432\u0438\u0434\u044b \u0440\u043e\u0434\u0430 Potentilla Hill (Rosaceae) \u0432\u043e \u0444\u043b\u043e\u0440\u0435 \u0420\u0435\u0441\u043f\u0443\u0431\u043b\u0438\u043a\u0438 \u041c\u043e\u043b\u0434\u043e\u0432\u0430 \/\u0411\u043e\u0442\u0430\u043d\u0438\u0447\u0435\u0441\u043a\u0438\u0435 \u0447\u0442\u0435\u043d\u0438\u044f. \u0418\u0448\u0438\u043c. \u0418\u0437\u0434. \u0418\u0413\u041f\u0418 \u0438\u043c. \u041f.\u041f.\u0415\u0440\u0448\u043e\u0432\u0430, 2013, \u0441\u0441. 63-64 (\u0441\u043e\u0430\u0432\u0442\u043e\u0440).<br \/>\n4. Specie nou\u0103 de m\u0103ce\u015f (Rosa tschatyrdagi Chrshan.) pentru flora Republicii Moldova \/\/ Revista Botanic\u0103, Chi\u015fin\u0103u, Vol. II, Nr.2, 2010, p. 186-187 (coautor).<\/p>\n<p>E-mail:\u00a0<a href=\"mailto:lentof@mail.ru\"><u>lentof@mail.ru<\/u><\/a><\/p>\n<p><a href=\"https:\/\/gbni.usm.md\/wp-content\/uploads\/2023\/05\/CV-Tofan-Elena.pdf\"><u>Curriculum Vitae \u015fi lista publica\u0163iilor<\/u><\/a><\/p>\n<p>&nbsp;<\/p>\n<p>&nbsp;<\/p>\n<p><strong><b>P\u00ceNZARU Pavel<\/b><\/strong>, cercet\u0103tor conferen\u0163iar<\/p>\n<p><img loading=\"lazy\" decoding=\"async\" class=\"alignnone size-medium wp-image-1805\" src=\"https:\/\/gbni.usm.md\/wp-content\/uploads\/2023\/05\/Pinzaru-224x300.jpg\" alt=\"\" width=\"224\" height=\"300\" \/><\/p>\n<p><strong><b>GRAD \u015eTIIN\u0162IFIC:<\/b><\/strong><br \/>\n1991 \u2013 doctor \u00een biologie, specialitatea \u201e03.00.05 \u2013 Botanica\u201d, \u0421\u0440\u0435\u0434\u043d\u0435\u043f\u0440\u0438\u0434\u043d\u0435\u0441\u0442\u0440\u043e\u0432\u0441\u043a\u0438\u0435 \u043b\u0435\u0441\u0430 \u041c\u043e\u043b\u0434\u043e\u0432\u044b (\u0444\u0438\u0442\u043e\u0446\u0435\u043d\u043e\u043b\u043e\u0433\u0438\u044f, \u0442\u0438\u043f\u043e\u043b\u043e\u0433\u0438\u044f, \u0444\u043b\u043e\u0440\u0430, \u043e\u0445\u0440\u0430\u043d\u0430).<\/p>\n<p><strong><b>DIREC\u0162II DE CERCETARE:<\/b><\/strong><br \/>\nConservarea diversit\u0103\u0163ii floristice, introducerea \u015fi valorificarea resurselor vegetale.<\/p>\n<p><strong><b>DOMENII DE CERCETARE:<\/b><\/strong><br \/>\nSpecialist \u00een geografie \u015fi biologie, flora \u015fi vegeta\u0163ia spontan\u0103, sistematica plantelor.<\/p>\n<p>Cercet\u0103ri sistematico-taxonomice, bioecologice \u015fi corologic\u0103 a florei vasculare \u015fi a vegeta\u0163iei Republicii Moldova \u015fi teritoriilor limitrofe; inventarierea \u015fi evaluarea st\u0103rii actuale a speciilor de plante vasculare rare din flora Republicii Moldova; activit\u0103\u0163i de completare, men\u0163inere \u015fi renovare a colec\u0163iei Herbarului Gr\u0103dinii Botanice; conservarea biodiversit\u0103\u0163ii vegetale.<\/p>\n<p><strong><b>PUBLICA\u0162II:<\/b><\/strong><br \/>\nPublicate cca 80 de lucr\u0103ri \u015ftiin\u0163ifice, inclusiv coautor la 6 monografii.<br \/>\n1. L\u2019alliance Genisto-Seselion peucedanifolii P. P\u00e2nzaru 1997 dans la v\u00e8g\u00e8tation de la Republique Moldova. &#8211; Contribu\u0163ii Botanice, Gr\u0103dina Botanic\u0103 \u201dAlexandru Borza\u201d. Cluj-Napoca 1999-2000: 81-90.<br \/>\n2. Cartea Ro\u015fie a R. Moldova. Plante. ed. II, Chi\u015fin\u0103u: \u015etiin\u0163a, 2001, p. 1-136 (coautor).<br \/>\n3. Taxoni rari din flora Republicii Moldova. Chi\u015fin\u0103u. 2002,148 p.<br \/>\n4. Flora Basarabiei, sub red. acad. A. Negru, vol. I, Chi\u015fin\u0103u: Universul, 2011, 320 p. (coautor).<br \/>\n5. Flora vascular\u0103 din Republica Moldova (Lista speciilor \u015fi ecologia). Chi\u015fin\u0103u. 2014. 234 p.<\/p>\n<p>E-mail:\u00a0p_pinzaru@yahoo.it<\/p>\n<p>&nbsp;<\/p>\n<p><a href=\"https:\/\/gbni.usm.md\/wp-content\/uploads\/2023\/05\/CV_Pi\u0302nzaru.pdf\"><u>Curriculum Vitae \u015fi lista publica\u0163iilor<\/u><\/a><\/p>\n<p>&nbsp;<\/p>\n","protected":false},"excerpt":{"rendered":"<p>Ghendov Veceslav,\u00a0Cantemir Valentina, Izverscaia Tatiana, Manic \u015etefan,\u00a0P\u00eenzaru Pavel, Ioni\u0163\u0103 Olga, Tofan &#8211; Dorofeev Elena GHENDOV Veaceslav, \u0441ercet\u0103tor conferen\u0163iar, \u015fef interimar de laborator; GRAD \u015eTIIN\u0162IFIC: 1998 \u2013 doctor \u00een biologie, specialitatea \u201e03.00.05 \u2013 Botanica\u201d. \u201eFamilia Juncaceae Juss din flora Basarabiei (taxonomie, morfologie, bioecologie, corologie, fitocenologie)\u201d. DIREC\u0162II DE CERCETARE: Conservarea diversit\u0103\u0163ii floristice, introducerea \u015fi valorificarea resurselor vegetale.&hellip; <br \/> <a class=\"read-more\" href=\"https:\/\/gbni.usm.md\/?page_id=1799\">Cite\u0219te mai mult<\/a><\/p>\n","protected":false},"author":1,"featured_media":0,"parent":0,"menu_order":0,"comment_status":"closed","ping_status":"closed","template":"","meta":{"footnotes":""},"class_list":["post-1799","page","type-page","status-publish","hentry"],"rttpg_featured_image_url":null,"rttpg_author":{"display_name":"","author_link":"https:\/\/gbni.usm.md\/?author=1"},"rttpg_comment":0,"rttpg_category":null,"rttpg_excerpt":"Ghendov Veceslav,\u00a0Cantemir Valentina, Izverscaia Tatiana, Manic \u015etefan,\u00a0P\u00eenzaru Pavel, Ioni\u0163\u0103 Olga, Tofan &#8211; Dorofeev Elena GHENDOV Veaceslav, \u0441ercet\u0103tor conferen\u0163iar, \u015fef interimar de laborator; GRAD \u015eTIIN\u0162IFIC: 1998 \u2013 doctor \u00een biologie, specialitatea \u201e03.00.05 \u2013 Botanica\u201d. \u201eFamilia Juncaceae Juss din flora Basarabiei (taxonomie, morfologie, bioecologie, corologie, fitocenologie)\u201d. DIREC\u0162II DE CERCETARE: Conservarea diversit\u0103\u0163ii floristice, introducerea \u015fi valorificarea resurselor vegetale.&hellip;&hellip;","_links":{"self":[{"href":"https:\/\/gbni.usm.md\/index.php?rest_route=\/wp\/v2\/pages\/1799","targetHints":{"allow":["GET"]}}],"collection":[{"href":"https:\/\/gbni.usm.md\/index.php?rest_route=\/wp\/v2\/pages"}],"about":[{"href":"https:\/\/gbni.usm.md\/index.php?rest_route=\/wp\/v2\/types\/page"}],"author":[{"embeddable":true,"href":"https:\/\/gbni.usm.md\/index.php?rest_route=\/wp\/v2\/users\/1"}],"replies":[{"embeddable":true,"href":"https:\/\/gbni.usm.md\/index.php?rest_route=%2Fwp%2Fv2%2Fcomments&post=1799"}],"version-history":[{"count":1,"href":"https:\/\/gbni.usm.md\/index.php?rest_route=\/wp\/v2\/pages\/1799\/revisions"}],"predecessor-version":[{"id":1814,"href":"https:\/\/gbni.usm.md\/index.php?rest_route=\/wp\/v2\/pages\/1799\/revisions\/1814"}],"wp:attachment":[{"href":"https:\/\/gbni.usm.md\/index.php?rest_route=%2Fwp%2Fv2%2Fmedia&parent=1799"}],"curies":[{"name":"wp","href":"https:\/\/api.w.org\/{rel}","templated":true}]}}