{"id":1816,"date":"2023-05-22T13:43:56","date_gmt":"2023-05-22T10:43:56","guid":{"rendered":"https:\/\/gbni.usm.md\/?page_id=1816"},"modified":"2023-05-22T13:43:56","modified_gmt":"2023-05-22T10:43:56","slug":"laboratorul-dendrologie","status":"publish","type":"page","link":"https:\/\/gbni.usm.md\/?page_id=1816","title":{"rendered":"Laboratorul Dendrologie"},"content":{"rendered":"<p><a href=\"https:\/\/gbni.usm.md\/wp-content\/uploads\/2023\/05\/Lab-dendrologie-refacut2010.pdf\"><u>Rapotul privind activitatea \u015ftiin\u0163ific\u0103 \u015fi inova\u0163ional\u0103 pe anul 2010<\/u><\/a><\/p>\n<p><a href=\"https:\/\/gbni.usm.md\/wp-content\/uploads\/2023\/05\/raport-2012.pdf\"><u>Raport privind activitatea \u015ftiin\u0163ific\u0103 \u015fi inova\u0163ional\u0103 pe anul 2012<\/u><\/a><\/p>\n<p><a href=\"https:\/\/gbni.usm.md\/wp-content\/uploads\/2023\/05\/dendrologie-2013.pdf\"><u>Raport privind activitatea \u015ftiin\u0163ific\u0103 \u015fi inova\u0163ional\u0103 pe anul 2013<\/u><\/a><\/p>\n<p><a href=\"https:\/\/gbni.usm.md\/wp-content\/uploads\/2023\/05\/raport-2014.pdf\"><u>Raport privind activitatea \u0219tiin\u021bific\u0103 \u0219i inova\u021bional\u0103 pe anul 2014<\/u><\/a><\/p>\n<p><a href=\"https:\/\/gbni.usm.md\/wp-content\/uploads\/2023\/05\/Proiect-de-cerceta\u0306ri-s\u0327tiint\u0327ifice.pdf\"><u>Proiect de c.ercet\u0103ri \u015ftiin\u0163ifice fundamentale \u015fi aplicative, finan\u0163ate de la bugetul de stat pentru anii 2015-2018<\/u><\/a><\/p>\n<p><a href=\"https:\/\/gbni.usm.md\/wp-content\/uploads\/2023\/05\/Picture3.png\"><u>Fi\u015fa proiectului institu\u0163ional pe anii 2011-2014<\/u><\/a><\/p>\n<p>&nbsp;<\/p>\n","protected":false},"excerpt":{"rendered":"<p>Rapotul privind activitatea \u015ftiin\u0163ific\u0103 \u015fi inova\u0163ional\u0103 pe anul 2010 Raport privind activitatea \u015ftiin\u0163ific\u0103 \u015fi inova\u0163ional\u0103 pe anul 2012 Raport privind activitatea \u015ftiin\u0163ific\u0103 \u015fi inova\u0163ional\u0103 pe anul 2013 Raport privind activitatea \u0219tiin\u021bific\u0103 \u0219i inova\u021bional\u0103 pe anul 2014 Proiect de c.ercet\u0103ri \u015ftiin\u0163ifice fundamentale \u015fi aplicative, finan\u0163ate de la bugetul de stat pentru anii 2015-2018 Fi\u015fa proiectului institu\u0163ional&hellip; <br \/> <a class=\"read-more\" href=\"https:\/\/gbni.usm.md\/?page_id=1816\">Cite\u0219te mai mult<\/a><\/p>\n","protected":false},"author":1,"featured_media":0,"parent":0,"menu_order":0,"comment_status":"closed","ping_status":"closed","template":"","meta":{"footnotes":""},"class_list":["post-1816","page","type-page","status-publish","hentry"],"rttpg_featured_image_url":null,"rttpg_author":{"display_name":"","author_link":"https:\/\/gbni.usm.md\/?author=1"},"rttpg_comment":0,"rttpg_category":null,"rttpg_excerpt":"Rapotul privind activitatea \u015ftiin\u0163ific\u0103 \u015fi inova\u0163ional\u0103 pe anul 2010 Raport privind activitatea \u015ftiin\u0163ific\u0103 \u015fi inova\u0163ional\u0103 pe anul 2012 Raport privind activitatea \u015ftiin\u0163ific\u0103 \u015fi inova\u0163ional\u0103 pe anul 2013 Raport privind activitatea \u0219tiin\u021bific\u0103 \u0219i inova\u021bional\u0103 pe anul 2014 Proiect de c.ercet\u0103ri \u015ftiin\u0163ifice fundamentale \u015fi aplicative, finan\u0163ate de la bugetul de stat pentru anii 2015-2018 Fi\u015fa proiectului institu\u0163ional&hellip;&hellip;","_links":{"self":[{"href":"https:\/\/gbni.usm.md\/index.php?rest_route=\/wp\/v2\/pages\/1816","targetHints":{"allow":["GET"]}}],"collection":[{"href":"https:\/\/gbni.usm.md\/index.php?rest_route=\/wp\/v2\/pages"}],"about":[{"href":"https:\/\/gbni.usm.md\/index.php?rest_route=\/wp\/v2\/types\/page"}],"author":[{"embeddable":true,"href":"https:\/\/gbni.usm.md\/index.php?rest_route=\/wp\/v2\/users\/1"}],"replies":[{"embeddable":true,"href":"https:\/\/gbni.usm.md\/index.php?rest_route=%2Fwp%2Fv2%2Fcomments&post=1816"}],"version-history":[{"count":1,"href":"https:\/\/gbni.usm.md\/index.php?rest_route=\/wp\/v2\/pages\/1816\/revisions"}],"predecessor-version":[{"id":1823,"href":"https:\/\/gbni.usm.md\/index.php?rest_route=\/wp\/v2\/pages\/1816\/revisions\/1823"}],"wp:attachment":[{"href":"https:\/\/gbni.usm.md\/index.php?rest_route=%2Fwp%2Fv2%2Fmedia&parent=1816"}],"curies":[{"name":"wp","href":"https:\/\/api.w.org\/{rel}","templated":true}]}}