{"id":1843,"date":"2023-05-22T15:10:43","date_gmt":"2023-05-22T12:10:43","guid":{"rendered":"https:\/\/gbni.usm.md\/?page_id=1843"},"modified":"2023-05-22T15:10:52","modified_gmt":"2023-05-22T12:10:52","slug":"laboratorul-plante-tropicale","status":"publish","type":"page","link":"https:\/\/gbni.usm.md\/?page_id=1843","title":{"rendered":"Laboratorul plante tropicale"},"content":{"rendered":"<p><strong><b>Laboratorul plante tropicale<\/b><\/strong><\/p>\n<p><img fetchpriority=\"high\" decoding=\"async\" class=\"alignnone size-medium wp-image-1848\" src=\"https:\/\/gbni.usm.md\/wp-content\/uploads\/2023\/05\/tropicale-1-225x300.jpeg\" alt=\"\" width=\"225\" height=\"300\" \/><\/p>\n<p><strong><b>Scurt istoric:\u00a0<\/b><\/strong>Fondat \u00een anul 1983. Din 1972\u00a0p\u00een\u0103 \u00een anul 1983 grupul de plante de teren \u00eenchis a activat\u00a0\u00een cadrul laboratorului de floricultur\u0103. Primul \u015fef \u015fi fondator al laboratorului a fost doctor \u00een biologie K.Dvoreaninova. Din 1991 \u015fi p\u00een\u0103 \u00een prezent \u2013 doctor \u00een biologie V.\u0162\u00eembal\u00ee.<\/p>\n<p><strong><b>Componen\u0163a actual\u0103 a laboratorului:\u00a0<\/b><\/strong>Valentina \u0162\u00eembal\u0103, doctor \u00een biologie, \u015feful laboratorului; Natalia Todera\u015f, doctor \u00een biologie, cercet\u0103tor superior; Elena Murzac, cercet\u0103tor ; Victoria Gu\u015fanov, cercet\u0103tor stajiar; Sergiu Rogacico, cercet\u0103tor stajiar; Lilia Grigori\u0163a, specialist coordonator; Nina Ia\u0163co, specialist; Olga Ionescu , specialist; Teodora Vdovicenco, specialist<\/p>\n<p><strong><b>Direc\u0163iile principale de cercetare:<\/b><\/strong><br \/>\nI. mobilizarea , cercetarea \u015fi introducerea taxonilor noi de plante de teren protejat;<br \/>\nII. men\u0163inerea genofondului de plante alohtone de ser\u0103;<br \/>\nIII. valorificarea celor mai importante specii \u00een economia Moldovei<\/p>\n<p><strong><b>Alte activit\u0103\u0163i<\/b><\/strong><br \/>\nInstruirea \u015fi educa\u0163ia ecologic\u0103 a popula\u0163iei (lec\u0163ii \u2013 excursii)<br \/>\nLucr\u0103ri de amenajare a diferitor tipuri de interioruri<br \/>\nOrganizarea seminarelor de profil, a expozi\u0163iilor etc.<\/p>\n<p><strong><b>Genofond:\u00a0<\/b><\/strong>Pe parcursul a cca 40 de ani \u00een Gr\u0103dina Botanic\u0103 (I) a A\u015e RM a fost creat\u0103\u00a0o colec\u0163ie cu valoare de unicat pentru \u0163ar\u0103, care la moment num\u0103r\u0103 2498 de taxoni, ce se refer\u0103 la 130 de familii \u015fi 538 de genuri. Primele specii de plante (cca 30), care au stat la baza acestei colec\u0163ii au fost aduse de la GBC (Moscova,Rusia) \u00een 1964. \u00cen prezent \u00een colec\u0163ii sunt specii cu v\u00eersta mai mare de 50 de ani cum ar fi:Cycas circinalis L.,C.revoluta Thunb., Consolea rubescens Lem., etc. Actualmente genofondul ocup\u0103 6 sere cu suprafa\u0163a de 2160 m2 . Conven\u0163ional, colec\u0163iile sunt divizate \u00een trei grupuri: I \u2013 plante suculente (incl. fam. Cactaceae Juss.), II \u2013 subtropicale\u00a0( din regiunile umede \u015fi uscate) \u015fi III \u2013 tropicale .<\/p>\n<p><img decoding=\"async\" class=\"alignnone size-medium wp-image-1849\" src=\"https:\/\/gbni.usm.md\/wp-content\/uploads\/2023\/05\/tropicale-2-224x300.jpeg\" alt=\"\" width=\"224\" height=\"300\" \/><\/p>\n<p>Cl.Liliopsida \u00een colec\u0163iile Gr\u0103dinii Botanice este reprezentat\u0103 de 29 familii \u015fi 699 de taxoni, dintre care faza generativ\u0103 o ating 345 (49,4%) \u2013 \u00eenfloresc \u015fi 70 (10,0%) \u2013fructific\u0103.<br \/>\nDin clas\u0103 Liliopsida numeric mai bine sunt prezentate fam.:Araceae -146 taxoni,Bromeliaceae \u2013 128, Asphodelaceae -125 etc. Cl. Magnoliopsida este prezent\u0103 \u00een sere prin 81 familii \u015fi 1713 taxoni, dintre care \u00eenfloresc \u2013 892 (52,1%) \u015fi fructific\u0103 \u2013 493 (28,8%). Numeric mai bine prezentate sunt familiile: Cactaceae \u2013 693 taxoni, Crassulaceae \u2013 199, Geraniaceae \u2013 113, Aizoaceae \u2013 96, Piperaceae \u2013 57,Asclepiadaceae -57, Euphorbiaceae \u2013 53, Moraceae -56, Begoniaceae -41 etc. Filumul Polypodiophyta \u00een serele Gr\u0103dinii Botanice este reprezentat prin 14 familii \u015fi 77 de taxoni. Filumul Pinophyta este prezentat prin fam.:Araucariaceae F.Neger \u015fi Taxodiaceae F.Neger cu 3 taxoni.<\/p>\n<p>Filumul Cycadophyta de asemenea este reprezentat de 2 familii:Cycadaceae Johnson \u015fi Zamiaceae Reichenb. Din cele 2 specii de Cycas numai C.revoluta Thunb.<\/p>\n<p><strong><b>Realiz\u0103ri:<\/b><\/strong>\u00a0Cele mai importante realiz\u0103ri au fost: studierea biologiei de dezvoltare \u015fi particularit\u0103\u0163ile de cre\u015ftere a bromeliaceelor (V.\u0162\u00eembal\u00ee, 1985) \u015fi a 36 specii din genul Peperomia (N.Todera\u015f,1991), care s-au finisat cu sus\u0163inerea a 2 teze de doctor \u00een biologie.<\/p>\n<p>A fost elaborat asortimentul de plante din familia Bromeliaceae \u015fi Piperaceae, care a fost propus pentru \u00eenverzirea \u015fi amenajarea \u00eenc\u0103perilor cu diferit\u0103 destina\u0163ie. Pe parcurs A\u015eP \u201cVictoria\u201d \u015fi Trustului de \u00eenverzire Republican i-au fost transmise recomand\u0103ri pentru multiplicare \u015fi cre\u015ftere c\u00e2t \u015fi zeci de mii de plante pe baz\u0103 de contracte.<\/p>\n<p>Pe parcursul ultimilor 5 ani a fost elaborat sortimentul de plante pentru \u00eenverzirea \u015fi amenajarea interiorurilor medicale, pre \u2013 \u015fi \u015fcolare, la baza c\u0103ruia a fost luat\u0103 activitatea fitoncid\u0103 sporit\u0103\u00a0a speciilor de plante.<\/p>\n<p><img decoding=\"async\" class=\"alignnone size-medium wp-image-1850\" src=\"https:\/\/gbni.usm.md\/wp-content\/uploads\/2023\/05\/tropicale-3-300x224.jpeg\" alt=\"\" width=\"300\" height=\"224\" \/><\/p>\n<p>Au fost editate 5 monografii \u015fi cca 200 de articole.<\/p>\n<p><img loading=\"lazy\" decoding=\"async\" class=\"alignnone size-medium wp-image-1852\" src=\"https:\/\/gbni.usm.md\/wp-content\/uploads\/2023\/05\/tropicale-4-1-300x227.jpeg\" alt=\"\" width=\"300\" height=\"227\" \/><\/p>\n<p>&nbsp;<\/p>\n<p><a href=\"https:\/\/gbni.usm.md\/wp-content\/uploads\/2023\/05\/raport-plante-tropicale-2010-1.pdf\"><u>Raportul privind activitatea \u015ftiin\u0163ific\u0103 \u015fi inova\u0163ional\u0103 pe anul 2010<\/u><\/a><\/p>\n<p><a href=\"https:\/\/gbni.usm.md\/wp-content\/uploads\/2023\/05\/Raport-2012-1.pdf\"><u>Raportul privind activitatea \u015ftiin\u0163ific\u0103 \u015fi inova\u0163ional\u0103 pe anul 2012<\/u><\/a><\/p>\n<p><a href=\"https:\/\/gbni.usm.md\/wp-content\/uploads\/2023\/05\/raport-2014-2.pdf\"><u>Raport privind activitatea \u0219tiin\u021bific\u0103 \u0219i inova\u021bional\u0103 pe anul 2014<\/u><\/a><\/p>\n<p><a href=\"https:\/\/gbni.usm.md\/wp-content\/uploads\/2023\/05\/Proiect_Timbali_2015-2018final-1.pdf\"><u>Proiect de cercet\u0103ri \u015ftiin\u0163ifice\u2002fundamentale \u015fi aplicative, finan\u0163ate de la bugetul de stat pentru anii 2015-2018<\/u><\/a><\/p>\n<p><a href=\"https:\/\/gbni.usm.md\/?page_id=1857\"><u>Echipa de cercet\u0103tori<\/u><\/a><\/p>\n","protected":false},"excerpt":{"rendered":"<p>Laboratorul plante tropicale Scurt istoric:\u00a0Fondat \u00een anul 1983. Din 1972\u00a0p\u00een\u0103 \u00een anul 1983 grupul de plante de teren \u00eenchis a activat\u00a0\u00een cadrul laboratorului de floricultur\u0103. Primul \u015fef \u015fi fondator al laboratorului a fost doctor \u00een biologie K.Dvoreaninova. Din 1991 \u015fi p\u00een\u0103 \u00een prezent \u2013 doctor \u00een biologie V.\u0162\u00eembal\u00ee. Componen\u0163a actual\u0103 a laboratorului:\u00a0Valentina \u0162\u00eembal\u0103, doctor \u00een&hellip; <br \/> <a class=\"read-more\" href=\"https:\/\/gbni.usm.md\/?page_id=1843\">Cite\u0219te mai mult<\/a><\/p>\n","protected":false},"author":1,"featured_media":0,"parent":0,"menu_order":0,"comment_status":"closed","ping_status":"closed","template":"","meta":{"footnotes":""},"class_list":["post-1843","page","type-page","status-publish","hentry"],"rttpg_featured_image_url":null,"rttpg_author":{"display_name":"","author_link":"https:\/\/gbni.usm.md\/?author=1"},"rttpg_comment":0,"rttpg_category":null,"rttpg_excerpt":"Laboratorul plante tropicale Scurt istoric:\u00a0Fondat \u00een anul 1983. Din 1972\u00a0p\u00een\u0103 \u00een anul 1983 grupul de plante de teren \u00eenchis a activat\u00a0\u00een cadrul laboratorului de floricultur\u0103. Primul \u015fef \u015fi fondator al laboratorului a fost doctor \u00een biologie K.Dvoreaninova. Din 1991 \u015fi p\u00een\u0103 \u00een prezent \u2013 doctor \u00een biologie V.\u0162\u00eembal\u00ee. Componen\u0163a actual\u0103 a laboratorului:\u00a0Valentina \u0162\u00eembal\u0103, doctor \u00een&hellip;&hellip;","_links":{"self":[{"href":"https:\/\/gbni.usm.md\/index.php?rest_route=\/wp\/v2\/pages\/1843","targetHints":{"allow":["GET"]}}],"collection":[{"href":"https:\/\/gbni.usm.md\/index.php?rest_route=\/wp\/v2\/pages"}],"about":[{"href":"https:\/\/gbni.usm.md\/index.php?rest_route=\/wp\/v2\/types\/page"}],"author":[{"embeddable":true,"href":"https:\/\/gbni.usm.md\/index.php?rest_route=\/wp\/v2\/users\/1"}],"replies":[{"embeddable":true,"href":"https:\/\/gbni.usm.md\/index.php?rest_route=%2Fwp%2Fv2%2Fcomments&post=1843"}],"version-history":[{"count":2,"href":"https:\/\/gbni.usm.md\/index.php?rest_route=\/wp\/v2\/pages\/1843\/revisions"}],"predecessor-version":[{"id":1863,"href":"https:\/\/gbni.usm.md\/index.php?rest_route=\/wp\/v2\/pages\/1843\/revisions\/1863"}],"wp:attachment":[{"href":"https:\/\/gbni.usm.md\/index.php?rest_route=%2Fwp%2Fv2%2Fmedia&parent=1843"}],"curies":[{"name":"wp","href":"https:\/\/api.w.org\/{rel}","templated":true}]}}