{"id":1864,"date":"2023-05-22T15:39:59","date_gmt":"2023-05-22T12:39:59","guid":{"rendered":"https:\/\/gbni.usm.md\/?page_id=1864"},"modified":"2023-05-22T15:39:59","modified_gmt":"2023-05-22T12:39:59","slug":"laboratorul-resurse-vegetale","status":"publish","type":"page","link":"https:\/\/gbni.usm.md\/?page_id=1864","title":{"rendered":"Laboratorul Resurse vegetale"},"content":{"rendered":"<p><strong><b>Laboratorul Resurse vegetale<\/b><\/strong><\/p>\n<p><strong><b>Repere<\/b><\/strong><strong><b>\u00a0\u00a0<\/b><\/strong><strong><b>istorice:<\/b><\/strong>Introducerea, cercetarea \u015fi valorificarea resurselor vegetale, care includ plantele medicinale, aromatice, \u015fi a datelor despre con\u0163inutul principiilor active, posibilit\u0103\u0163ilor de multiplicare. \u00cen anii\u00a0\u00a060 au fost \u00een temei studiate mai multe specii din flora spontan\u0103 din diferite condimentare \u015fi furajere componente ale florei Republicii Moldova a \u00eenceput odat\u0103 cu\u00a0\u00a0organizarea Gr\u0103dinii Botanice \u00een 1950. Cercet\u0103rile de inceput au fost acsate pe acumularea\u00a0\u00a0genofondului\u00a0\u00a0zone fizico-geografice. \u00cen anii 1970-1990, la trecerea Gr\u0103dinii Botanice\u00a0\u00a0pe un alt teren, s-a fondat \u015fi s-a cercetat o colec\u0163ie de 540 specii, forme \u015fi soiuri ce ocup\u0103 o suprafa\u0163\u0103 de 0,5 ha. \u015ei-au adus aportul\u00a0\u00a0(Ivanova M., \u015eavorscaia \u0422., M. Lupa\u015fcu. V. Florea, M. Bodrug, A. Teleu\u0163\u0103, C.Lupu , Col\u0163un M., Cioc\u00e2rlan N.)<\/p>\n<p><strong><b>\u00a0\u00a0\u00a0<\/b><\/strong><\/p>\n<p><strong><b>Direc\u0163iile de cercetare:\u00a0<\/b><\/strong>Cercetarea, introducerea \u015fi valorificarea plantelor medicinale, aromatice \u015fi furajere \u00een diverse ramuri ale economiei na\u0163ionale.<\/p>\n<p><strong><b>Cercet\u0103ri \u015fi rezultate:<\/b><\/strong>\u00a0Cercet\u0103rile de introducere ale plantelor au fost \u00een genotip. Pe parcursul anilor au fost cercetate particularit\u0103\u0163ile ontogenetice ale plantelor, eviden\u0163ia\u0163i factorii ce limiteaz\u0103 adaptarea lor \u00een condi\u0163ii noi, efectuate la\u00a0nivel popula\u0163ional, ceea ce a permis de a eviden\u0163ia forme cu caractere constante determinat\u0103 cantitatea \u015fi calitatea uleiurilor volatile. \u00cen rezultatul cercet\u0103rilor au fost concretizate centrele genetice de unde este posibil de introdus noi specii pentru Moldova.<\/p>\n<p>&nbsp;<\/p>\n<p>\u00cen rezultatul cercet\u0103rilor au\u00a0\u00a0fost ob\u0163inute urm\u0103toarele realiz\u0103ri :<\/p>\n<p>&#8211;\u00a0\u00a0\u00a0\u00a0\u00a0\u00a0\u00a0\u00a0Create colec\u0163iile de plante aromatice, medicinale \u015fi furajere;<\/p>\n<p>&#8211;\u00a0\u00a0\u00a0\u00a0\u00a0\u00a0\u00a0Create \u015fi exponate grupe de plante utilizate \u00een medicina popular\u0103, dispuse dup\u00e2\u00a0\u00a0tratarea afec\u0163iunilor aparatelor \u015fi sistemelor corpului omenesc, precum \u015fi ob\u0163inerea de extracte pentru elaborarea de fitopreparate.<\/p>\n<p>&#8211;\u00a0\u00a0\u00a0\u00a0\u00a0\u00a0\u00a0\u00a0\u00a0Eviden\u0163iate \u015fi introduse 100 specii de plante aromatice \u015fi medicinale din flora spontan\u0103;<\/p>\n<p>&#8211;\u00a0\u00a0\u00a0\u00a0\u00a0\u00a0\u00a0Elaborat\u0103 tehnologia de cultivare a speciei furajere\u00a0<em><i>Galega<\/i><\/em><em><i>\u00a0\u00a0<\/i><\/em><em><i>orientalis\u00a0<\/i><\/em>pentru producerea masei vegetale.<\/p>\n<p>&nbsp;<\/p>\n<p>&#8211;\u00a0\u00a0\u00a0\u00a0\u00a0\u00a0\u00a0Elaborat\u0103 \u015fi implementat\u0103 tehnologia de producere a marco\u0163ilor de l\u0103v\u0103n\u0163ic\u0103 \u00een scopul fond\u0103rii planta\u0163iilor indstriale;<\/p>\n<p>&#8211;\u00a0\u00a0\u00a0\u00a0\u00a0\u00a0\u00a0Selectat \u015fi propus pentru implementare sortimentul soiurilor\u00a0\u00a0speciilor medicinale \u2013 aromatice \u00een producerea mirodeniilor autohtone (o\u0163et balsamic);<\/p>\n<p>&#8211;\u00a0\u00a0\u00a0\u00a0\u00a0\u00a0\u00a0Determinate elementele tehnologice organice pentru elaborarea fi\u015felor tehnologice de cultivare a plantelor medicinale, aromatice, condimentare \u015fi furagere;<\/p>\n<p>&#8211;\u00a0\u00a0\u00a0\u00a0\u00a0\u00a0\u00a0Includerea unor specii \u00een formula preparatului \u201eRemediu pentru tratarea fructelor \u015fi strugurilor \u00een timpul p\u0103str\u0103rii\u201d; la\u00a0\u00a0prepararea conservelor din legume \u00een calitate de aromatizan\u0163i; \u00een formula fitopreparatelor medicinale, oriblete \u201eCimpelsept\u201d, \u201eUnguient antimicrobian\u201d, \u201eRemediu cu ac\u0163iune antimicrobian\u0103\u201d, \u201eRemediu antibacterian \u015fi antifungic\u201d;<\/p>\n<p>&#8211;\u00a0\u00a0\u00a0\u00a0\u00a0Selectate \u015fi implementate specii de plante pentru producerea vinurilor aromatizante \u201e\u0411\u0443\u043a\u0435\u0442 \u041c\u043e\u043b\u0434\u0430\u0432\u0438\u0438\u201d, \u201e \u0423\u0442\u0440\u0435\u043d\u043d\u044f\u044f \u0440\u043e\u0441\u0441\u0430\u201d, \u201eVin aromatizant din struguri\u201d, rachiul \u201e \u0416\u0438\u0442\u043e\u043c\u0438\u0440\u0441\u043a\u0430\u044f \u044e\u0431\u0438\u043b\u0435\u0439\u043d\u0430\u044f\u201d, b\u0103uturilor r\u0103coritoare \u201e\u0422\u0440\u0430\u0432\u0438\u043d\u043a\u0430\u201d, \u201e\u0411\u0440\u0435\u0430\u043d\u0441\u043a\u0438\u0439 \u041a\u0432\u0430\u0441\u201d, \u201e\u0421\u043d\u0435\u0436\u0435\u0442\u044c\u201d, coctailului \u201e \u0414\u0435\u0441\u043d\u0430\u201d<\/p>\n<p><strong><b>Brevete, inven\u0163ii:\u00a0<\/b><\/strong>14<\/p>\n<p><strong><b>Publica\u0163ii:<\/b><\/strong>\u00a0Au fost editate 10 monografii \u015fi peste 800 de lucr\u0103ri \u015ftiin\u0163ifice<\/p>\n<p>&nbsp;<\/p>\n<p><a href=\"https:\/\/gbni.usm.md\/wp-content\/uploads\/2023\/05\/raport-resurse-vegetale-2010.pdf\"><u>\u2002Raportul privind activitatea \u015ftiin\u0163ific\u0103 \u015fi inova\u0163ional\u0103 pe anul 2010<\/u><\/a><\/p>\n<p><strong><b>\u00a0<\/b><\/strong><a href=\"https:\/\/gbni.usm.md\/wp-content\/uploads\/2023\/05\/Darea-de-sama\u0306-a-laboratorului-de-Resurse-2012.pdf\"><u>Raportul privind activitatea \u015ftiin\u0163ific\u0103 \u015fi inova\u0163ional\u0103 pe anul 2012<\/u><\/a><\/p>\n<p><a href=\"https:\/\/gbni.usm.md\/wp-content\/uploads\/2023\/05\/L.Chisnicean-2013.pdf\"><u>Raport privind activitatea \u015ftiin\u0163ific\u0103 \u015fi inova\u0163ional\u0103 pe anul 2013<\/u><\/a><\/p>\n<p><strong><b>\u00a0<\/b><\/strong><a href=\"https:\/\/gbni.usm.md\/wp-content\/uploads\/2023\/05\/Picture5.png\"><u>Fi\u015fa proiectului institu\u0163ional pe anii 2011-2014<\/u><\/a><\/p>\n<p><a href=\"https:\/\/gbni.usm.md\/wp-content\/uploads\/2023\/05\/formul-proiect-Resurse-Vegetale15-18-Final.pdf\"><u>Proiect de cercet\u0103ri \u015ftiin\u0163ifice\u2002fundamentale \u015fi aplicative, finan\u0163ate de la bugetul de stat pentru anii 2015-2018<\/u><\/a><\/p>\n<p><a href=\"https:\/\/gbni.usm.md\/?page_id=1877\"><u>Echipa de cercet\u0103tori<\/u><\/a><\/p>\n","protected":false},"excerpt":{"rendered":"<p>Laboratorul Resurse vegetale Repere\u00a0\u00a0istorice:Introducerea, cercetarea \u015fi valorificarea resurselor vegetale, care includ plantele medicinale, aromatice, \u015fi a datelor despre con\u0163inutul principiilor active, posibilit\u0103\u0163ilor de multiplicare. \u00cen anii\u00a0\u00a060 au fost \u00een temei studiate mai multe specii din flora spontan\u0103 din diferite condimentare \u015fi furajere componente ale florei Republicii Moldova a \u00eenceput odat\u0103 cu\u00a0\u00a0organizarea Gr\u0103dinii Botanice \u00een 1950.&hellip; <br \/> <a class=\"read-more\" href=\"https:\/\/gbni.usm.md\/?page_id=1864\">Cite\u0219te mai mult<\/a><\/p>\n","protected":false},"author":1,"featured_media":0,"parent":0,"menu_order":0,"comment_status":"closed","ping_status":"closed","template":"","meta":{"footnotes":""},"class_list":["post-1864","page","type-page","status-publish","hentry"],"rttpg_featured_image_url":null,"rttpg_author":{"display_name":"","author_link":"https:\/\/gbni.usm.md\/?author=1"},"rttpg_comment":0,"rttpg_category":null,"rttpg_excerpt":"Laboratorul Resurse vegetale Repere\u00a0\u00a0istorice:Introducerea, cercetarea \u015fi valorificarea resurselor vegetale, care includ plantele medicinale, aromatice, \u015fi a datelor despre con\u0163inutul principiilor active, posibilit\u0103\u0163ilor de multiplicare. \u00cen anii\u00a0\u00a060 au fost \u00een temei studiate mai multe specii din flora spontan\u0103 din diferite condimentare \u015fi furajere componente ale florei Republicii Moldova a \u00eenceput odat\u0103 cu\u00a0\u00a0organizarea Gr\u0103dinii Botanice \u00een 1950.&hellip;&hellip;","_links":{"self":[{"href":"https:\/\/gbni.usm.md\/index.php?rest_route=\/wp\/v2\/pages\/1864","targetHints":{"allow":["GET"]}}],"collection":[{"href":"https:\/\/gbni.usm.md\/index.php?rest_route=\/wp\/v2\/pages"}],"about":[{"href":"https:\/\/gbni.usm.md\/index.php?rest_route=\/wp\/v2\/types\/page"}],"author":[{"embeddable":true,"href":"https:\/\/gbni.usm.md\/index.php?rest_route=\/wp\/v2\/users\/1"}],"replies":[{"embeddable":true,"href":"https:\/\/gbni.usm.md\/index.php?rest_route=%2Fwp%2Fv2%2Fcomments&post=1864"}],"version-history":[{"count":1,"href":"https:\/\/gbni.usm.md\/index.php?rest_route=\/wp\/v2\/pages\/1864\/revisions"}],"predecessor-version":[{"id":1888,"href":"https:\/\/gbni.usm.md\/index.php?rest_route=\/wp\/v2\/pages\/1864\/revisions\/1888"}],"wp:attachment":[{"href":"https:\/\/gbni.usm.md\/index.php?rest_route=%2Fwp%2Fv2%2Fmedia&parent=1864"}],"curies":[{"name":"wp","href":"https:\/\/api.w.org\/{rel}","templated":true}]}}