{"id":1877,"date":"2023-05-22T15:38:56","date_gmt":"2023-05-22T12:38:56","guid":{"rendered":"https:\/\/gbni.usm.md\/?page_id=1877"},"modified":"2023-05-22T15:38:56","modified_gmt":"2023-05-22T12:38:56","slug":"echipa-de-cercetatori-lab-resurse-vegetale","status":"publish","type":"page","link":"https:\/\/gbni.usm.md\/?page_id=1877","title":{"rendered":"Echipa de cercetatori lab.Resurse vegetale"},"content":{"rendered":"<p><strong><b>Teleu\u0163\u0103 Alexandru, Col\u0163un Maricica, Chisnicean Lilia, Cioc\u00e2rlan Nina, \u0162i\u0163ei Victor, Ababii Vitalie, Dombrov Ludmila<\/b><\/strong><\/p>\n<p><img fetchpriority=\"high\" decoding=\"async\" class=\"alignnone size-medium wp-image-1886\" src=\"https:\/\/gbni.usm.md\/wp-content\/uploads\/2023\/05\/TELEUTA-ALEXANDRU_0-295x300.jpg\" alt=\"\" width=\"295\" height=\"300\" \/><\/p>\n<p><strong><b>TELEU\u0162\u0102 Alexandru<\/b><\/strong>, conferen\u0163iar universitar.<\/p>\n<p><strong><b>GRAD \u015eTIIN\u0162IFIC\u00a0<\/b><\/strong><\/p>\n<p>1980- doctor \u00een agricultur\u0103, specialitatea ameliorarea \u015fi producerea semin\u0163elor &#8211; 06.01.05,\u00a0Resurse genetice pentru ameliorarea soiei Glycine max (L.) Merr. \u00een condi\u0163iile zonei centrale a Moldovei\u00a0, Consiliul \u015etiin\u0163ific specializat al Institutului Unional de Fitotehnie \u201eN.I.Vavilov\u201d, Sankt Peterburg.<\/p>\n<p>&nbsp;<\/p>\n<p><strong><b>DIREC\u0162II DE CERCETARE<\/b><\/strong>: conservarea diversit\u0103\u0163ii floristice, introducerea \u015fi valorificarea resurselor vegetale.<\/p>\n<p><strong><b>PUBLICA\u0162II<\/b><\/strong>:<\/p>\n<ul>\n<li><span style=\"background-color: transparent;\">Teleu\u0163\u0103 A., Capcelea A., Coc\u00e2r\u0163\u0103 P. s.a. First National Report on Biological Diversity. Chi\u015fin\u0103u, \u015etiin\u0163a, 2000, 67 p.\u00a0<\/span><\/li>\n<\/ul>\n<ul>\n<li>Teleu\u0163\u0103 A., Capcelea A., Negru A. s.a\u00a0Biological Diversity Conservation National Strategy and Action Plan, Chi\u015fin\u0103u. \u015etiin\u0163a, 2002, 99 p.<\/li>\n<li>Duca M., Teleu\u0163\u0103 A., Port A.\u00a0Plante modificate genetic. Chi\u015fin\u0103u, Mediul Ambiant. 2003, 96p.<\/li>\n<\/ul>\n<p>E-mail:\u00a0alexandrut@mail.md<\/p>\n<p><a href=\"https:\/\/gbni.usm.md\/wp-content\/uploads\/2023\/05\/CV-Teleuta-10.09.-2013_0.pdf\"><u>Curriculum Vitae \u015fi lista publica\u0163iilor<\/u><\/a><\/p>\n<p>&nbsp;<\/p>\n<p><strong><b>COL\u0162UN Maricica<\/b><\/strong>, conferen\u0163iar universitar<\/p>\n<p><img decoding=\"async\" class=\"alignnone size-medium wp-image-1885\" src=\"https:\/\/gbni.usm.md\/wp-content\/uploads\/2023\/05\/MARIA-COLTUN_0-284x300.jpg\" alt=\"\" width=\"284\" height=\"300\" \/><\/p>\n<p><strong><b>GRAD \u015eTIIN\u0162IFIC\u00a0<\/b><\/strong><br \/>\n1998 \u2013 doctor \u00een biologie, 03.00.05 &#8211; botanic\u0103,\u00a0Studiul biologiei \u015fi con\u0163inutul de ulei volatil \u00een specia Koellia virginiana (L.) Mac.M., Gr\u0103dina Botanic\u0103 (Institut), A\u015eM.<\/p>\n<p><strong><b>DIREC\u0162II DE CERCETARE<\/b><\/strong>: introducerea, cercetarea, conservarea \u015fi utilizarea eficient\u0103 a speciilor de plante medicinale, aromatice \u015fi alimentare.<\/p>\n<p><strong><b>PUBLICA\u0162II<\/b><\/strong>:<\/p>\n<ul>\n<li><span style=\"background-color: transparent;\">Col\u0163un M. Plante medicinale \u015fi aromatice introduse \u015fi cercetate \u00een Gr\u0103dina Botanic\u0103 a A\u015eM, Analele \u015ftiin\u0163ifice ale Universit\u0103\u0163ii de Stat din Moldova. Seria \u015etiin\u0163e chimico-biologice, Chi\u015fin\u0103u 2007, p. 293 \u2013 297.<\/span><\/li>\n<\/ul>\n<ul>\n<li>Ciubotaru A., Postolache G., Teleu\u0163\u0103 A., Col\u0163un M.\u00a0Lumea vegetal\u0103 a Moldovei. Plante cu flori \u2013 III, Chi\u015fin\u0103u, \u015etiin\u0163a, 2007, -184 p.<\/li>\n<li>Col\u0163un M.\u00a0Conservarea \u015fi utilizarea ra\u0163ional\u0103 a resurselor vegetale de plante medicinale, International Conference of Young Researchers. Chi\u015fin\u0103u, 2009, p. 108.<\/li>\n<\/ul>\n<p>E-mail:\u00a0mcoltun@mail.ru<\/p>\n<p><a href=\"https:\/\/gbni.usm.md\/wp-content\/uploads\/2023\/05\/CV-Coltun.pdf\"><u>Curriculum Vitae \u015fi lista publica\u0163iilor<\/u><\/a><\/p>\n<p>&nbsp;<\/p>\n<p><strong><b>CHISNICEAN\u00a0Lilia<\/b><\/strong>, cercet\u0103tor \u015ftiin\u0163ific<\/p>\n<p><img decoding=\"async\" class=\"alignnone size-medium wp-image-1882\" src=\"https:\/\/gbni.usm.md\/wp-content\/uploads\/2023\/05\/CHISNICEAN-265x300.jpg\" alt=\"\" width=\"265\" height=\"300\" \/><\/p>\n<p><strong><b>GRAD \u015eTIIN\u0162IFIC<\/b><\/strong><\/p>\n<p>1995-specialitatea 06.01.05, crearea materialului ini\u0163ial \u015fi a hibrizilor de sorg x iarb\u0103 de Sudan.<\/p>\n<p>&nbsp;<\/p>\n<p><strong><b>DIREC\u0162II DE CERCETARE<\/b><\/strong>: introducerea, ameliorarea, seminologia culturilor netradi\u0163ionale, medicinale, aromatice \u015fi condimentare<\/p>\n<p>&nbsp;<\/p>\n<p><strong><b>PUBLICA\u0162II:<\/b><\/strong><\/p>\n<ul>\n<li><span style=\"background-color: transparent;\">Chisnicean L. Rezultate privind multiplicarea la introducerea \u00een cultur\u0103 a speciei Stevia rebaudiana Bertoni. Materialele Simpozionului \u015ftiin\u0163ific interna\u0163ional \u201eConservarea diversit\u0103\u0163ii plantelor\u201d, Chi\u015fin\u0103u, 2010, pag.352<\/span><\/li>\n<\/ul>\n<ul>\n<li><span style=\"background-color: transparent;\">Chisnicean Lilia, Studii de ameliorare la specia Ocimum basilicum L. Tezele Congresului al 9 lea\u00a0\u00a0na\u0163ional cu participare interna\u0163ional\u0103 al Geneticienilor \u015fi amelioratorilor, Chi\u015fin\u0103u, 2010, pag.<\/span><\/li>\n<\/ul>\n<ul>\n<li><span style=\"background-color: transparent;\">Chisnicean Lilia, Introducerea \u00een cultur\u0103 a speciei Stevia rebaudiana Bertoni. Metode de multiplicare. Tezele\u00a0\u00a0Sesiunii anuale de comunic\u0103ri \u015ftiin\u0163ifice \u201e Noi provoc\u0103ri \u00een cercetare la cartof, sfecl\u0103 de zah\u0103r \u015fi plante medicinale \u00een condi\u0163ii de schimb\u0103ri globale, climatice \u015fi economice\u201d Bra\u015fov, Rom\u00e2nia, 2010, pag.27<\/span><\/li>\n<\/ul>\n<ul>\n<li><span style=\"background-color: transparent;\">De\u0163in\u0103tor a 2 brevete de inven\u0163ie \u015fi 46 adeverin\u0163e pentru soi de plante\u00a0<\/span><\/li>\n<\/ul>\n<p>E-mail:\u00a0chisniceanl@mail.ru<\/p>\n<p><u>Curriculum Vitae \u015fi lista publica\u0163iilor<\/u><\/p>\n<p>&nbsp;<\/p>\n<p><strong><b>CIOC\u00c2RLAN Nina<\/b><\/strong>, cercet\u0103tor conferen\u0163iar<\/p>\n<p><img loading=\"lazy\" decoding=\"async\" class=\"alignnone size-medium wp-image-1883\" src=\"https:\/\/gbni.usm.md\/wp-content\/uploads\/2023\/05\/CIOCA\u0302RLAN-225x300.jpeg\" alt=\"\" width=\"225\" height=\"300\" \/><\/p>\n<p><strong><b>GRAD \u015eTIIN\u0162IFIC<\/b><\/strong><\/p>\n<p>2000 \u2013 doctor \u00een biologie, specialitatea 03.00.05 \u2013 botanica, Studiul biologic \u015fi biochimic al speciei Polymnia sonchifolia Poepp. et Endl. \u015fi utilizarea ei, Gr\u0103dina Botanic\u0103 (Institut) a A\u015eM<\/p>\n<p>&nbsp;<\/p>\n<p><strong><b>DIREC\u0162II DE CERCETARE<\/b><\/strong>:\u00a0Plante medicinale \u015fi aromatice din flora spontan\u0103 \u015fi alohton\u0103 (introducere, biologie, biochimie, tehnologii de cultivare )<\/p>\n<p><strong><b>PUBLICA\u0162II<\/b><\/strong><\/p>\n<ol>\n<li><b><\/b>Ciocarlan N., Ghendov V., Izverscaia T., Stefanache C., Carlen Ch., Simonnet X. Medicinal Artemisia L. species (A. annua, A. absinthium and A. lerchiana) in Republic of Moldova. Ed. Mediul Ambiant, 2017, 144 p.<br \/>\n2. Ciocarlan N. Contributions to the mobilization, research and capitalization of medicinal Lamiaceae\u00a0 species in the Botanical Garden (Institute) of ASM. Journal of Botany, vol. IX, Nr. 2 (15), 2017, p. 82-91.<br \/>\n3. Aprotosoaie A.C., Miron A., Ciocarlan N. et al. Essential oil of Moldovian Thymus species: Chemical composition antioxidant, anti-Aspergillus and antigenotoxic activities. Flavour and Fragrance Journal, 2019, 34, p. 175-186.<\/li>\n<\/ol>\n<p>&nbsp;<\/p>\n<p>E-mail:\u00a0n_ciocarlan@mail.ru<\/p>\n<p><a href=\"https:\/\/gbni.usm.md\/wp-content\/uploads\/2023\/05\/CV-Ciocarlan-2020-list-of-publications.pdf.pdf\"><u>Curriculum Vitae \u015fi lista publica\u0163iilor<\/u><\/a><\/p>\n<p>&nbsp;<\/p>\n<p><strong><b>\u00a0\u0162\u00ee\u0163ei Victor<\/b><\/strong>, cercet\u0103tor conferen\u0163iar<\/p>\n<p><a href=\"https:\/\/gbni.usm.md\/wp-content\/uploads\/2023\/05\/T\u0327i\u0302t\u0327ei-Victor-Lista-lucra\u0306rilor-s\u0326tiint\u0326ifice-a-doctorului-i\u0302n-s\u0326tiint\u0326e-biologice-2010-2014.pdf\"><u>Curriculum Vitae \u015fi lista publica\u0163iilor<\/u><\/a><\/p>\n<p>&nbsp;<\/p>\n<p><strong><b>DOMBROV Ludmila<\/b><\/strong>, cercet\u0103tor \u015ftiin\u0163ific stagiar<\/p>\n<p><img loading=\"lazy\" decoding=\"async\" class=\"alignnone size-medium wp-image-1884\" src=\"https:\/\/gbni.usm.md\/wp-content\/uploads\/2023\/05\/dombrov-225x300.jpg\" alt=\"\" width=\"225\" height=\"300\" \/><\/p>\n<p><strong><b>DIREC\u0162II DE CERCETARE<\/b><\/strong>: Plante aromatice \u015fi condimentare din flora spontan\u0103 \u015fi alohton\u0103.<\/p>\n<p><strong><b>PUBLICA\u0162II<\/b><\/strong>:<\/p>\n<ul>\n<li><span style=\"background-color: transparent;\">Dombrov L., Chisnicean L. The study of Ocimum L. genus in the Republic of Moldova. The 12th International Symposium \u201eProspects for the 3rd Millennium Agriculture.\u201d Rom\u00e2nia, 2013, Cluj-Napoca, Vol. 1, p. 77.<\/span><\/li>\n<\/ul>\n<ul>\n<li>Dombrov L., Chisnicean L. Cercet\u0103ri privind ameliorarea busuiocului (Ocimum basilicum L.). Conferin\u0163a \u015etiin\u0163ific\u0103 Interna\u0163ional\u0103 a doctoranzilor \u201eTendin\u0163e contemporane ale dezvolt\u0103rii \u015ftiin\u0163ei: Viziuni ale tinerilor cercet\u0103tori\u201d. Chi\u015fin\u0103u, 2014, p.36.<\/li>\n<\/ul>\n<p><a href=\"https:\/\/gbni.usm.md\/wp-content\/uploads\/2023\/05\/DOMBROV.pdf\"><u>Curriculum Vitae \u015fi lista publica\u0163iilor<\/u><\/a><\/p>\n","protected":false},"excerpt":{"rendered":"<p>Teleu\u0163\u0103 Alexandru, Col\u0163un Maricica, Chisnicean Lilia, Cioc\u00e2rlan Nina, \u0162i\u0163ei Victor, Ababii Vitalie, Dombrov Ludmila TELEU\u0162\u0102 Alexandru, conferen\u0163iar universitar. GRAD \u015eTIIN\u0162IFIC\u00a0 1980- doctor \u00een agricultur\u0103, specialitatea ameliorarea \u015fi producerea semin\u0163elor &#8211; 06.01.05,\u00a0Resurse genetice pentru ameliorarea soiei Glycine max (L.) Merr. \u00een condi\u0163iile zonei centrale a Moldovei\u00a0, Consiliul \u015etiin\u0163ific specializat al Institutului Unional de Fitotehnie \u201eN.I.Vavilov\u201d, Sankt&hellip; <br \/> <a class=\"read-more\" href=\"https:\/\/gbni.usm.md\/?page_id=1877\">Cite\u0219te mai mult<\/a><\/p>\n","protected":false},"author":1,"featured_media":0,"parent":0,"menu_order":0,"comment_status":"closed","ping_status":"closed","template":"","meta":{"footnotes":""},"class_list":["post-1877","page","type-page","status-publish","hentry"],"rttpg_featured_image_url":null,"rttpg_author":{"display_name":"","author_link":"https:\/\/gbni.usm.md\/?author=1"},"rttpg_comment":0,"rttpg_category":null,"rttpg_excerpt":"Teleu\u0163\u0103 Alexandru, Col\u0163un Maricica, Chisnicean Lilia, Cioc\u00e2rlan Nina, \u0162i\u0163ei Victor, Ababii Vitalie, Dombrov Ludmila TELEU\u0162\u0102 Alexandru, conferen\u0163iar universitar. GRAD \u015eTIIN\u0162IFIC\u00a0 1980- doctor \u00een agricultur\u0103, specialitatea ameliorarea \u015fi producerea semin\u0163elor &#8211; 06.01.05,\u00a0Resurse genetice pentru ameliorarea soiei Glycine max (L.) Merr. \u00een condi\u0163iile zonei centrale a Moldovei\u00a0, Consiliul \u015etiin\u0163ific specializat al Institutului Unional de Fitotehnie \u201eN.I.Vavilov\u201d, Sankt&hellip;&hellip;","_links":{"self":[{"href":"https:\/\/gbni.usm.md\/index.php?rest_route=\/wp\/v2\/pages\/1877","targetHints":{"allow":["GET"]}}],"collection":[{"href":"https:\/\/gbni.usm.md\/index.php?rest_route=\/wp\/v2\/pages"}],"about":[{"href":"https:\/\/gbni.usm.md\/index.php?rest_route=\/wp\/v2\/types\/page"}],"author":[{"embeddable":true,"href":"https:\/\/gbni.usm.md\/index.php?rest_route=\/wp\/v2\/users\/1"}],"replies":[{"embeddable":true,"href":"https:\/\/gbni.usm.md\/index.php?rest_route=%2Fwp%2Fv2%2Fcomments&post=1877"}],"version-history":[{"count":1,"href":"https:\/\/gbni.usm.md\/index.php?rest_route=\/wp\/v2\/pages\/1877\/revisions"}],"predecessor-version":[{"id":1887,"href":"https:\/\/gbni.usm.md\/index.php?rest_route=\/wp\/v2\/pages\/1877\/revisions\/1887"}],"wp:attachment":[{"href":"https:\/\/gbni.usm.md\/index.php?rest_route=%2Fwp%2Fv2%2Fmedia&parent=1877"}],"curies":[{"name":"wp","href":"https:\/\/api.w.org\/{rel}","templated":true}]}}