{"id":1891,"date":"2023-05-23T15:05:22","date_gmt":"2023-05-23T12:05:22","guid":{"rendered":"https:\/\/gbni.usm.md\/?page_id=1891"},"modified":"2023-05-23T15:05:22","modified_gmt":"2023-05-23T12:05:22","slug":"colectii","status":"publish","type":"page","link":"https:\/\/gbni.usm.md\/?page_id=1891","title":{"rendered":"Colec\u0163ii"},"content":{"rendered":"<ul>\n<li><a href=\"https:\/\/gbni.usm.md\/?page_id=2341\"><u>Colec\u0163ia plante floricole<\/u><\/a><\/li>\n<li><a href=\"https:\/\/gbni.usm.md\/?page_id=2345\"><u>Colec\u0163ia plante medicinale \u015fi aromatice<\/u><\/a><\/li>\n<li><a href=\"https:\/\/gbni.usm.md\/?page_id=2366\"><u>Colec\u0163ia plante furajere<\/u><\/a><\/li>\n<li><a href=\"https:\/\/gbni.usm.md\/?page_id=2378\"><u>Colec\u0163ia plante tropicale<\/u><\/a><\/li>\n<li><a href=\"https:\/\/gbni.usm.md\/?page_id=2389\"><u>Colec\u0163ia plante pomicole, viticole \u015fi nucifere<\/u><\/a><\/li>\n<li><a href=\"https:\/\/gbni.usm.md\/?page_id=2391\"><u>Complexul de sere<\/u><\/a><\/li>\n<\/ul>\n","protected":false},"excerpt":{"rendered":"<p>Colec\u0163ia plante floricole Colec\u0163ia plante medicinale \u015fi aromatice Colec\u0163ia plante furajere Colec\u0163ia plante tropicale Colec\u0163ia plante pomicole, viticole \u015fi nucifere Complexul de sere<\/p>\n","protected":false},"author":1,"featured_media":0,"parent":0,"menu_order":0,"comment_status":"closed","ping_status":"closed","template":"","meta":{"footnotes":""},"class_list":["post-1891","page","type-page","status-publish","hentry"],"rttpg_featured_image_url":null,"rttpg_author":{"display_name":"","author_link":"https:\/\/gbni.usm.md\/?author=1"},"rttpg_comment":0,"rttpg_category":null,"rttpg_excerpt":"Colec\u0163ia plante floricole Colec\u0163ia plante medicinale \u015fi aromatice Colec\u0163ia plante furajere Colec\u0163ia plante tropicale Colec\u0163ia plante pomicole, viticole \u015fi nucifere Complexul de sere","_links":{"self":[{"href":"https:\/\/gbni.usm.md\/index.php?rest_route=\/wp\/v2\/pages\/1891","targetHints":{"allow":["GET"]}}],"collection":[{"href":"https:\/\/gbni.usm.md\/index.php?rest_route=\/wp\/v2\/pages"}],"about":[{"href":"https:\/\/gbni.usm.md\/index.php?rest_route=\/wp\/v2\/types\/page"}],"author":[{"embeddable":true,"href":"https:\/\/gbni.usm.md\/index.php?rest_route=\/wp\/v2\/users\/1"}],"replies":[{"embeddable":true,"href":"https:\/\/gbni.usm.md\/index.php?rest_route=%2Fwp%2Fv2%2Fcomments&post=1891"}],"version-history":[{"count":1,"href":"https:\/\/gbni.usm.md\/index.php?rest_route=\/wp\/v2\/pages\/1891\/revisions"}],"predecessor-version":[{"id":2417,"href":"https:\/\/gbni.usm.md\/index.php?rest_route=\/wp\/v2\/pages\/1891\/revisions\/2417"}],"wp:attachment":[{"href":"https:\/\/gbni.usm.md\/index.php?rest_route=%2Fwp%2Fv2%2Fmedia&parent=1891"}],"curies":[{"name":"wp","href":"https:\/\/api.w.org\/{rel}","templated":true}]}}