{"id":2341,"date":"2023-05-23T14:17:35","date_gmt":"2023-05-23T11:17:35","guid":{"rendered":"https:\/\/gbni.usm.md\/?page_id=2341"},"modified":"2023-05-23T14:19:10","modified_gmt":"2023-05-23T11:19:10","slug":"floricultura","status":"publish","type":"page","link":"https:\/\/gbni.usm.md\/?page_id=2341","title":{"rendered":"Floricultura"},"content":{"rendered":"<p>Sectorul floricultur\u0103 este amplasat \u00een centrul Gr\u0103dinii Botanice. Aici este expus\u0103 o diversitate de plante fl oricole decorative anuale, bianuale \u015fi perene, care prin modul de amplasare \u015fi grupare, succesiunea \u00eenfl oririi, bog\u0103\u0163ia de forme \u015fi culori \u2013 constituie o expozi\u0163ie cu caracter permanent, destinat\u0103 recre\u0103rii, instruirii \u015fi educa\u0163iei. Gama de culori irepetabile \u2013 farmecul deosebit al \u00eentregii compozi\u0163ii fl oricole este cea mai apreciat\u0103 de vizitatori.<br \/>\nFrumuse\u0163ea florilor poate fi\u00a0 admirat\u0103 pe tot parcursul perioadei de vegeta\u0163ie. Prim\u0103vara timpuriu ne bucur\u0103 privirea crocu\u015fii, topora\u015fii, narcisele, lalelele, bujorii, apoi \u201ese aprind\u201d superbele lum\u00e2n\u0103ri de eremuru\u015fi etc. Nu mai pu\u0163in impun\u0103toare este \u015fi perioada de var\u0103, prin specii originale de gladiole, cr\u0103i\u0163e, pufule\u0163i \u015fi cromatica vie a crinilor de var\u0103 etc. Toamna ne bucur\u0103 privirea canele, crizantemele, astrele perene cu infl orescen\u0163e nuan\u0163ate deosebit.<\/p>\n<p><img decoding=\"async\" class=\"alignnone size-medium wp-image-2343\" src=\"https:\/\/gbni.usm.md\/wp-content\/uploads\/2023\/05\/Picture6-300x158.png\" alt=\"\" width=\"300\" height=\"158\" \/><\/p>\n","protected":false},"excerpt":{"rendered":"<p>Sectorul floricultur\u0103 este amplasat \u00een centrul Gr\u0103dinii Botanice. Aici este expus\u0103 o diversitate de plante fl oricole decorative anuale, bianuale \u015fi perene, care prin modul de amplasare \u015fi grupare, succesiunea \u00eenfl oririi, bog\u0103\u0163ia de forme \u015fi culori \u2013 constituie o expozi\u0163ie cu caracter permanent, destinat\u0103 recre\u0103rii, instruirii \u015fi educa\u0163iei. Gama de culori irepetabile \u2013 farmecul&hellip; <br \/> <a class=\"read-more\" href=\"https:\/\/gbni.usm.md\/?page_id=2341\">Cite\u0219te mai mult<\/a><\/p>\n","protected":false},"author":1,"featured_media":0,"parent":0,"menu_order":0,"comment_status":"closed","ping_status":"closed","template":"","meta":{"footnotes":""},"class_list":["post-2341","page","type-page","status-publish","hentry"],"rttpg_featured_image_url":null,"rttpg_author":{"display_name":"","author_link":"https:\/\/gbni.usm.md\/?author=1"},"rttpg_comment":0,"rttpg_category":null,"rttpg_excerpt":"Sectorul floricultur\u0103 este amplasat \u00een centrul Gr\u0103dinii Botanice. Aici este expus\u0103 o diversitate de plante fl oricole decorative anuale, bianuale \u015fi perene, care prin modul de amplasare \u015fi grupare, succesiunea \u00eenfl oririi, bog\u0103\u0163ia de forme \u015fi culori \u2013 constituie o expozi\u0163ie cu caracter permanent, destinat\u0103 recre\u0103rii, instruirii \u015fi educa\u0163iei. Gama de culori irepetabile \u2013 farmecul&hellip;&hellip;","_links":{"self":[{"href":"https:\/\/gbni.usm.md\/index.php?rest_route=\/wp\/v2\/pages\/2341","targetHints":{"allow":["GET"]}}],"collection":[{"href":"https:\/\/gbni.usm.md\/index.php?rest_route=\/wp\/v2\/pages"}],"about":[{"href":"https:\/\/gbni.usm.md\/index.php?rest_route=\/wp\/v2\/types\/page"}],"author":[{"embeddable":true,"href":"https:\/\/gbni.usm.md\/index.php?rest_route=\/wp\/v2\/users\/1"}],"replies":[{"embeddable":true,"href":"https:\/\/gbni.usm.md\/index.php?rest_route=%2Fwp%2Fv2%2Fcomments&post=2341"}],"version-history":[{"count":2,"href":"https:\/\/gbni.usm.md\/index.php?rest_route=\/wp\/v2\/pages\/2341\/revisions"}],"predecessor-version":[{"id":2344,"href":"https:\/\/gbni.usm.md\/index.php?rest_route=\/wp\/v2\/pages\/2341\/revisions\/2344"}],"wp:attachment":[{"href":"https:\/\/gbni.usm.md\/index.php?rest_route=%2Fwp%2Fv2%2Fmedia&parent=2341"}],"curies":[{"name":"wp","href":"https:\/\/api.w.org\/{rel}","templated":true}]}}