{"id":826,"date":"2023-05-05T12:30:37","date_gmt":"2023-05-05T09:30:37","guid":{"rendered":"https:\/\/gbni.usm.md\/?page_id=826"},"modified":"2023-05-05T12:30:37","modified_gmt":"2023-05-05T09:30:37","slug":"administratia","status":"publish","type":"page","link":"https:\/\/gbni.usm.md\/?page_id=826","title":{"rendered":"Administra\u0163ia"},"content":{"rendered":"<p><strong>\u00a0Administra\u0163ia Gr\u0103dinei Botanice Na\u021bionale (Institut) &#8222;Alexandru Ciubotaru&#8221;<\/strong><\/p>\n<div><strong>Director:\u00a0<\/strong><u><strong>dr. Ion Ro\u0219ca<\/strong><\/u><\/div>\n<div>tel:+373 (22) 550443, fax:+373 (22) 550443<\/div>\n<div>e-mail:\u00a0<span class=\"qu\" tabindex=\"-1\" role=\"gridcell\"><span class=\"go\">roscasilva@yahoo.com<\/span><\/span><\/div>\n<div><\/div>\n<div><\/div>\n<div><strong>Vice-Director pe \u015ftiin\u0163\u0103:\u00a0<\/strong><u><strong>dr. Aliona Miron<\/strong><\/u><\/div>\n<div>tel:+373 (22) 556145,\u00a0fax:+373 (22) 550443<\/div>\n<div>e-mail:\u00a0aliona_miron@yahoo.com<\/div>\n<div><\/div>\n<div><strong>Vice-Director pe probleme generale:\u00a0<\/strong><u><strong>Vitalie M\u00ee\u0163u<\/strong><\/u><br \/>\ntel:+373 (22) 550443, fax:+373 (22) 550443<\/div>\n<div>e-mail:\u00a0mvitalie79@gmail.com<\/div>\n<div><\/div>\n<div><\/div>\n<div><strong>Secretar \u015ftiin\u0163ific:\u00a0<\/strong><u><strong>dr.\u00a0Cutcovschi-Mu\u015ftuc Alina<\/strong><\/u><\/div>\n<div>tel:+373 (22) 559136,\u00a0fax:+373 (22) 550443<\/div>\n<div>e-mail:\u00a0alinacutcovschi@mail.ru<\/div>\n<div><\/div>\n<div><\/div>\n<div>\u00a0 \u00a0 \u00a0 \u00a0 \u00a0 \u00a0 \u00a0 \u00a0 \u00a0 \u00a0 \u00a0 \u00a0 \u00a0 \u00a0 \u00a0 \u00a0 \u00a0 \u00a0 \u00a0 \u00a0 \u00a0 \u00a0 \u00a0 \u00a0 \u00a0 \u00a0 \u00a0 \u00a0 \u00a0 \u00a0 \u00a0<strong>\u015eefii de laboratoare a Gr\u0103dinei Botanice Na\u021bionale (Institut) &#8222;Alexandru Ciubotaru&#8221;<\/strong><\/div>\n<div><\/div>\n<div><strong>\u015eef de laborator &#8211; Embriologie \u015fi Biotehnologie: dr.\u00a0<\/strong><u><strong>Nina Ciorchina<\/strong><\/u><\/div>\n<div>tel:+373 (22) 523481, fax:+373 (22) 550443<br \/>\ne-mail:\u00a0ninaciorchina@mail.ru<\/div>\n<div><\/div>\n<div><strong>\u015eef de laborator &#8211; Geobotanic\u0103 \u015fi Silvicultur\u0103: dr. hab.\u00a0<\/strong><u><strong>Gheorghe Postolache<\/strong><\/u><\/div>\n<div>tel:+373 (22) 636653, fax:+373 (22) 281828<br \/>\ne-mail:\u00a0ghpost@mail.ru<\/div>\n<div><\/div>\n<div><strong>\u015eef de laborator &#8211; Flora Spontan\u0103 \u015fi Ierbar: dr.\u00a0<\/strong><u><strong>Ghendov Veceslav<\/strong><\/u><\/div>\n<div>tel:+373 (22) 552204, fax:+373 (22) 550443<br \/>\ne-mail:\u00a0v_ghendov@mail.ru<\/div>\n<div><\/div>\n<div><strong>\u015eef de laborator &#8211;\u00a0Dendrologie: dr.\u00a0<\/strong><u><strong>Vasile Buca\u0163el<\/strong><\/u><br \/>\ntel:+373 (22) 550443, fax:+373 (22) 550443<\/div>\n<div>e-mail:\u00a0<a href=\"mailto:vbucatsel@mail.ru\">vbucatsel@mail.ru<\/a>\n<\/div>\n<div><strong>\u015eef de laborator &#8211; Floricultura: dr.\u00a0<\/strong><u><strong>Tatiana S\u00eerbu<\/strong><\/u><br \/>\ntel:+373 (22) 550443, fax:+373 (22) 550443<br \/>\ne-mail:\u00a0t_sirbu@mail.ru<\/div>\n<div><\/div>\n<div><strong>\u015eef de laborator &#8211; Plante Tropicale: dr.\u00a0<\/strong><u><strong>\u0162\u00eembal\u00ee Valentina<\/strong><\/u><br \/>\ntel:+373 (22) 550443, fax:+373 (22) 550443<br \/>\ne-mail:\u00a0valentina_timbali@rambler.ru<\/div>\n<div><\/div>\n<div><strong>\u015eef de laborator &#8211; Resurse Vegetale: dr.\u00a0<u>\u0162i\u0163ei Victor<\/u><\/strong><br \/>\ntel:+373 (22) 550443, fax:+373 (22) 550443<br \/>\ne-mail:\u00a0vtitei@mail.ru<\/div>\n<div><\/div>\n<div class=\"rteleft\"><strong>\u00a0 \u00a0 \u00a0 \u00a0 \u00a0 \u00a0 \u00a0 \u00a0 \u00a0 \u00a0 \u00a0 \u00a0 \u00a0 \u00a0 \u00a0 \u00a0 \u00a0 \u00a0 \u00a0 \u00a0 \u00a0 \u00a0 \u00a0 \u00a0 \u00a0 \u00a0 \u00a0 \u00a0 \u00a0 \u00a0 \u00a0 \u00a0 Alte servicii ale Gr\u0103dinii Botanice Na\u021bionale (Institut) &#8222;Alexandru Ciubotaru&#8221;<\/strong><\/div>\n<div class=\"rteleft\"><\/div>\n<div><strong>Vice-Director pe probleme generale:\u00a0<u>Vitalie M\u00ee\u0163u<\/u><\/strong><\/div>\n<div>tel:+373 (22) 550443, fax:+373 (22) 550443<\/div>\n<div>e-mail:\u00a0mvitalie79@gmail.com<\/div>\n<div><\/div>\n<div><strong>Cancelaria: \u015fef cancelarie:\u00a0<u>Natalia Munteanu<\/u><\/strong><\/div>\n<div>tel:+373 (22) 550443,\u00a0fax:+373 (22) 550443<\/div>\n<div>e-mail:\u00a0gradinabotanicachisinau@gmail.com<\/div>\n<div><\/div>\n<div><strong>Contabilitate: contabil \u015fef &#8211;\u00a0<\/strong><u><strong>Nina Colesnic<\/strong><\/u><\/div>\n<div>tel:+373 (22) 556494,\u00a0fax:+373 (22) 550443<\/div>\n<div>e-mail:\u00a0luxi63@list.ru<\/div>\n<div><\/div>\n<div><strong>Serviciul personal: jurist, inspector superior cadre &#8211;\u00a0<u>Andrei Gar\u015ftea<\/u><\/strong><\/div>\n<div>tel: +373 (22) 556145,\u00a0fax:+373 (22) 550443<\/div>\n<div>e-mail:\u00a0garstea.andrei@mail.ru<\/div>\n<p><\/p>","protected":false},"excerpt":{"rendered":"<p>\u00a0Administra\u0163ia Gr\u0103dinei Botanice Na\u021bionale (Institut) &#8222;Alexandru Ciubotaru&#8221; Director:\u00a0dr. Ion Ro\u0219ca tel:+373 (22) 550443, fax:+373 (22) 550443 e-mail:\u00a0roscasilva@yahoo.com Vice-Director pe \u015ftiin\u0163\u0103:\u00a0dr. Aliona Miron tel:+373 (22) 556145,\u00a0fax:+373 (22) 550443 e-mail:\u00a0aliona_miron@yahoo.com Vice-Director pe probleme generale:\u00a0Vitalie M\u00ee\u0163u tel:+373 (22) 550443, fax:+373 (22) 550443 e-mail:\u00a0mvitalie79@gmail.com Secretar \u015ftiin\u0163ific:\u00a0dr.\u00a0Cutcovschi-Mu\u015ftuc Alina tel:+373 (22) 559136,\u00a0fax:+373 (22) 550443 e-mail:\u00a0alinacutcovschi@mail.ru \u00a0 \u00a0 \u00a0 \u00a0 \u00a0 \u00a0&hellip; <br \/> <a class=\"read-more\" href=\"https:\/\/gbni.usm.md\/?page_id=826\">Cite\u0219te mai mult<\/a><\/p>\n","protected":false},"author":1,"featured_media":0,"parent":0,"menu_order":0,"comment_status":"closed","ping_status":"closed","template":"","meta":{"footnotes":""},"class_list":["post-826","page","type-page","status-publish","hentry"],"rttpg_featured_image_url":null,"rttpg_author":{"display_name":"","author_link":"https:\/\/gbni.usm.md\/?author=1"},"rttpg_comment":0,"rttpg_category":null,"rttpg_excerpt":"\u00a0Administra\u0163ia Gr\u0103dinei Botanice Na\u021bionale (Institut) &#8222;Alexandru Ciubotaru&#8221; Director:\u00a0dr. Ion Ro\u0219ca tel:+373 (22) 550443, fax:+373 (22) 550443 e-mail:\u00a0roscasilva@yahoo.com Vice-Director pe \u015ftiin\u0163\u0103:\u00a0dr. Aliona Miron tel:+373 (22) 556145,\u00a0fax:+373 (22) 550443 e-mail:\u00a0aliona_miron@yahoo.com Vice-Director pe probleme generale:\u00a0Vitalie M\u00ee\u0163u tel:+373 (22) 550443, fax:+373 (22) 550443 e-mail:\u00a0mvitalie79@gmail.com Secretar \u015ftiin\u0163ific:\u00a0dr.\u00a0Cutcovschi-Mu\u015ftuc Alina tel:+373 (22) 559136,\u00a0fax:+373 (22) 550443 e-mail:\u00a0alinacutcovschi@mail.ru \u00a0 \u00a0 \u00a0 \u00a0 \u00a0 \u00a0&hellip;&hellip;","_links":{"self":[{"href":"https:\/\/gbni.usm.md\/index.php?rest_route=\/wp\/v2\/pages\/826","targetHints":{"allow":["GET"]}}],"collection":[{"href":"https:\/\/gbni.usm.md\/index.php?rest_route=\/wp\/v2\/pages"}],"about":[{"href":"https:\/\/gbni.usm.md\/index.php?rest_route=\/wp\/v2\/types\/page"}],"author":[{"embeddable":true,"href":"https:\/\/gbni.usm.md\/index.php?rest_route=\/wp\/v2\/users\/1"}],"replies":[{"embeddable":true,"href":"https:\/\/gbni.usm.md\/index.php?rest_route=%2Fwp%2Fv2%2Fcomments&post=826"}],"version-history":[{"count":1,"href":"https:\/\/gbni.usm.md\/index.php?rest_route=\/wp\/v2\/pages\/826\/revisions"}],"predecessor-version":[{"id":827,"href":"https:\/\/gbni.usm.md\/index.php?rest_route=\/wp\/v2\/pages\/826\/revisions\/827"}],"wp:attachment":[{"href":"https:\/\/gbni.usm.md\/index.php?rest_route=%2Fwp%2Fv2%2Fmedia&parent=826"}],"curies":[{"name":"wp","href":"https:\/\/api.w.org\/{rel}","templated":true}]}}