{"id":925,"date":"2023-05-10T12:28:36","date_gmt":"2023-05-10T09:28:36","guid":{"rendered":"https:\/\/gbni.usm.md\/?page_id=925"},"modified":"2023-05-10T12:28:58","modified_gmt":"2023-05-10T09:28:58","slug":"rapoarte","status":"publish","type":"page","link":"https:\/\/gbni.usm.md\/?page_id=925","title":{"rendered":"Rapoarte"},"content":{"rendered":"<ul>\n<li><a href=\"https:\/\/gbni.usm.md\/wp-content\/uploads\/2023\/05\/Raport-GBI-2011.pdf\"><strong>RAPORT\u00a0PRIVIND ACTIVITATEA \u015eTIIN\u0162IFIC\u0102 \u015eI INOVA\u0162IONAL\u0102 \u00een anul 2011<\/strong><\/a><\/li>\n<li><a href=\"https:\/\/gbni.usm.md\/wp-content\/uploads\/2023\/05\/RAPORT_GBI_2012_0.pdf\"><strong>RAPORT PRIVIND ACTIVITATEA \u015eTIIN\u0162IFIC\u0102 \u015eI INOVA\u0162IONAL\u0102 \u00een anul 2012<\/strong><\/a><\/li>\n<li><a href=\"https:\/\/gbni.usm.md\/wp-content\/uploads\/2023\/05\/RAPORT_GBI_2013_0.pdf\"><strong>RAPORT PRIVIND ACTIVITATEA \u015eTIIN\u0162IFIC\u0102 \u015eI INOVA\u0162IONAL\u0102 \u00een anul 2013<\/strong><\/a><\/li>\n<li><strong><a href=\"https:\/\/gbni.usm.md\/wp-content\/uploads\/2023\/05\/RAPORT-2011-2014-pentru-pagina-WEB.pdf\">RAPORT PRIVIND ACTIVITATEA \u015eTIIN\u0162IFIC\u0102 \u015eI INOVA\u0162IONAL\u0102 \u00een anul 2014 \u015fi \u00een perioada 2011-2014<\/a><br \/>\n<\/strong><\/li>\n<li><a href=\"https:\/\/gbni.usm.md\/wp-content\/uploads\/2023\/05\/GBI-ASM-22.01.20151.pdf\"><strong>RAPORT PRIVIND ACTIVITATEA \u015eTIIN\u0162IFIC\u0102 \u015eI INOVA\u0162IONAL\u0102 \u00een anul 2015<\/strong><\/a><\/li>\n<li><a href=\"https:\/\/gbni.usm.md\/wp-content\/uploads\/2023\/05\/GBI-ASM-01-07-2016.pdf\"><strong>RAPORT PRIVIND ACTIVITATEA \u015eTIIN\u0162IFIC\u0102 \u0218I INOVA\u021aIONAL\u0102 A GR\u0102DINII BOTANICE (INSTITUT) A A\u015eM \u00ceN I SIMESTRU AL ANULUI 2016<\/strong><\/a><\/li>\n<li><a href=\"https:\/\/gbni.usm.md\/wp-content\/uploads\/2023\/05\/GBI-ASM-26-01-2017.pdf\"><strong>RAPORT PRIVIND ACTIVITATEA \u015eTIIN\u0162IFIC\u0102 \u015eI INOVA\u0162IONAL\u0102 \u00een anul 2016<\/strong><\/a><\/li>\n<li><a href=\"https:\/\/gbni.usm.md\/wp-content\/uploads\/2023\/05\/RAPORT-PRIVIND-ACTIVITATEA-STIINTIFICA-SI-INOVATIONALA-in-anul-2017.pdf\"><strong>RAPORT PRIVIND ACTIVITATEA \u0218TIIN\u021aIFIC\u0102 \u0218I INOVA\u021aIONAL\u0102 \u00een anul 2017<\/strong><\/a><\/li>\n<li><strong>RAPORT PRIVIND ACTIVITATEA \u0218TIIN\u021aIFIC\u0102 \u0218I INOVA\u021aIONAL\u0102 \u00een anul 2018<\/strong><\/li>\n<li><strong>RAPORT PRIVIND ACTIVITATEA \u0218TIIN\u021aIFIC\u0102 \u0218I INOVA\u021aIONAL\u0102 \u00een anul 2020<\/strong><\/li>\n<\/ul>\n","protected":false},"excerpt":{"rendered":"<p>RAPORT\u00a0PRIVIND ACTIVITATEA \u015eTIIN\u0162IFIC\u0102 \u015eI INOVA\u0162IONAL\u0102 \u00een anul 2011 RAPORT PRIVIND ACTIVITATEA \u015eTIIN\u0162IFIC\u0102 \u015eI INOVA\u0162IONAL\u0102 \u00een anul 2012 RAPORT PRIVIND ACTIVITATEA \u015eTIIN\u0162IFIC\u0102 \u015eI INOVA\u0162IONAL\u0102 \u00een anul 2013 RAPORT PRIVIND ACTIVITATEA \u015eTIIN\u0162IFIC\u0102 \u015eI INOVA\u0162IONAL\u0102 \u00een anul 2014 \u015fi \u00een perioada 2011-2014 RAPORT PRIVIND ACTIVITATEA \u015eTIIN\u0162IFIC\u0102 \u015eI INOVA\u0162IONAL\u0102 \u00een anul 2015 RAPORT PRIVIND ACTIVITATEA \u015eTIIN\u0162IFIC\u0102 \u0218I INOVA\u021aIONAL\u0102 A&hellip; <br \/> <a class=\"read-more\" href=\"https:\/\/gbni.usm.md\/?page_id=925\">Cite\u0219te mai mult<\/a><\/p>\n","protected":false},"author":1,"featured_media":0,"parent":0,"menu_order":0,"comment_status":"closed","ping_status":"closed","template":"","meta":{"footnotes":""},"class_list":["post-925","page","type-page","status-publish","hentry"],"rttpg_featured_image_url":null,"rttpg_author":{"display_name":"","author_link":"https:\/\/gbni.usm.md\/?author=1"},"rttpg_comment":0,"rttpg_category":null,"rttpg_excerpt":"RAPORT\u00a0PRIVIND ACTIVITATEA \u015eTIIN\u0162IFIC\u0102 \u015eI INOVA\u0162IONAL\u0102 \u00een anul 2011 RAPORT PRIVIND ACTIVITATEA \u015eTIIN\u0162IFIC\u0102 \u015eI INOVA\u0162IONAL\u0102 \u00een anul 2012 RAPORT PRIVIND ACTIVITATEA \u015eTIIN\u0162IFIC\u0102 \u015eI INOVA\u0162IONAL\u0102 \u00een anul 2013 RAPORT PRIVIND ACTIVITATEA \u015eTIIN\u0162IFIC\u0102 \u015eI INOVA\u0162IONAL\u0102 \u00een anul 2014 \u015fi \u00een perioada 2011-2014 RAPORT PRIVIND ACTIVITATEA \u015eTIIN\u0162IFIC\u0102 \u015eI INOVA\u0162IONAL\u0102 \u00een anul 2015 RAPORT PRIVIND ACTIVITATEA \u015eTIIN\u0162IFIC\u0102 \u0218I INOVA\u021aIONAL\u0102 A&hellip;&hellip;","_links":{"self":[{"href":"https:\/\/gbni.usm.md\/index.php?rest_route=\/wp\/v2\/pages\/925","targetHints":{"allow":["GET"]}}],"collection":[{"href":"https:\/\/gbni.usm.md\/index.php?rest_route=\/wp\/v2\/pages"}],"about":[{"href":"https:\/\/gbni.usm.md\/index.php?rest_route=\/wp\/v2\/types\/page"}],"author":[{"embeddable":true,"href":"https:\/\/gbni.usm.md\/index.php?rest_route=\/wp\/v2\/users\/1"}],"replies":[{"embeddable":true,"href":"https:\/\/gbni.usm.md\/index.php?rest_route=%2Fwp%2Fv2%2Fcomments&post=925"}],"version-history":[{"count":2,"href":"https:\/\/gbni.usm.md\/index.php?rest_route=\/wp\/v2\/pages\/925\/revisions"}],"predecessor-version":[{"id":935,"href":"https:\/\/gbni.usm.md\/index.php?rest_route=\/wp\/v2\/pages\/925\/revisions\/935"}],"wp:attachment":[{"href":"https:\/\/gbni.usm.md\/index.php?rest_route=%2Fwp%2Fv2%2Fmedia&parent=925"}],"curies":[{"name":"wp","href":"https:\/\/api.w.org\/{rel}","templated":true}]}}