{"id":942,"date":"2023-05-10T12:32:39","date_gmt":"2023-05-10T09:32:39","guid":{"rendered":"https:\/\/gbni.usm.md\/?page_id=942"},"modified":"2023-05-10T15:41:44","modified_gmt":"2023-05-10T12:41:44","slug":"strategia-nationala-de-cercetare-dezvoltare-si-inovare-2014-2020","status":"publish","type":"page","link":"https:\/\/gbni.usm.md\/?page_id=942","title":{"rendered":"Strategia na\u0163ional\u0103 de cercetare, dezvoltare \u015fi inovare 2014 &#8211; 2020"},"content":{"rendered":"<ul>\n<li><a href=\"https:\/\/gbni.usm.md\/wp-content\/uploads\/2023\/05\/Hor-Guv-RM-nr.-920.-din-07.11.2014.pdf\"><strong>Government decision no. 920 from 07.11.2014, concerning the approval of the Strategy for Research-Development of the Republic of Moldova until 2020<\/strong><\/a><\/li>\n<li><a href=\"https:\/\/gbni.usm.md\/wp-content\/uploads\/2023\/05\/anexa-1_920.pdf\"><strong> Annex no. 1 to the Government Decision no. 920 from November 7, 2014<\/strong><\/a><\/li>\n<li><a href=\"https:\/\/gbni.usm.md\/wp-content\/uploads\/2023\/05\/anexa-2_920.pdf\"><strong>Annex no. 2 to the Government Decision no. 920 from November 7, 2014<\/strong><\/a><\/li>\n<li><strong><a href=\"https:\/\/gbni.usm.md\/wp-content\/uploads\/2023\/05\/strategia-cdi-2020.pdf\">National Strategy for Research, Development and Innovation 2014-2020<\/a><br \/>\n<\/strong><\/li>\n<\/ul>\n<p>source:\u00a0<a href=\"http:\/\/lex.justice.md\/index.php?action=view&amp;view=doc&amp;lang=1&amp;id=356042\">http:\/\/lex.justice.md\/index.php?action=view&amp;view=doc&amp;lang=1&amp;id=356042<\/a><\/p>\n","protected":false},"excerpt":{"rendered":"<p>Government decision no. 920 from 07.11.2014, concerning the approval of the Strategy for Research-Development of the Republic of Moldova until 2020 Annex no. 1 to the Government Decision no. 920 from November 7, 2014 Annex no. 2 to the Government Decision no. 920 from November 7, 2014 National Strategy for Research, Development and Innovation 2014-2020&hellip; <br \/> <a class=\"read-more\" href=\"https:\/\/gbni.usm.md\/?page_id=942\">Cite\u0219te mai mult<\/a><\/p>\n","protected":false},"author":1,"featured_media":0,"parent":0,"menu_order":0,"comment_status":"closed","ping_status":"closed","template":"","meta":{"footnotes":""},"class_list":["post-942","page","type-page","status-publish","hentry"],"rttpg_featured_image_url":null,"rttpg_author":{"display_name":"","author_link":"https:\/\/gbni.usm.md\/?author=1"},"rttpg_comment":0,"rttpg_category":null,"rttpg_excerpt":"Government decision no. 920 from 07.11.2014, concerning the approval of the Strategy for Research-Development of the Republic of Moldova until 2020 Annex no. 1 to the Government Decision no. 920 from November 7, 2014 Annex no. 2 to the Government Decision no. 920 from November 7, 2014 National Strategy for Research, Development and Innovation 2014-2020&hellip;&hellip;","_links":{"self":[{"href":"https:\/\/gbni.usm.md\/index.php?rest_route=\/wp\/v2\/pages\/942","targetHints":{"allow":["GET"]}}],"collection":[{"href":"https:\/\/gbni.usm.md\/index.php?rest_route=\/wp\/v2\/pages"}],"about":[{"href":"https:\/\/gbni.usm.md\/index.php?rest_route=\/wp\/v2\/types\/page"}],"author":[{"embeddable":true,"href":"https:\/\/gbni.usm.md\/index.php?rest_route=\/wp\/v2\/users\/1"}],"replies":[{"embeddable":true,"href":"https:\/\/gbni.usm.md\/index.php?rest_route=%2Fwp%2Fv2%2Fcomments&post=942"}],"version-history":[{"count":3,"href":"https:\/\/gbni.usm.md\/index.php?rest_route=\/wp\/v2\/pages\/942\/revisions"}],"predecessor-version":[{"id":952,"href":"https:\/\/gbni.usm.md\/index.php?rest_route=\/wp\/v2\/pages\/942\/revisions\/952"}],"wp:attachment":[{"href":"https:\/\/gbni.usm.md\/index.php?rest_route=%2Fwp%2Fv2%2Fmedia&parent=942"}],"curies":[{"name":"wp","href":"https:\/\/api.w.org\/{rel}","templated":true}]}}