{"id":946,"date":"2023-05-10T12:44:28","date_gmt":"2023-05-10T09:44:28","guid":{"rendered":"https:\/\/gbni.usm.md\/?page_id=946"},"modified":"2023-05-10T12:44:45","modified_gmt":"2023-05-10T09:44:45","slug":"strategia-nationala-de-cercetare-dezvoltare-si-inovare-2020-2023","status":"publish","type":"page","link":"https:\/\/gbni.usm.md\/?page_id=946","title":{"rendered":"Strategia na\u0163ional\u0103 de cercetare, dezvoltare \u015fi inovare 2020 &#8211; 2023"},"content":{"rendered":"<p><\/p>\n<div class=\"content clear-block\">\n<p><a href=\"https:\/\/gbni.usm.md\/wp-content\/uploads\/2023\/05\/APNCI-Monitor-381.pdf\">Hot\u0103r\u00eerea Guvernului Nr. 381 din 01.08.2019 cu privire la aprobarea Programului na\u021bional \u00een domeniile cercet\u0103rii \u0219i inov\u0103rii a Republicii Moldova pentru anii 2020-2023 \u0219i a Planului de ac\u021biuni privind implimentarea acestuia<\/a><\/p>\n<p><a href=\"https:\/\/gbni.usm.md\/wp-content\/uploads\/2023\/05\/APNCI-Metodologie-Finantare-Monitor-382.pdf\"> Hot\u0103r\u00eerea Guvernului Nr. 382 din 01.08.2019 cu privire la aprobarea Metodologiei de finan\u021bare a proiecteror din domeniire cerceierii \u0219i inovarii a Republicii Moldova p\u00een\u0103 \u00een 2023<\/a><\/p>\n<\/div>\n<p><\/p>\n<p><\/p>\n<p><\/p>","protected":false},"excerpt":{"rendered":"<p>Hot\u0103r\u00eerea Guvernului Nr. 381 din 01.08.2019 cu privire la aprobarea Programului na\u021bional \u00een domeniile cercet\u0103rii \u0219i inov\u0103rii a Republicii Moldova pentru anii 2020-2023 \u0219i a Planului de ac\u021biuni privind implimentarea acestuia Hot\u0103r\u00eerea Guvernului Nr. 382 din 01.08.2019 cu privire la aprobarea Metodologiei de finan\u021bare a proiecteror din domeniire cerceierii \u0219i inovarii a Republicii Moldova p\u00een\u0103&hellip; <br \/> <a class=\"read-more\" href=\"https:\/\/gbni.usm.md\/?page_id=946\">Cite\u0219te mai mult<\/a><\/p>\n","protected":false},"author":1,"featured_media":0,"parent":0,"menu_order":0,"comment_status":"closed","ping_status":"closed","template":"","meta":{"footnotes":""},"class_list":["post-946","page","type-page","status-publish","hentry"],"rttpg_featured_image_url":null,"rttpg_author":{"display_name":"","author_link":"https:\/\/gbni.usm.md\/?author=1"},"rttpg_comment":0,"rttpg_category":null,"rttpg_excerpt":"Hot\u0103r\u00eerea Guvernului Nr. 381 din 01.08.2019 cu privire la aprobarea Programului na\u021bional \u00een domeniile cercet\u0103rii \u0219i inov\u0103rii a Republicii Moldova pentru anii 2020-2023 \u0219i a Planului de ac\u021biuni privind implimentarea acestuia Hot\u0103r\u00eerea Guvernului Nr. 382 din 01.08.2019 cu privire la aprobarea Metodologiei de finan\u021bare a proiecteror din domeniire cerceierii \u0219i inovarii a Republicii Moldova p\u00een\u0103&hellip;&hellip;","_links":{"self":[{"href":"https:\/\/gbni.usm.md\/index.php?rest_route=\/wp\/v2\/pages\/946","targetHints":{"allow":["GET"]}}],"collection":[{"href":"https:\/\/gbni.usm.md\/index.php?rest_route=\/wp\/v2\/pages"}],"about":[{"href":"https:\/\/gbni.usm.md\/index.php?rest_route=\/wp\/v2\/types\/page"}],"author":[{"embeddable":true,"href":"https:\/\/gbni.usm.md\/index.php?rest_route=\/wp\/v2\/users\/1"}],"replies":[{"embeddable":true,"href":"https:\/\/gbni.usm.md\/index.php?rest_route=%2Fwp%2Fv2%2Fcomments&post=946"}],"version-history":[{"count":2,"href":"https:\/\/gbni.usm.md\/index.php?rest_route=\/wp\/v2\/pages\/946\/revisions"}],"predecessor-version":[{"id":950,"href":"https:\/\/gbni.usm.md\/index.php?rest_route=\/wp\/v2\/pages\/946\/revisions\/950"}],"wp:attachment":[{"href":"https:\/\/gbni.usm.md\/index.php?rest_route=%2Fwp%2Fv2%2Fmedia&parent=946"}],"curies":[{"name":"wp","href":"https:\/\/api.w.org\/{rel}","templated":true}]}}