{"id":963,"date":"2023-05-10T15:55:37","date_gmt":"2023-05-10T12:55:37","guid":{"rendered":"https:\/\/gbni.usm.md\/?page_id=963"},"modified":"2023-05-10T15:55:37","modified_gmt":"2023-05-10T12:55:37","slug":"politica-editoriala-a-revistei-journal-of-botany","status":"publish","type":"page","link":"https:\/\/gbni.usm.md\/?page_id=963","title":{"rendered":"Politica editorial\u0103 a revistei \u201eJournal of Botany\u201d"},"content":{"rendered":"<div class=\"container\">\n<div class=\"content-block\">\n<div class=\"content-inner\">\n<div class=\"two-cols\">\n<div id=\"node-529\" class=\"node\">\n<div class=\"content clear-block\">\n<p style=\"text-align: left;\"><strong>Revista \u201eJournal of Botany\u201d are statut de publica\u0163ie \u015ftiin\u0163ific\u0103 de profil, recenzat\u0103, cu acces deschis. Revista este acreditat\u0103 la categoria \u201eC\u201d<\/strong>\u00a0prin\u00a0<a href=\"http:\/\/www.cnaa.md\/i\/news\/2018\/09012018\/hotarire_21.12.2017.pdf\" target=\"_blank\" rel=\"noopener\">Decizia ANACEC nr.169 din 21.12.2017<\/a>.<\/p>\n<p style=\"text-align: left;\">Politica editorial\u0103 a revistei \u00ee\u0219i propune s\u0103 pun\u0103 \u00een circuitul \u0219tiin\u021bific rezultatele cercet\u0103rilor \u00een domeniile botanicii fundamentale \u0219i aplicative, ecologie \u0219i conservare a diversit\u0103\u021bii plantelor prin publicarea \u00een limbile rom\u00e2n\u0103 \u0219i englez\u0103 a articolelor \u0219tiin\u021bifice care nu au fost publicate anterior \u0219i care prezint\u0103 rezultate \u0219tiin\u021bifice semnificative, astfel contribuind la promovarea cercet\u0103rilor \u0219tiin\u021bifice \u00een domeniul diversit\u0103\u021bii vegetale.<\/p>\n<p style=\"text-align: left;\">Revista \u201dJournal of Botany\u201d este o publica\u021bie \u0219tiin\u021bific\u0103 periodic\u0103, ISSN 1857-2367, e-ISSN 2587-3814, fondat\u0103 \u00een anul 2005 de c\u0103tre Gr\u0103dina Botanic\u0103 Na\u021bional\u0103 (Institut) \u201eAlexandru Ciubotaru\u201d \u0219i public\u0103: Articole de cercetare; Comunic\u0103ri scurte; Cronic\u0103 \u0219tiin\u021bific\u0103. Revista este indexat\u0103 \u00een baza de date interna\u021bional\u0103 VINITI.<\/p>\n<p style=\"text-align: left;\"><strong>Domeniul \u0219tiin\u021bific al revistei \u2013 \u0218tiin\u021be biologice<\/strong><\/p>\n<p style=\"text-align: left;\">Subiectele discutate de revist\u0103:<br \/>\n\u2022 Diversitatea structural\u0103 \u0219i func\u021bional\u0103 a organismelor vegetale<br \/>\n\u2022 Conservarea diversit\u0103\u021bii plantelor<br \/>\n\u2022 Introducerea plantelor \u0219i utilizarea durabil\u0103 a resurselor vegetale<br \/>\n\u2022 Arhitectur\u0103 peisajer\u0103 \u0219i protec\u021bia mediului<\/p>\n<p style=\"text-align: left;\"><strong>Strategiile de baz\u0103 ale Politicii Editoriale:<\/strong><\/p>\n<p style=\"text-align: left;\">1. Publicarea revistei \u201dJournal of Botany\u201d \u00een baze de date na\u0163ionale \u015fi interna\u0163ionale.<\/p>\n<p style=\"text-align: left;\">2. Adoptarea unui proces de peer review (recenzare) eficient pentru a asigura calitatea publica\u0163iilor \u015ftiin\u0163ifice prin implicarea \u00een dezvoltarea revistei a savan\u021bilor din str\u0103in\u0103tate \u00een componen\u021ba colegiului de redac\u021bie.<\/p>\n<p style=\"text-align: left;\">3. Abordarea subiectelor din domeniul diversit\u0103\u021bii vegetale din \u021bar\u0103 \u0219i de peste hotare, cu nivel \u015ftiin\u0163ific \u00eenalt \u0219i caracter original, \u00eendeplinind standardele publica\u021biilor \u0219tiin\u021bifice.<\/p>\n<p style=\"text-align: left;\">4. Politica Accesului Deschis prevede permisiunea acordat\u0103 de c\u0103tre autori pentru distribuirea \u00een Acces deschis a articolelor publicate, cu condi\u0163ia c\u0103 acestea nu vor fi utilizate cu scopul de a ob\u0163ine profit. Obiectivul principal al Politicii Accesului Deschis este promovarea accesului liber la publica\u021biile \u0219tiin\u021bifice elaborate \u00een baza rezultatelor cercet\u0103rilor finan\u021bate din fonduri publice.<\/p>\n<p style=\"text-align: left;\">5. Articolele \u00een revist\u0103 sunt publicate sub\u00a0<a href=\"https:\/\/creativecommons.org\/licenses\/by\/4.0\/\" target=\"_blank\" rel=\"noopener\">Licen\u021ba Creative Commons CC BY 4.0.<\/a><\/p>\n<p style=\"text-align: left;\"><strong>Desc\u0103rca\u021bi\u00a0<\/strong><a href=\"https:\/\/gbni.usm.md\/wp-content\/uploads\/2023\/05\/Politica_editoriala_Revista_Botanica.pdf\"><strong>Politica editorial\u0103 a revistei &#8222;Revista Botanic\u0103&#8221; \u00een format .pdf\u00a0<\/strong><\/a><\/p>\n<\/div>\n<\/div>\n<\/div>\n<\/div>\n<\/div>\n<\/div>\n","protected":false},"excerpt":{"rendered":"<p>Revista \u201eJournal of Botany\u201d are statut de publica\u0163ie \u015ftiin\u0163ific\u0103 de profil, recenzat\u0103, cu acces deschis. Revista este acreditat\u0103 la categoria \u201eC\u201d\u00a0prin\u00a0Decizia ANACEC nr.169 din 21.12.2017. Politica editorial\u0103 a revistei \u00ee\u0219i propune s\u0103 pun\u0103 \u00een circuitul \u0219tiin\u021bific rezultatele cercet\u0103rilor \u00een domeniile botanicii fundamentale \u0219i aplicative, ecologie \u0219i conservare a diversit\u0103\u021bii plantelor prin publicarea \u00een limbile rom\u00e2n\u0103&hellip; <br \/> <a class=\"read-more\" href=\"https:\/\/gbni.usm.md\/?page_id=963\">Cite\u0219te mai mult<\/a><\/p>\n","protected":false},"author":1,"featured_media":0,"parent":0,"menu_order":0,"comment_status":"closed","ping_status":"closed","template":"","meta":{"footnotes":""},"class_list":["post-963","page","type-page","status-publish","hentry"],"rttpg_featured_image_url":null,"rttpg_author":{"display_name":"","author_link":"https:\/\/gbni.usm.md\/?author=1"},"rttpg_comment":0,"rttpg_category":null,"rttpg_excerpt":"Revista \u201eJournal of Botany\u201d are statut de publica\u0163ie \u015ftiin\u0163ific\u0103 de profil, recenzat\u0103, cu acces deschis. Revista este acreditat\u0103 la categoria \u201eC\u201d\u00a0prin\u00a0Decizia ANACEC nr.169 din 21.12.2017. Politica editorial\u0103 a revistei \u00ee\u0219i propune s\u0103 pun\u0103 \u00een circuitul \u0219tiin\u021bific rezultatele cercet\u0103rilor \u00een domeniile botanicii fundamentale \u0219i aplicative, ecologie \u0219i conservare a diversit\u0103\u021bii plantelor prin publicarea \u00een limbile rom\u00e2n\u0103&hellip;&hellip;","_links":{"self":[{"href":"https:\/\/gbni.usm.md\/index.php?rest_route=\/wp\/v2\/pages\/963","targetHints":{"allow":["GET"]}}],"collection":[{"href":"https:\/\/gbni.usm.md\/index.php?rest_route=\/wp\/v2\/pages"}],"about":[{"href":"https:\/\/gbni.usm.md\/index.php?rest_route=\/wp\/v2\/types\/page"}],"author":[{"embeddable":true,"href":"https:\/\/gbni.usm.md\/index.php?rest_route=\/wp\/v2\/users\/1"}],"replies":[{"embeddable":true,"href":"https:\/\/gbni.usm.md\/index.php?rest_route=%2Fwp%2Fv2%2Fcomments&post=963"}],"version-history":[{"count":1,"href":"https:\/\/gbni.usm.md\/index.php?rest_route=\/wp\/v2\/pages\/963\/revisions"}],"predecessor-version":[{"id":965,"href":"https:\/\/gbni.usm.md\/index.php?rest_route=\/wp\/v2\/pages\/963\/revisions\/965"}],"wp:attachment":[{"href":"https:\/\/gbni.usm.md\/index.php?rest_route=%2Fwp%2Fv2%2Fmedia&parent=963"}],"curies":[{"name":"wp","href":"https:\/\/api.w.org\/{rel}","templated":true}]}}